{"id":3109,"date":"2021-06-08T06:49:45","date_gmt":"2021-06-08T04:49:45","guid":{"rendered":"https:\/\/soventol.de?page_id=9"},"modified":"2023-10-27T12:02:29","modified_gmt":"2023-10-27T10:02:29","slug":"startseite","status":"publish","type":"page","link":"https:\/\/www.meditonsin.de\/at\/","title":{"rendered":"Startseite &#8211; AT"},"content":{"rendered":"","protected":false},"excerpt":{"rendered":"","protected":false},"author":1,"featured_media":0,"parent":0,"menu_order":0,"comment_status":"closed","ping_status":"closed","template":"template-at-index.php","meta":{"footnotes":""},"class_list":["post-3109","page","type-page","status-publish","hentry"],"yoast_head":"<!-- This site is optimized with the Yoast SEO plugin v26.3 - https:\/\/yoast.com\/wordpress\/plugins\/seo\/ -->\n<title>Meditonsin bei Erk\u00e4ltung<\/title>\n<meta name=\"description\" content=\"Alles rund um das Thema Erk\u00e4ltung und unseren passenden Meditonsin Produkten. Jetzt Abwehr- und Selbstheilungskr\u00e4fte mit Meditonsin st\u00e4rken!\" \/>\n<meta name=\"robots\" content=\"index, follow, max-snippet:-1, max-image-preview:large, max-video-preview:-1\" \/>\n<link rel=\"canonical\" href=\"https:\/\/www.meditonsin.de\/at\/\" \/>\n<meta property=\"og:locale\" content=\"de_DE\" \/>\n<meta property=\"og:type\" content=\"article\" \/>\n<meta property=\"og:title\" content=\"Meditonsin bei Erk\u00e4ltung\" \/>\n<meta property=\"og:description\" content=\"Alles rund um das Thema Erk\u00e4ltung und unseren passenden Meditonsin Produkten. Jetzt Abwehr- und Selbstheilungskr\u00e4fte mit Meditonsin st\u00e4rken!\" \/>\n<meta property=\"og:url\" content=\"https:\/\/www.meditonsin.de\/at\/\" \/>\n<meta property=\"og:site_name\" content=\"Meditonsin bei Erk\u00e4ltung\" \/>\n<meta property=\"article:modified_time\" content=\"2023-10-27T10:02:29+00:00\" \/>\n<meta name=\"twitter:card\" content=\"summary_large_image\" \/>\n<script type=\"application\/ld+json\" class=\"yoast-schema-graph\">{\"@context\":\"https:\/\/schema.org\",\"@graph\":[{\"@type\":\"WebPage\",\"@id\":\"https:\/\/www.meditonsin.de\/at\/\",\"url\":\"https:\/\/www.meditonsin.de\/at\/\",\"name\":\"Meditonsin bei Erk\u00e4ltung\",\"isPartOf\":{\"@id\":\"https:\/\/www.meditonsin.de\/at\/#website\"},\"datePublished\":\"2021-06-08T04:49:45+00:00\",\"dateModified\":\"2023-10-27T10:02:29+00:00\",\"description\":\"Alles rund um das Thema Erk\u00e4ltung und unseren passenden Meditonsin Produkten. Jetzt Abwehr- und Selbstheilungskr\u00e4fte mit Meditonsin st\u00e4rken!\",\"breadcrumb\":{\"@id\":\"https:\/\/www.meditonsin.de\/at\/#breadcrumb\"},\"inLanguage\":\"de-AT\",\"potentialAction\":[{\"@type\":\"ReadAction\",\"target\":[\"https:\/\/www.meditonsin.de\/at\/\"]}]},{\"@type\":\"BreadcrumbList\",\"@id\":\"https:\/\/www.meditonsin.de\/at\/#breadcrumb\",\"itemListElement\":[{\"@type\":\"ListItem\",\"position\":1,\"name\":\"Startseite\",\"item\":\"https:\/\/www.meditonsin.de\/at\/\"},{\"@type\":\"ListItem\",\"position\":2,\"name\":\"Startseite &#8211; AT\"}]},{\"@type\":\"WebSite\",\"@id\":\"https:\/\/www.meditonsin.de\/at\/#website\",\"url\":\"https:\/\/www.meditonsin.de\/at\/\",\"name\":\"Meditonsin bei Erk\u00e4ltung\",\"description\":\"\",\"potentialAction\":[{\"@type\":\"SearchAction\",\"target\":{\"@type\":\"EntryPoint\",\"urlTemplate\":\"https:\/\/www.meditonsin.de\/at\/?s={search_term_string}\"},\"query-input\":{\"@type\":\"PropertyValueSpecification\",\"valueRequired\":true,\"valueName\":\"search_term_string\"}}],\"inLanguage\":\"de-AT\"}]}<\/script>\n<!-- \/ Yoast SEO plugin. -->","yoast_head_json":{"title":"Meditonsin bei Erk\u00e4ltung","description":"Alles rund um das Thema Erk\u00e4ltung und unseren passenden Meditonsin Produkten. Jetzt Abwehr- und Selbstheilungskr\u00e4fte mit Meditonsin st\u00e4rken!","robots":{"index":"index","follow":"follow","max-snippet":"max-snippet:-1","max-image-preview":"max-image-preview:large","max-video-preview":"max-video-preview:-1"},"canonical":"https:\/\/www.meditonsin.de\/at\/","og_locale":"de_DE","og_type":"article","og_title":"Meditonsin bei Erk\u00e4ltung","og_description":"Alles rund um das Thema Erk\u00e4ltung und unseren passenden Meditonsin Produkten. Jetzt Abwehr- und Selbstheilungskr\u00e4fte mit Meditonsin st\u00e4rken!","og_url":"https:\/\/www.meditonsin.de\/at\/","og_site_name":"Meditonsin bei Erk\u00e4ltung","article_modified_time":"2023-10-27T10:02:29+00:00","twitter_card":"summary_large_image","schema":{"@context":"https:\/\/schema.org","@graph":[{"@type":"WebPage","@id":"https:\/\/www.meditonsin.de\/at\/","url":"https:\/\/www.meditonsin.de\/at\/","name":"Meditonsin bei Erk\u00e4ltung","isPartOf":{"@id":"https:\/\/www.meditonsin.de\/at\/#website"},"datePublished":"2021-06-08T04:49:45+00:00","dateModified":"2023-10-27T10:02:29+00:00","description":"Alles rund um das Thema Erk\u00e4ltung und unseren passenden Meditonsin Produkten. Jetzt Abwehr- und Selbstheilungskr\u00e4fte mit Meditonsin st\u00e4rken!","breadcrumb":{"@id":"https:\/\/www.meditonsin.de\/at\/#breadcrumb"},"inLanguage":"de-AT","potentialAction":[{"@type":"ReadAction","target":["https:\/\/www.meditonsin.de\/at\/"]}]},{"@type":"BreadcrumbList","@id":"https:\/\/www.meditonsin.de\/at\/#breadcrumb","itemListElement":[{"@type":"ListItem","position":1,"name":"Startseite","item":"https:\/\/www.meditonsin.de\/at\/"},{"@type":"ListItem","position":2,"name":"Startseite &#8211; AT"}]},{"@type":"WebSite","@id":"https:\/\/www.meditonsin.de\/at\/#website","url":"https:\/\/www.meditonsin.de\/at\/","name":"Meditonsin bei Erk\u00e4ltung","description":"","potentialAction":[{"@type":"SearchAction","target":{"@type":"EntryPoint","urlTemplate":"https:\/\/www.meditonsin.de\/at\/?s={search_term_string}"},"query-input":{"@type":"PropertyValueSpecification","valueRequired":true,"valueName":"search_term_string"}}],"inLanguage":"de-AT"}]}},"lang":"at","translations":{"at":3109},"pll_sync_post":[],"_links":{"self":[{"href":"https:\/\/www.meditonsin.de\/at\/wp-json\/wp\/v2\/pages\/3109","targetHints":{"allow":["GET"]}}],"collection":[{"href":"https:\/\/www.meditonsin.de\/at\/wp-json\/wp\/v2\/pages"}],"about":[{"href":"https:\/\/www.meditonsin.de\/at\/wp-json\/wp\/v2\/types\/page"}],"author":[{"embeddable":true,"href":"https:\/\/www.meditonsin.de\/at\/wp-json\/wp\/v2\/users\/1"}],"replies":[{"embeddable":true,"href":"https:\/\/www.meditonsin.de\/at\/wp-json\/wp\/v2\/comments?post=3109"}],"version-history":[{"count":1,"href":"https:\/\/www.meditonsin.de\/at\/wp-json\/wp\/v2\/pages\/3109\/revisions"}],"predecessor-version":[{"id":3110,"href":"https:\/\/www.meditonsin.de\/at\/wp-json\/wp\/v2\/pages\/3109\/revisions\/3110"}],"wp:attachment":[{"href":"https:\/\/www.meditonsin.de\/at\/wp-json\/wp\/v2\/media?parent=3109"}],"curies":[{"name":"wp","href":"https:\/\/api.w.org\/{rel}","templated":true}]}}