{"id":3125,"date":"2023-10-27T13:53:53","date_gmt":"2023-10-27T11:53:53","guid":{"rendered":"https:\/\/www.meditonsin.de\/?page_id=3125"},"modified":"2023-12-20T14:35:33","modified_gmt":"2023-12-20T13:35:33","slug":"natuerlicher-tri-komplex","status":"publish","type":"page","link":"https:\/\/www.meditonsin.de\/at\/meditonsin\/natuerlicher-tri-komplex\/","title":{"rendered":"Nat\u00fcrlicher Tri-Komplex"},"content":{"rendered":"<div id=\"pl-3125\"  class=\"panel-layout\" ><div id=\"pg-3125-0\"  class=\"panel-grid panel-has-style\" ><div class=\"siteorigin-panels-stretch panel-row-style panel-row-style-for-3125-0\" data-stretch-type=\"full-stretched\" ><div id=\"pgc-3125-0-0\"  class=\"panel-grid-cell\" ><div id=\"panel-3125-0-0-0\" class=\"so-panel widget widget_wph-header-form-fields panel-first-child panel-last-child\" data-index=\"0\" ><div\n\t\t\t\n\t\t\tclass=\"so-widget-wph-header-form-fields so-widget-wph-header-form-fields-base\"\n\t\t\t\n\t\t><section class=\" header-hero widget\">\n    <div class=\"container-fluid p-0\">\n        <div class=\"row g-0\">\n            <div class=\"col-md-12\">\n                <div class=\"header-vedio\">\n                    <img decoding=\"async\" src=\"https:\/\/www.meditonsin.de\/at\/media\/2023\/12\/meditonsin.at_meditonsin.jpg\" >\n                <\/div>\n            <\/div>\n        <\/div>\n        <div class=\"header-hero-inner\">\n            <h1><span style=\"font-size: 45pt;\">Nat\u00fcrlicher Tri-Komplex<sup>\u00ae<\/sup><\/span><\/h1>                    <\/div>\n\n    <\/div>\n<\/section><\/div><\/div><\/div><\/div><\/div><div id=\"pg-3125-1\"  class=\"panel-grid panel-has-style\" ><div class=\"siteorigin-panels-stretch panel-row-style panel-row-style-for-3125-1\" data-stretch-type=\"full\" ><div id=\"pgc-3125-1-0\"  class=\"panel-grid-cell\" ><div id=\"panel-3125-1-0-0\" class=\"so-panel widget widget_sow-image panel-first-child panel-last-child\" data-index=\"1\" ><div\n\t\t\t\n\t\t\tclass=\"so-widget-sow-image so-widget-sow-image-default-8b5b6f678277-3125\"\n\t\t\t\n\t\t>\n<div class=\"sow-image-container\">\n\t\t<img \n\tsrc=\"https:\/\/www.meditonsin.de\/at\/media\/2023\/10\/meditonsin-at-flaschen.png\" width=\"413\" height=\"715\" srcset=\"https:\/\/www.meditonsin.de\/at\/media\/2023\/10\/meditonsin-at-flaschen.png 413w, https:\/\/www.meditonsin.de\/at\/media\/2023\/10\/meditonsin-at-flaschen-173x300.png 173w\" sizes=\"(max-width: 413px) 100vw, 413px\" alt=\"\" \t\tclass=\"so-widget-image\"\/>\n\t<\/div>\n\n<\/div><\/div><\/div><div id=\"pgc-3125-1-1\"  class=\"panel-grid-cell\" ><div id=\"panel-3125-1-1-0\" class=\"so-panel widget widget_sow-editor panel-first-child panel-last-child\" data-index=\"2\" ><div\n\t\t\t\n\t\t\tclass=\"so-widget-sow-editor so-widget-sow-editor-base\"\n\t\t\t\n\t\t>\n<div class=\"siteorigin-widget-tinymce textwidget\">\n\t<h1 class=\"documentFirstHeading\">Der nat\u00fcrliche Tri-Komplex<sup>\u00ae<\/sup><\/h1>\n<h2 id=\"parent-fieldname-description\" class=\"documentDescription\">von Meditonsin<sup>\u00ae<\/sup><\/h2>\n<p>Eine Regel sagt: Drei Tage kommt es, drei Tage bleibt es, drei Tage geht es. Die typische Erk\u00e4ltung, auch als grippaler Infekt bezeichnet, verl\u00e4uft nun mal in verschiedenen\u00a0<a href=\"https:\/\/www.meditonsin.de\/at\/erkaeltung\/verlauf\" rel=\"noopener\">Phasen<\/a>.\u00a0<strong>Richtig behandelt kann man die Zeit aber abk\u00fcrzen.<\/strong><\/p>\n<p>Durch den in den Meditonsin<sup>\u00ae<\/sup>\u00a0Tropfen und Globuli enthaltenen nat\u00fcrlichen Tri-Komplex<sup>\u00ae <\/sup>erh\u00e4lt der Organismus gezielt Impulse zur Aktivierung der k\u00f6rpereigenen Selbstheilungskr\u00e4fte.<\/p>\n<p>Fr\u00fchzeitig eingenommen kann Meditonsin<sup>\u00ae<\/sup>\u00a0daf\u00fcr sorgen, dass die typischen, unangenehmen Erk\u00e4ltungsbeschwerden gar nicht erst richtig zum Ausbruch kommen. Aber auch wenn die Symptome bereits ausgepr\u00e4gt sind, ist Meditonsin<sup>\u00ae<\/sup> ein n\u00fctzliches Mittel gegen Erk\u00e4ltung und kann den Erk\u00e4ltungsverlauf mildern.<\/p>\n<ul>\n<li>Halsschmerzen, Husten und Schnupfen werden sp\u00fcrbar gelindert \u2013 die Erkrankung verl\u00e4uft weniger unangenehm.<\/li>\n<li>Die Erkrankungsdauer wird verk\u00fcrzt: Abgeschlagenheit, Kopf- und Gliederschmerzen, erh\u00f6hte Temperatur und M\u00fcdigkeit gehen schneller vorbei.<\/li>\n<\/ul>\n<p>Mit einer Kombination aus drei bew\u00e4hrten Einzelmitteln mit synergetischem Effekt ist ein grippaler Infekt durch Meditonsin<sup>\u00ae<\/sup> in seinem Verlauf beeinflussbar. Das hei\u00dft: die drei nat\u00fcrlichen Wirkstoffe erg\u00e4nzen sich in ihrer Wirksamkeit und decken ein breites Wirkspektrum ab. Zusammen bilden sie den nat\u00fcrlichen Tri-Komplex<sup>\u00ae<\/sup>, der sowohl in Meditonsin<sup>\u00ae\u00a0<\/sup>Tropfen wie auch in Meditonsin<sup>\u00ae<\/sup>\u00a0Globuli enthalten ist.<\/p>\n<p><a href=\"https:\/\/www.meditonsin.de\/at\/erkaeltung\/behandeln\" rel=\"noopener\">Weitere Informationen zur Behandlung einer Erk\u00e4ltung finden Sie hier<\/a>.<\/p>\n<\/div>\n<\/div><\/div><\/div><\/div><\/div><\/div>","protected":false},"excerpt":{"rendered":"<p>Der nat\u00fcrliche Tri-Komplex\u00ae von Meditonsin\u00ae Eine Regel sagt: Drei Tage kommt es, drei Tage bleibt es, drei Tage geht es. Die typische Erk\u00e4ltung, auch als grippaler Infekt bezeichnet, verl\u00e4uft nun mal in verschiedenen\u00a0Phasen.\u00a0Richtig behandelt kann man die Zeit aber abk\u00fcrzen. Durch den in den Meditonsin\u00ae\u00a0Tropfen und Globuli enthaltenen nat\u00fcrlichen Tri-Komplex\u00ae erh\u00e4lt der Organismus gezielt Impulse [&hellip;]<\/p>\n","protected":false},"author":1,"featured_media":0,"parent":3112,"menu_order":0,"comment_status":"closed","ping_status":"closed","template":"","meta":{"footnotes":""},"class_list":["post-3125","page","type-page","status-publish","hentry"],"yoast_head":"<!-- This site is optimized with the Yoast SEO plugin v26.3 - https:\/\/yoast.com\/wordpress\/plugins\/seo\/ -->\n<title>Nat\u00fcrlicher Tri-Komplex | Meditonsin bei Erk\u00e4ltung<\/title>\n<meta name=\"description\" content=\"Der nat\u00fcrliche Tri-Komplex von Meditonsin Eine Regel sagt: Drei Tage kommt es, drei Tage bleibt es, drei Tage geht es.\" \/>\n<meta name=\"robots\" content=\"index, follow, max-snippet:-1, max-image-preview:large, max-video-preview:-1\" \/>\n<link rel=\"canonical\" href=\"https:\/\/www.meditonsin.de\/at\/meditonsin\/natuerlicher-tri-komplex\/\" \/>\n<meta property=\"og:locale\" content=\"de_DE\" \/>\n<meta property=\"og:type\" content=\"article\" \/>\n<meta property=\"og:title\" content=\"Nat\u00fcrlicher Tri-Komplex | Meditonsin bei Erk\u00e4ltung\" \/>\n<meta property=\"og:description\" content=\"Der nat\u00fcrliche Tri-Komplex von Meditonsin Eine Regel sagt: Drei Tage kommt es, drei Tage bleibt es, drei Tage geht es.\" \/>\n<meta property=\"og:url\" content=\"https:\/\/www.meditonsin.de\/at\/meditonsin\/natuerlicher-tri-komplex\/\" \/>\n<meta property=\"og:site_name\" content=\"Meditonsin bei Erk\u00e4ltung\" \/>\n<meta property=\"article:modified_time\" content=\"2023-12-20T13:35:33+00:00\" \/>\n<meta name=\"twitter:card\" content=\"summary_large_image\" \/>\n<meta name=\"twitter:label1\" content=\"Gesch\u00e4tzte Lesezeit\" \/>\n\t<meta name=\"twitter:data1\" content=\"2 Minuten\" \/>\n<script type=\"application\/ld+json\" class=\"yoast-schema-graph\">{\"@context\":\"https:\/\/schema.org\",\"@graph\":[{\"@type\":\"WebPage\",\"@id\":\"https:\/\/www.meditonsin.de\/at\/meditonsin\/natuerlicher-tri-komplex\/\",\"url\":\"https:\/\/www.meditonsin.de\/at\/meditonsin\/natuerlicher-tri-komplex\/\",\"name\":\"Nat\u00fcrlicher Tri-Komplex | Meditonsin bei Erk\u00e4ltung\",\"isPartOf\":{\"@id\":\"https:\/\/www.meditonsin.de\/at\/#website\"},\"datePublished\":\"2023-10-27T11:53:53+00:00\",\"dateModified\":\"2023-12-20T13:35:33+00:00\",\"description\":\"Der nat\u00fcrliche Tri-Komplex von Meditonsin Eine Regel sagt: Drei Tage kommt es, drei Tage bleibt es, drei Tage geht es.\",\"breadcrumb\":{\"@id\":\"https:\/\/www.meditonsin.de\/at\/meditonsin\/natuerlicher-tri-komplex\/#breadcrumb\"},\"inLanguage\":\"de-AT\",\"potentialAction\":[{\"@type\":\"ReadAction\",\"target\":[\"https:\/\/www.meditonsin.de\/at\/meditonsin\/natuerlicher-tri-komplex\/\"]}]},{\"@type\":\"BreadcrumbList\",\"@id\":\"https:\/\/www.meditonsin.de\/at\/meditonsin\/natuerlicher-tri-komplex\/#breadcrumb\",\"itemListElement\":[{\"@type\":\"ListItem\",\"position\":1,\"name\":\"Startseite\",\"item\":\"https:\/\/www.meditonsin.de\/at\/\"},{\"@type\":\"ListItem\",\"position\":2,\"name\":\"Meditonsin Tropfen und Globuli\",\"item\":\"https:\/\/www.meditonsin.de\/at\/meditonsin\/\"},{\"@type\":\"ListItem\",\"position\":3,\"name\":\"Nat\u00fcrlicher Tri-Komplex\"}]},{\"@type\":\"WebSite\",\"@id\":\"https:\/\/www.meditonsin.de\/at\/#website\",\"url\":\"https:\/\/www.meditonsin.de\/at\/\",\"name\":\"Meditonsin bei Erk\u00e4ltung\",\"description\":\"\",\"potentialAction\":[{\"@type\":\"SearchAction\",\"target\":{\"@type\":\"EntryPoint\",\"urlTemplate\":\"https:\/\/www.meditonsin.de\/at\/?s={search_term_string}\"},\"query-input\":{\"@type\":\"PropertyValueSpecification\",\"valueRequired\":true,\"valueName\":\"search_term_string\"}}],\"inLanguage\":\"de-AT\"}]}<\/script>\n<!-- \/ Yoast SEO plugin. -->","yoast_head_json":{"title":"Nat\u00fcrlicher Tri-Komplex | Meditonsin bei Erk\u00e4ltung","description":"Der nat\u00fcrliche Tri-Komplex von Meditonsin Eine Regel sagt: Drei Tage kommt es, drei Tage bleibt es, drei Tage geht es.","robots":{"index":"index","follow":"follow","max-snippet":"max-snippet:-1","max-image-preview":"max-image-preview:large","max-video-preview":"max-video-preview:-1"},"canonical":"https:\/\/www.meditonsin.de\/at\/meditonsin\/natuerlicher-tri-komplex\/","og_locale":"de_DE","og_type":"article","og_title":"Nat\u00fcrlicher Tri-Komplex | Meditonsin bei Erk\u00e4ltung","og_description":"Der nat\u00fcrliche Tri-Komplex von Meditonsin Eine Regel sagt: Drei Tage kommt es, drei Tage bleibt es, drei Tage geht es.","og_url":"https:\/\/www.meditonsin.de\/at\/meditonsin\/natuerlicher-tri-komplex\/","og_site_name":"Meditonsin bei Erk\u00e4ltung","article_modified_time":"2023-12-20T13:35:33+00:00","twitter_card":"summary_large_image","twitter_misc":{"Gesch\u00e4tzte Lesezeit":"2 Minuten"},"schema":{"@context":"https:\/\/schema.org","@graph":[{"@type":"WebPage","@id":"https:\/\/www.meditonsin.de\/at\/meditonsin\/natuerlicher-tri-komplex\/","url":"https:\/\/www.meditonsin.de\/at\/meditonsin\/natuerlicher-tri-komplex\/","name":"Nat\u00fcrlicher Tri-Komplex | Meditonsin bei Erk\u00e4ltung","isPartOf":{"@id":"https:\/\/www.meditonsin.de\/at\/#website"},"datePublished":"2023-10-27T11:53:53+00:00","dateModified":"2023-12-20T13:35:33+00:00","description":"Der nat\u00fcrliche Tri-Komplex von Meditonsin Eine Regel sagt: Drei Tage kommt es, drei Tage bleibt es, drei Tage geht es.","breadcrumb":{"@id":"https:\/\/www.meditonsin.de\/at\/meditonsin\/natuerlicher-tri-komplex\/#breadcrumb"},"inLanguage":"de-AT","potentialAction":[{"@type":"ReadAction","target":["https:\/\/www.meditonsin.de\/at\/meditonsin\/natuerlicher-tri-komplex\/"]}]},{"@type":"BreadcrumbList","@id":"https:\/\/www.meditonsin.de\/at\/meditonsin\/natuerlicher-tri-komplex\/#breadcrumb","itemListElement":[{"@type":"ListItem","position":1,"name":"Startseite","item":"https:\/\/www.meditonsin.de\/at\/"},{"@type":"ListItem","position":2,"name":"Meditonsin Tropfen und Globuli","item":"https:\/\/www.meditonsin.de\/at\/meditonsin\/"},{"@type":"ListItem","position":3,"name":"Nat\u00fcrlicher Tri-Komplex"}]},{"@type":"WebSite","@id":"https:\/\/www.meditonsin.de\/at\/#website","url":"https:\/\/www.meditonsin.de\/at\/","name":"Meditonsin bei Erk\u00e4ltung","description":"","potentialAction":[{"@type":"SearchAction","target":{"@type":"EntryPoint","urlTemplate":"https:\/\/www.meditonsin.de\/at\/?s={search_term_string}"},"query-input":{"@type":"PropertyValueSpecification","valueRequired":true,"valueName":"search_term_string"}}],"inLanguage":"de-AT"}]}},"lang":"at","translations":{"at":3125},"pll_sync_post":[],"_links":{"self":[{"href":"https:\/\/www.meditonsin.de\/at\/wp-json\/wp\/v2\/pages\/3125","targetHints":{"allow":["GET"]}}],"collection":[{"href":"https:\/\/www.meditonsin.de\/at\/wp-json\/wp\/v2\/pages"}],"about":[{"href":"https:\/\/www.meditonsin.de\/at\/wp-json\/wp\/v2\/types\/page"}],"author":[{"embeddable":true,"href":"https:\/\/www.meditonsin.de\/at\/wp-json\/wp\/v2\/users\/1"}],"replies":[{"embeddable":true,"href":"https:\/\/www.meditonsin.de\/at\/wp-json\/wp\/v2\/comments?post=3125"}],"version-history":[{"count":8,"href":"https:\/\/www.meditonsin.de\/at\/wp-json\/wp\/v2\/pages\/3125\/revisions"}],"predecessor-version":[{"id":3316,"href":"https:\/\/www.meditonsin.de\/at\/wp-json\/wp\/v2\/pages\/3125\/revisions\/3316"}],"up":[{"embeddable":true,"href":"https:\/\/www.meditonsin.de\/at\/wp-json\/wp\/v2\/pages\/3112"}],"wp:attachment":[{"href":"https:\/\/www.meditonsin.de\/at\/wp-json\/wp\/v2\/media?parent=3125"}],"curies":[{"name":"wp","href":"https:\/\/api.w.org\/{rel}","templated":true}]}}