{"id":3129,"date":"2023-10-27T14:00:13","date_gmt":"2023-10-27T12:00:13","guid":{"rendered":"https:\/\/www.meditonsin.de\/?page_id=3129"},"modified":"2023-12-20T14:35:24","modified_gmt":"2023-12-20T13:35:24","slug":"kinder-und-babys","status":"publish","type":"page","link":"https:\/\/www.meditonsin.de\/at\/meditonsin\/kinder-und-babys\/","title":{"rendered":"F\u00fcr die ganze Familie"},"content":{"rendered":"<div id=\"pl-3129\"  class=\"panel-layout\" ><div id=\"pg-3129-0\"  class=\"panel-grid panel-has-style\" ><div class=\"siteorigin-panels-stretch panel-row-style panel-row-style-for-3129-0\" data-stretch-type=\"full-stretched\" ><div id=\"pgc-3129-0-0\"  class=\"panel-grid-cell\" ><div id=\"panel-3129-0-0-0\" class=\"so-panel widget widget_wph-header-form-fields panel-first-child panel-last-child\" data-index=\"0\" ><div\n\t\t\t\n\t\t\tclass=\"so-widget-wph-header-form-fields so-widget-wph-header-form-fields-base\"\n\t\t\t\n\t\t><section class=\" header-hero widget\">\n    <div class=\"container-fluid p-0\">\n        <div class=\"row g-0\">\n            <div class=\"col-md-12\">\n                <div class=\"header-vedio\">\n                    <img decoding=\"async\" src=\"https:\/\/www.meditonsin.de\/at\/media\/2023\/12\/meditonsin.at_meditonsin.jpg\" >\n                <\/div>\n            <\/div>\n        <\/div>\n        <div class=\"header-hero-inner\">\n            <h1>F\u00fcr die ganze Familie<\/h1>\n                    <\/div>\n\n    <\/div>\n<\/section><\/div><\/div><\/div><\/div><\/div><div id=\"pg-3129-1\"  class=\"panel-grid panel-has-style\" ><div class=\"siteorigin-panels-stretch panel-row-style panel-row-style-for-3129-1\" data-stretch-type=\"full\" ><div id=\"pgc-3129-1-0\"  class=\"panel-grid-cell\" ><div id=\"panel-3129-1-0-0\" class=\"so-panel widget widget_sow-image panel-first-child panel-last-child\" data-index=\"1\" ><div\n\t\t\t\n\t\t\tclass=\"so-widget-sow-image so-widget-sow-image-default-8b5b6f678277-3129\"\n\t\t\t\n\t\t>\n<div class=\"sow-image-container\">\n\t\t<img \n\tsrc=\"https:\/\/www.meditonsin.de\/at\/media\/2021\/12\/ganze-familie-meditonsin-2.webp\" width=\"811\" height=\"992\" srcset=\"https:\/\/www.meditonsin.de\/at\/media\/2021\/12\/ganze-familie-meditonsin-2.webp 811w, https:\/\/www.meditonsin.de\/at\/media\/2021\/12\/ganze-familie-meditonsin-2-245x300.webp 245w, https:\/\/www.meditonsin.de\/at\/media\/2021\/12\/ganze-familie-meditonsin-2-768x939.webp 768w\" sizes=\"(max-width: 811px) 100vw, 811px\" alt=\"\" \t\tclass=\"so-widget-image\"\/>\n\t<\/div>\n\n<\/div><\/div><\/div><div id=\"pgc-3129-1-1\"  class=\"panel-grid-cell\" ><div id=\"panel-3129-1-1-0\" class=\"so-panel widget widget_sow-editor panel-first-child panel-last-child\" data-index=\"2\" ><div\n\t\t\t\n\t\t\tclass=\"so-widget-sow-editor so-widget-sow-editor-base\"\n\t\t\t\n\t\t>\n<div class=\"siteorigin-widget-tinymce textwidget\">\n\t<h1 id=\"parent-fieldname-title\" class=\"documentFirstHeading\">Meditonsin<\/h1>\n<h2 id=\"parent-fieldname-description\" class=\"documentDescription\">f\u00fcr Kinder<\/h2>\n<p>Besonders Kleinkinder sind sehr anf\u00e4llig f\u00fcr Erk\u00e4ltungen. Viele von ihnen erwischt ein grippaler Infekt mit Husten und Schnupfen mehrmals im Jahr, da ihre Abwehrkr\u00e4fte noch nicht so gut entwickelt sind wie bei Erwachsenen.<\/p>\n<p>Bei einer Erk\u00e4ltung kann Meditonsin<sup><strong>\u00ae<\/strong><\/sup>\u00a0mit seinem nat\u00fcrlichen Tri-Komplex<sup>\u00ae<\/sup> selbst Kleinkindern. Kinder ab 2 Jahren k\u00f6nnen mit Meditonsin behandelt werden. <a href=\"https:\/\/www.meditonsin.de\/at\/meditonsin\/einnahme\" rel=\"noopener\">Erfahren Sie hier mehr zur richtigen Dosierung und Einnahme von Meditonsin<sup>\u00ae<\/sup>\u00a0Tropfen und Globuli f\u00fcr jedes Alter.<\/a><\/p>\n<p>Dennoch gilt: Bei einem Kleinkind bis zu vier Jahren sollte bei\u00a0<a href=\"https:\/\/www.meditonsin.de\/at\/erkaeltung\/symptome-anzeichen\" rel=\"noopener\">Erk\u00e4ltungssymptomen<\/a>\u00a0der Arzt lieber einmal zu oft als einmal zu wenig aufgesucht werden \u2013 insbesondere wenn das Kind sehr schlapp und teilnahmslos ist.<\/p>\n<p>Bettruhe macht kleine Patienten oft ungeduldig. Es gilt, bei der Genesung auf den inneren Motor des Kindes zu h\u00f6ren. Geht es ihm schlecht, bleibt es freiwillig liegen. Wenn es aufstehen m\u00f6chte, darf es dies ruhig tun. Wichtig dabei ist, dass es sich nicht zu fr\u00fch \u00fcberanstrengt, warm genug angezogen ist und noch nicht drau\u00dfen spielt. Vielleicht hilft ja auch ein\u00a0hei\u00dfer Chili-Kakao\u00a0oder eines unserer anderen\u00a0Rezepte\u00a0bei der Genesung. Damit es w\u00e4hrend der Zeit der Bettruhe nicht zu langweilig wird, sind in der\u00a0<a href=\"https:\/\/www.meditonsin.de\/at\/service\/spiel-spass\/leseecke\" rel=\"noopener\">Leseecke<\/a>\u00a0Lekt\u00fcreempfehlungen f\u00fcr jedes Alter zu finden. Unter\u00a0<a href=\"https:\/\/www.meditonsin.de\/at\/service\/spiel-spass\/spieletipps\" rel=\"noopener\">Spiele<\/a>\u00a0gibt es Tipps f\u00fcr die Besch\u00e4ftigung allein oder mit mehreren \u2013 so kommt bei keinem kleinen Patient Langeweile auf.<\/p>\n<\/div>\n<\/div><\/div><\/div><\/div><\/div><\/div>","protected":false},"excerpt":{"rendered":"<p>Meditonsin f\u00fcr Kinder Besonders Kleinkinder sind sehr anf\u00e4llig f\u00fcr Erk\u00e4ltungen. Viele von ihnen erwischt ein grippaler Infekt mit Husten und Schnupfen mehrmals im Jahr, da ihre Abwehrkr\u00e4fte noch nicht so gut entwickelt sind wie bei Erwachsenen. Bei einer Erk\u00e4ltung kann Meditonsin\u00ae\u00a0mit seinem nat\u00fcrlichen Tri-Komplex\u00ae selbst Kleinkindern. Kinder ab 2 Jahren k\u00f6nnen mit Meditonsin behandelt werden. [&hellip;]<\/p>\n","protected":false},"author":1,"featured_media":0,"parent":3112,"menu_order":0,"comment_status":"closed","ping_status":"closed","template":"","meta":{"footnotes":""},"class_list":["post-3129","page","type-page","status-publish","hentry"],"yoast_head":"<!-- This site is optimized with the Yoast SEO plugin v26.3 - https:\/\/yoast.com\/wordpress\/plugins\/seo\/ -->\n<title>F\u00fcr die ganze Familie | Meditonsin bei Erk\u00e4ltung<\/title>\n<meta name=\"description\" content=\"Hier erfahren Sie mehr zur Anwendung von Meditonsin f\u00fcr Kinder und Babys. Ab 1 Jahr in der Selbstmedikation, ab 7 Monaten nach R\u00fccksprach mit dem Arzt.\" \/>\n<meta name=\"robots\" content=\"index, follow, max-snippet:-1, max-image-preview:large, max-video-preview:-1\" \/>\n<link rel=\"canonical\" href=\"https:\/\/www.meditonsin.de\/at\/meditonsin\/kinder-und-babys\/\" \/>\n<meta property=\"og:locale\" content=\"de_DE\" \/>\n<meta property=\"og:type\" content=\"article\" \/>\n<meta property=\"og:title\" content=\"F\u00fcr die ganze Familie | Meditonsin bei Erk\u00e4ltung\" \/>\n<meta property=\"og:description\" content=\"Hier erfahren Sie mehr zur Anwendung von Meditonsin f\u00fcr Kinder und Babys. Ab 1 Jahr in der Selbstmedikation, ab 7 Monaten nach R\u00fccksprach mit dem Arzt.\" \/>\n<meta property=\"og:url\" content=\"https:\/\/www.meditonsin.de\/at\/meditonsin\/kinder-und-babys\/\" \/>\n<meta property=\"og:site_name\" content=\"Meditonsin bei Erk\u00e4ltung\" \/>\n<meta property=\"article:modified_time\" content=\"2023-12-20T13:35:24+00:00\" \/>\n<meta name=\"twitter:card\" content=\"summary_large_image\" \/>\n<meta name=\"twitter:label1\" content=\"Gesch\u00e4tzte Lesezeit\" \/>\n\t<meta name=\"twitter:data1\" content=\"2 Minuten\" \/>\n<script type=\"application\/ld+json\" class=\"yoast-schema-graph\">{\"@context\":\"https:\/\/schema.org\",\"@graph\":[{\"@type\":\"WebPage\",\"@id\":\"https:\/\/www.meditonsin.de\/at\/meditonsin\/kinder-und-babys\/\",\"url\":\"https:\/\/www.meditonsin.de\/at\/meditonsin\/kinder-und-babys\/\",\"name\":\"F\u00fcr die ganze Familie | Meditonsin bei Erk\u00e4ltung\",\"isPartOf\":{\"@id\":\"https:\/\/www.meditonsin.de\/at\/#website\"},\"datePublished\":\"2023-10-27T12:00:13+00:00\",\"dateModified\":\"2023-12-20T13:35:24+00:00\",\"description\":\"Hier erfahren Sie mehr zur Anwendung von Meditonsin f\u00fcr Kinder und Babys. Ab 1 Jahr in der Selbstmedikation, ab 7 Monaten nach R\u00fccksprach mit dem Arzt.\",\"breadcrumb\":{\"@id\":\"https:\/\/www.meditonsin.de\/at\/meditonsin\/kinder-und-babys\/#breadcrumb\"},\"inLanguage\":\"de-AT\",\"potentialAction\":[{\"@type\":\"ReadAction\",\"target\":[\"https:\/\/www.meditonsin.de\/at\/meditonsin\/kinder-und-babys\/\"]}]},{\"@type\":\"BreadcrumbList\",\"@id\":\"https:\/\/www.meditonsin.de\/at\/meditonsin\/kinder-und-babys\/#breadcrumb\",\"itemListElement\":[{\"@type\":\"ListItem\",\"position\":1,\"name\":\"Startseite\",\"item\":\"https:\/\/www.meditonsin.de\/at\/\"},{\"@type\":\"ListItem\",\"position\":2,\"name\":\"Meditonsin Tropfen und Globuli\",\"item\":\"https:\/\/www.meditonsin.de\/at\/meditonsin\/\"},{\"@type\":\"ListItem\",\"position\":3,\"name\":\"F\u00fcr die ganze Familie\"}]},{\"@type\":\"WebSite\",\"@id\":\"https:\/\/www.meditonsin.de\/at\/#website\",\"url\":\"https:\/\/www.meditonsin.de\/at\/\",\"name\":\"Meditonsin bei Erk\u00e4ltung\",\"description\":\"\",\"potentialAction\":[{\"@type\":\"SearchAction\",\"target\":{\"@type\":\"EntryPoint\",\"urlTemplate\":\"https:\/\/www.meditonsin.de\/at\/?s={search_term_string}\"},\"query-input\":{\"@type\":\"PropertyValueSpecification\",\"valueRequired\":true,\"valueName\":\"search_term_string\"}}],\"inLanguage\":\"de-AT\"}]}<\/script>\n<!-- \/ Yoast SEO plugin. -->","yoast_head_json":{"title":"F\u00fcr die ganze Familie | Meditonsin bei Erk\u00e4ltung","description":"Hier erfahren Sie mehr zur Anwendung von Meditonsin f\u00fcr Kinder und Babys. Ab 1 Jahr in der Selbstmedikation, ab 7 Monaten nach R\u00fccksprach mit dem Arzt.","robots":{"index":"index","follow":"follow","max-snippet":"max-snippet:-1","max-image-preview":"max-image-preview:large","max-video-preview":"max-video-preview:-1"},"canonical":"https:\/\/www.meditonsin.de\/at\/meditonsin\/kinder-und-babys\/","og_locale":"de_DE","og_type":"article","og_title":"F\u00fcr die ganze Familie | Meditonsin bei Erk\u00e4ltung","og_description":"Hier erfahren Sie mehr zur Anwendung von Meditonsin f\u00fcr Kinder und Babys. Ab 1 Jahr in der Selbstmedikation, ab 7 Monaten nach R\u00fccksprach mit dem Arzt.","og_url":"https:\/\/www.meditonsin.de\/at\/meditonsin\/kinder-und-babys\/","og_site_name":"Meditonsin bei Erk\u00e4ltung","article_modified_time":"2023-12-20T13:35:24+00:00","twitter_card":"summary_large_image","twitter_misc":{"Gesch\u00e4tzte Lesezeit":"2 Minuten"},"schema":{"@context":"https:\/\/schema.org","@graph":[{"@type":"WebPage","@id":"https:\/\/www.meditonsin.de\/at\/meditonsin\/kinder-und-babys\/","url":"https:\/\/www.meditonsin.de\/at\/meditonsin\/kinder-und-babys\/","name":"F\u00fcr die ganze Familie | Meditonsin bei Erk\u00e4ltung","isPartOf":{"@id":"https:\/\/www.meditonsin.de\/at\/#website"},"datePublished":"2023-10-27T12:00:13+00:00","dateModified":"2023-12-20T13:35:24+00:00","description":"Hier erfahren Sie mehr zur Anwendung von Meditonsin f\u00fcr Kinder und Babys. Ab 1 Jahr in der Selbstmedikation, ab 7 Monaten nach R\u00fccksprach mit dem Arzt.","breadcrumb":{"@id":"https:\/\/www.meditonsin.de\/at\/meditonsin\/kinder-und-babys\/#breadcrumb"},"inLanguage":"de-AT","potentialAction":[{"@type":"ReadAction","target":["https:\/\/www.meditonsin.de\/at\/meditonsin\/kinder-und-babys\/"]}]},{"@type":"BreadcrumbList","@id":"https:\/\/www.meditonsin.de\/at\/meditonsin\/kinder-und-babys\/#breadcrumb","itemListElement":[{"@type":"ListItem","position":1,"name":"Startseite","item":"https:\/\/www.meditonsin.de\/at\/"},{"@type":"ListItem","position":2,"name":"Meditonsin Tropfen und Globuli","item":"https:\/\/www.meditonsin.de\/at\/meditonsin\/"},{"@type":"ListItem","position":3,"name":"F\u00fcr die ganze Familie"}]},{"@type":"WebSite","@id":"https:\/\/www.meditonsin.de\/at\/#website","url":"https:\/\/www.meditonsin.de\/at\/","name":"Meditonsin bei Erk\u00e4ltung","description":"","potentialAction":[{"@type":"SearchAction","target":{"@type":"EntryPoint","urlTemplate":"https:\/\/www.meditonsin.de\/at\/?s={search_term_string}"},"query-input":{"@type":"PropertyValueSpecification","valueRequired":true,"valueName":"search_term_string"}}],"inLanguage":"de-AT"}]}},"lang":"at","translations":{"at":3129},"pll_sync_post":[],"_links":{"self":[{"href":"https:\/\/www.meditonsin.de\/at\/wp-json\/wp\/v2\/pages\/3129","targetHints":{"allow":["GET"]}}],"collection":[{"href":"https:\/\/www.meditonsin.de\/at\/wp-json\/wp\/v2\/pages"}],"about":[{"href":"https:\/\/www.meditonsin.de\/at\/wp-json\/wp\/v2\/types\/page"}],"author":[{"embeddable":true,"href":"https:\/\/www.meditonsin.de\/at\/wp-json\/wp\/v2\/users\/1"}],"replies":[{"embeddable":true,"href":"https:\/\/www.meditonsin.de\/at\/wp-json\/wp\/v2\/comments?post=3129"}],"version-history":[{"count":8,"href":"https:\/\/www.meditonsin.de\/at\/wp-json\/wp\/v2\/pages\/3129\/revisions"}],"predecessor-version":[{"id":3314,"href":"https:\/\/www.meditonsin.de\/at\/wp-json\/wp\/v2\/pages\/3129\/revisions\/3314"}],"up":[{"embeddable":true,"href":"https:\/\/www.meditonsin.de\/at\/wp-json\/wp\/v2\/pages\/3112"}],"wp:attachment":[{"href":"https:\/\/www.meditonsin.de\/at\/wp-json\/wp\/v2\/media?parent=3129"}],"curies":[{"name":"wp","href":"https:\/\/api.w.org\/{rel}","templated":true}]}}