{"id":3137,"date":"2023-10-27T14:04:01","date_gmt":"2023-10-27T12:04:01","guid":{"rendered":"https:\/\/www.meditonsin.de\/?page_id=3137"},"modified":"2023-12-20T14:32:33","modified_gmt":"2023-12-20T13:32:33","slug":"erkaeltung","status":"publish","type":"page","link":"https:\/\/www.meditonsin.de\/at\/erkaeltung\/","title":{"rendered":"Erk\u00e4ltung"},"content":{"rendered":"<div id=\"pl-3137\"  class=\"panel-layout\" ><div id=\"pg-3137-0\"  class=\"panel-grid panel-has-style\" ><div class=\"siteorigin-panels-stretch panel-row-style panel-row-style-for-3137-0\" data-stretch-type=\"full-stretched\" ><div id=\"pgc-3137-0-0\"  class=\"panel-grid-cell\" ><div id=\"panel-3137-0-0-0\" class=\"so-panel widget widget_wph-header-form-fields panel-first-child panel-last-child\" data-index=\"0\" ><div\n\t\t\t\n\t\t\tclass=\"so-widget-wph-header-form-fields so-widget-wph-header-form-fields-base\"\n\t\t\t\n\t\t><section class=\" header-hero widget\">\n    <div class=\"container-fluid p-0\">\n        <div class=\"row g-0\">\n            <div class=\"col-md-12\">\n                <div class=\"header-vedio\">\n                    <img decoding=\"async\" src=\"https:\/\/www.meditonsin.de\/at\/media\/2023\/12\/meditonsin_erkaeltung.jpg\" >\n                <\/div>\n            <\/div>\n        <\/div>\n        <div class=\"header-hero-inner\">\n            <h1 id=\"parent-fieldname-title\" class=\"documentFirstHeading\" style=\"line-height: 3.3rem;\"><span style=\"font-size: 42pt; \">Erk\u00e4ltung vorbeugen, erkennen &amp; behandeln<\/span><\/h1>                    <\/div>\n\n    <\/div>\n<\/section><\/div><\/div><\/div><\/div><\/div><div id=\"pg-3137-1\"  class=\"panel-grid panel-has-style\" ><div class=\"siteorigin-panels-stretch panel-row-style panel-row-style-for-3137-1\" data-stretch-type=\"full\" ><div id=\"pgc-3137-1-0\"  class=\"panel-grid-cell\" ><div id=\"panel-3137-1-0-0\" class=\"so-panel widget widget_sow-editor panel-first-child panel-last-child\" data-index=\"1\" ><div\n\t\t\t\n\t\t\tclass=\"so-widget-sow-editor so-widget-sow-editor-base\"\n\t\t\t\n\t\t>\n<div class=\"siteorigin-widget-tinymce textwidget\">\n\t<h1 id=\"parent-fieldname-title\" class=\"documentFirstHeading\">Erk\u00e4ltung -<\/h1>\n<h2 id=\"parent-fieldname-description\" class=\"documentDescription\">vorbeugen, erkennen &amp; behandeln<\/h2>\n<p>Erk\u00e4ltungsviren verbreiten sich schnell. Kein Wunder, denn beim Niesen fliegen sie mit 160 Stundenkilometern bis zu vier Meter weit. Dadurch, dass wir im Laufe eines Tages bis zu 10.000 Liter Luft einatmen, ist das Risiko sich mit einem grippalen Infekt anzustecken extrem hoch. Wohl dem, der \u00fcber ein intaktes Immunsystem verf\u00fcgt. Wer sein\u00a0Immunsystem\u00a0gezielt st\u00e4rkt,\u00a0<a href=\"https:\/\/www.meditonsin.de\/at\/erkaeltung\/vorbeugen\" rel=\"noopener\">kann das Risiko reduzieren, an einer Erk\u00e4ltung zu erkranken.<\/a><\/p>\n<p>In der kalten Jahreszeit treten Erk\u00e4ltungsviren in solchen Massen auf, dass sie die Abwehrmechanismen unserer Schleimh\u00e4ute im Hals-, Nasen- und Rachenraum schon mal \u00fcberfordern k\u00f6nnen.<\/p>\n<p>Die gr\u00f6\u00dfte Ansteckungsgefahr liegt in der sogenannten Tr\u00f6pfcheninfektion. Durch Niesen oder Husten einer erk\u00e4lteten Person gelangen die Erreger dabei in die Atemluft \u2013 und damit auf direktem Wege in die Schleimh\u00e4ute gesunder Menschen. Dabei nutzen die Erk\u00e4ltungserreger die Schleimh\u00e4ute von Mund, Nase und Augen als \u201eEintrittspforte\u201c in den menschlichen Organismus. Ein grippaler Infekt kann die Folge sein.<\/p>\n<p>Bereits ein bis zwei Tage nach Einnisten der Erreger auf den Schleimhautzellen k\u00f6nnen die ersten\u00a0<a href=\"https:\/\/www.meditonsin.de\/at\/erkaeltung\/symptome-anzeichen\" rel=\"noopener\">Erk\u00e4ltungssymptome<\/a>\u00a0auftreten. Anhand der Symptome kann meist unterschieden werden, ob es sich um eine Erk\u00e4ltung oder um eine Grippe handelt. Unser Test hilft dabei, eine\u00a0<a href=\"https:\/\/www.meditonsin.de\/at\/erkaeltung\/erkennen\" rel=\"noopener\">Erk\u00e4ltung zu erkennen<\/a>\u00a0und von einer Grippe zu unterscheiden.<\/p>\n<\/div>\n<\/div><\/div><\/div><div id=\"pgc-3137-1-1\"  class=\"panel-grid-cell\" ><div id=\"panel-3137-1-1-0\" class=\"so-panel widget widget_sow-image panel-first-child panel-last-child\" data-index=\"2\" ><div\n\t\t\t\n\t\t\tclass=\"so-widget-sow-image so-widget-sow-image-default-8b5b6f678277-3137\"\n\t\t\t\n\t\t>\n<div class=\"sow-image-container\">\n\t\t<img \n\tsrc=\"https:\/\/www.meditonsin.de\/at\/media\/2023\/10\/meditonsin-at-flaschen.png\" width=\"413\" height=\"715\" srcset=\"https:\/\/www.meditonsin.de\/at\/media\/2023\/10\/meditonsin-at-flaschen.png 413w, https:\/\/www.meditonsin.de\/at\/media\/2023\/10\/meditonsin-at-flaschen-173x300.png 173w\" sizes=\"(max-width: 413px) 100vw, 413px\" alt=\"\" \t\tclass=\"so-widget-image\"\/>\n\t<\/div>\n\n<\/div><\/div><\/div><\/div><\/div><div id=\"pg-3137-2\"  class=\"panel-grid panel-has-style\" ><div class=\"siteorigin-panels-stretch panel-row-style panel-row-style-for-3137-2\" data-stretch-type=\"full\" ><div id=\"pgc-3137-2-0\"  class=\"panel-grid-cell\" ><div id=\"panel-3137-2-0-0\" class=\"so-panel widget widget_sow-image panel-first-child panel-last-child\" data-index=\"3\" ><div\n\t\t\t\n\t\t\tclass=\"so-widget-sow-image so-widget-sow-image-default-8b5b6f678277-3137\"\n\t\t\t\n\t\t>\n<div class=\"sow-image-container\">\n\t\t<img \n\tsrc=\"https:\/\/www.meditonsin.de\/at\/media\/2021\/12\/erkaeltung-meditonsin.webp\" width=\"1141\" height=\"993\" srcset=\"https:\/\/www.meditonsin.de\/at\/media\/2021\/12\/erkaeltung-meditonsin.webp 1141w, https:\/\/www.meditonsin.de\/at\/media\/2021\/12\/erkaeltung-meditonsin-300x261.webp 300w, https:\/\/www.meditonsin.de\/at\/media\/2021\/12\/erkaeltung-meditonsin-1024x891.webp 1024w, https:\/\/www.meditonsin.de\/at\/media\/2021\/12\/erkaeltung-meditonsin-768x668.webp 768w\" sizes=\"(max-width: 1141px) 100vw, 1141px\" alt=\"\" \t\tclass=\"so-widget-image\"\/>\n\t<\/div>\n\n<\/div><\/div><\/div><div id=\"pgc-3137-2-1\"  class=\"panel-grid-cell\" ><div id=\"panel-3137-2-1-0\" class=\"so-panel widget widget_sow-editor panel-first-child panel-last-child\" data-index=\"4\" ><div\n\t\t\t\n\t\t\tclass=\"so-widget-sow-editor so-widget-sow-editor-base\"\n\t\t\t\n\t\t>\n<div class=\"siteorigin-widget-tinymce textwidget\">\n\t<h3><span style=\"color: #600e02;\"><strong>Kalte Jahreszeit: N\u00e4hrboden f\u00fcr Erk\u00e4ltungsviren<\/strong><\/span><\/h3>\n<p>Erk\u00e4ltungsviren haben in der kalten Jahreszeit ideale Verbreitungsbedingungen in gut geheizten, trockenen R\u00e4umen mit vielen Menschen. Funktioniert das Immunsystem nicht hundertprozentig kann es schnell zu einer Infektion kommen.<\/p>\n<p>Der Kontakt mit Viren ist nicht zu vermeiden \u2013 deshalb muss dem K\u00f6rper bei der Abwehr geholfen werden! Hat die Abwehr dann doch versagt und der Infekt ist im Anmarsch, gilt es, die\u00a0<a href=\"https:\/\/www.meditonsin.de\/at\/erkaeltung\/behandeln\" rel=\"noopener\">Erk\u00e4ltung richtig zu behandeln<\/a>.<\/p>\n<\/div>\n<\/div><\/div><\/div><\/div><\/div><\/div>","protected":false},"excerpt":{"rendered":"<p>Erk\u00e4ltung &#8211; vorbeugen, erkennen &amp; behandeln Erk\u00e4ltungsviren verbreiten sich schnell. Kein Wunder, denn beim Niesen fliegen sie mit 160 Stundenkilometern bis zu vier Meter weit. Dadurch, dass wir im Laufe eines Tages bis zu 10.000 Liter Luft einatmen, ist das Risiko sich mit einem grippalen Infekt anzustecken extrem hoch. Wohl dem, der \u00fcber ein intaktes [&hellip;]<\/p>\n","protected":false},"author":1,"featured_media":0,"parent":0,"menu_order":0,"comment_status":"closed","ping_status":"closed","template":"","meta":{"footnotes":""},"class_list":["post-3137","page","type-page","status-publish","hentry"],"yoast_head":"<!-- This site is optimized with the Yoast SEO plugin v26.3 - https:\/\/yoast.com\/wordpress\/plugins\/seo\/ -->\n<title>Erk\u00e4ltung | Meditonsin bei Erk\u00e4ltung<\/title>\n<meta name=\"description\" content=\"Erk\u00e4ltung - vorbeugen, erkennen &amp; behandeln! Erk\u00e4ltungsviren verbreiten sich schnell und der grippale Infekt ist extrem hoch.\" \/>\n<meta name=\"robots\" content=\"index, follow, max-snippet:-1, max-image-preview:large, max-video-preview:-1\" \/>\n<link rel=\"canonical\" href=\"https:\/\/www.meditonsin.de\/at\/erkaeltung\/\" \/>\n<meta property=\"og:locale\" content=\"de_DE\" \/>\n<meta property=\"og:type\" content=\"article\" \/>\n<meta property=\"og:title\" content=\"Erk\u00e4ltung | Meditonsin bei Erk\u00e4ltung\" \/>\n<meta property=\"og:description\" content=\"Erk\u00e4ltung - vorbeugen, erkennen &amp; behandeln! Erk\u00e4ltungsviren verbreiten sich schnell und der grippale Infekt ist extrem hoch.\" \/>\n<meta property=\"og:url\" content=\"https:\/\/www.meditonsin.de\/at\/erkaeltung\/\" \/>\n<meta property=\"og:site_name\" content=\"Meditonsin bei Erk\u00e4ltung\" \/>\n<meta property=\"article:modified_time\" content=\"2023-12-20T13:32:33+00:00\" \/>\n<meta name=\"twitter:card\" content=\"summary_large_image\" \/>\n<meta name=\"twitter:label1\" content=\"Gesch\u00e4tzte Lesezeit\" \/>\n\t<meta name=\"twitter:data1\" content=\"2 Minuten\" \/>\n<script type=\"application\/ld+json\" class=\"yoast-schema-graph\">{\"@context\":\"https:\/\/schema.org\",\"@graph\":[{\"@type\":\"WebPage\",\"@id\":\"https:\/\/www.meditonsin.de\/at\/erkaeltung\/\",\"url\":\"https:\/\/www.meditonsin.de\/at\/erkaeltung\/\",\"name\":\"Erk\u00e4ltung | Meditonsin bei Erk\u00e4ltung\",\"isPartOf\":{\"@id\":\"https:\/\/www.meditonsin.de\/at\/#website\"},\"datePublished\":\"2023-10-27T12:04:01+00:00\",\"dateModified\":\"2023-12-20T13:32:33+00:00\",\"description\":\"Erk\u00e4ltung - vorbeugen, erkennen & behandeln! Erk\u00e4ltungsviren verbreiten sich schnell und der grippale Infekt ist extrem hoch.\",\"breadcrumb\":{\"@id\":\"https:\/\/www.meditonsin.de\/at\/erkaeltung\/#breadcrumb\"},\"inLanguage\":\"de-AT\",\"potentialAction\":[{\"@type\":\"ReadAction\",\"target\":[\"https:\/\/www.meditonsin.de\/at\/erkaeltung\/\"]}]},{\"@type\":\"BreadcrumbList\",\"@id\":\"https:\/\/www.meditonsin.de\/at\/erkaeltung\/#breadcrumb\",\"itemListElement\":[{\"@type\":\"ListItem\",\"position\":1,\"name\":\"Startseite\",\"item\":\"https:\/\/www.meditonsin.de\/at\/\"},{\"@type\":\"ListItem\",\"position\":2,\"name\":\"Erk\u00e4ltung\"}]},{\"@type\":\"WebSite\",\"@id\":\"https:\/\/www.meditonsin.de\/at\/#website\",\"url\":\"https:\/\/www.meditonsin.de\/at\/\",\"name\":\"Meditonsin bei Erk\u00e4ltung\",\"description\":\"\",\"potentialAction\":[{\"@type\":\"SearchAction\",\"target\":{\"@type\":\"EntryPoint\",\"urlTemplate\":\"https:\/\/www.meditonsin.de\/at\/?s={search_term_string}\"},\"query-input\":{\"@type\":\"PropertyValueSpecification\",\"valueRequired\":true,\"valueName\":\"search_term_string\"}}],\"inLanguage\":\"de-AT\"}]}<\/script>\n<!-- \/ Yoast SEO plugin. -->","yoast_head_json":{"title":"Erk\u00e4ltung | Meditonsin bei Erk\u00e4ltung","description":"Erk\u00e4ltung - vorbeugen, erkennen & behandeln! Erk\u00e4ltungsviren verbreiten sich schnell und der grippale Infekt ist extrem hoch.","robots":{"index":"index","follow":"follow","max-snippet":"max-snippet:-1","max-image-preview":"max-image-preview:large","max-video-preview":"max-video-preview:-1"},"canonical":"https:\/\/www.meditonsin.de\/at\/erkaeltung\/","og_locale":"de_DE","og_type":"article","og_title":"Erk\u00e4ltung | Meditonsin bei Erk\u00e4ltung","og_description":"Erk\u00e4ltung - vorbeugen, erkennen & behandeln! Erk\u00e4ltungsviren verbreiten sich schnell und der grippale Infekt ist extrem hoch.","og_url":"https:\/\/www.meditonsin.de\/at\/erkaeltung\/","og_site_name":"Meditonsin bei Erk\u00e4ltung","article_modified_time":"2023-12-20T13:32:33+00:00","twitter_card":"summary_large_image","twitter_misc":{"Gesch\u00e4tzte Lesezeit":"2 Minuten"},"schema":{"@context":"https:\/\/schema.org","@graph":[{"@type":"WebPage","@id":"https:\/\/www.meditonsin.de\/at\/erkaeltung\/","url":"https:\/\/www.meditonsin.de\/at\/erkaeltung\/","name":"Erk\u00e4ltung | Meditonsin bei Erk\u00e4ltung","isPartOf":{"@id":"https:\/\/www.meditonsin.de\/at\/#website"},"datePublished":"2023-10-27T12:04:01+00:00","dateModified":"2023-12-20T13:32:33+00:00","description":"Erk\u00e4ltung - vorbeugen, erkennen & behandeln! Erk\u00e4ltungsviren verbreiten sich schnell und der grippale Infekt ist extrem hoch.","breadcrumb":{"@id":"https:\/\/www.meditonsin.de\/at\/erkaeltung\/#breadcrumb"},"inLanguage":"de-AT","potentialAction":[{"@type":"ReadAction","target":["https:\/\/www.meditonsin.de\/at\/erkaeltung\/"]}]},{"@type":"BreadcrumbList","@id":"https:\/\/www.meditonsin.de\/at\/erkaeltung\/#breadcrumb","itemListElement":[{"@type":"ListItem","position":1,"name":"Startseite","item":"https:\/\/www.meditonsin.de\/at\/"},{"@type":"ListItem","position":2,"name":"Erk\u00e4ltung"}]},{"@type":"WebSite","@id":"https:\/\/www.meditonsin.de\/at\/#website","url":"https:\/\/www.meditonsin.de\/at\/","name":"Meditonsin bei Erk\u00e4ltung","description":"","potentialAction":[{"@type":"SearchAction","target":{"@type":"EntryPoint","urlTemplate":"https:\/\/www.meditonsin.de\/at\/?s={search_term_string}"},"query-input":{"@type":"PropertyValueSpecification","valueRequired":true,"valueName":"search_term_string"}}],"inLanguage":"de-AT"}]}},"lang":"at","translations":{"at":3137},"pll_sync_post":[],"_links":{"self":[{"href":"https:\/\/www.meditonsin.de\/at\/wp-json\/wp\/v2\/pages\/3137","targetHints":{"allow":["GET"]}}],"collection":[{"href":"https:\/\/www.meditonsin.de\/at\/wp-json\/wp\/v2\/pages"}],"about":[{"href":"https:\/\/www.meditonsin.de\/at\/wp-json\/wp\/v2\/types\/page"}],"author":[{"embeddable":true,"href":"https:\/\/www.meditonsin.de\/at\/wp-json\/wp\/v2\/users\/1"}],"replies":[{"embeddable":true,"href":"https:\/\/www.meditonsin.de\/at\/wp-json\/wp\/v2\/comments?post=3137"}],"version-history":[{"count":8,"href":"https:\/\/www.meditonsin.de\/at\/wp-json\/wp\/v2\/pages\/3137\/revisions"}],"predecessor-version":[{"id":3297,"href":"https:\/\/www.meditonsin.de\/at\/wp-json\/wp\/v2\/pages\/3137\/revisions\/3297"}],"wp:attachment":[{"href":"https:\/\/www.meditonsin.de\/at\/wp-json\/wp\/v2\/media?parent=3137"}],"curies":[{"name":"wp","href":"https:\/\/api.w.org\/{rel}","templated":true}]}}