{"id":3140,"date":"2023-10-27T14:04:24","date_gmt":"2023-10-27T12:04:24","guid":{"rendered":"https:\/\/www.meditonsin.de\/?page_id=3140"},"modified":"2023-12-21T16:02:09","modified_gmt":"2023-12-21T15:02:09","slug":"entstehung-ursachen","status":"publish","type":"page","link":"https:\/\/www.meditonsin.de\/at\/erkaeltung\/entstehung-ursachen\/","title":{"rendered":"Ursachen einer Erk\u00e4ltung"},"content":{"rendered":"<div id=\"pl-3140\"  class=\"panel-layout\" ><div id=\"pg-3140-0\"  class=\"panel-grid panel-has-style\" ><div class=\"siteorigin-panels-stretch panel-row-style panel-row-style-for-3140-0\" data-stretch-type=\"full-stretched\" ><div id=\"pgc-3140-0-0\"  class=\"panel-grid-cell\" ><div id=\"panel-3140-0-0-0\" class=\"so-panel widget widget_wph-header-form-fields panel-first-child panel-last-child\" data-index=\"0\" ><div\n\t\t\t\n\t\t\tclass=\"so-widget-wph-header-form-fields so-widget-wph-header-form-fields-base\"\n\t\t\t\n\t\t><section class=\" header-hero widget\">\n    <div class=\"container-fluid p-0\">\n        <div class=\"row g-0\">\n            <div class=\"col-md-12\">\n                <div class=\"header-vedio\">\n                    <img decoding=\"async\" src=\"https:\/\/www.meditonsin.de\/at\/media\/2023\/12\/meditonsin_erkaeltung.jpg\" >\n                <\/div>\n            <\/div>\n        <\/div>\n        <div class=\"header-hero-inner\">\n            <h1 id=\"parent-fieldname-title\" class=\"documentFirstHeading\" style=\"line-height: 3.3rem;\"><span style=\"font-size: 36pt;\">Erk\u00e4ltung vorbeugen, erkennen &amp; behandeln<\/span><\/h1>\n                    <\/div>\n\n    <\/div>\n<\/section><\/div><\/div><\/div><\/div><\/div><div id=\"pg-3140-1\"  class=\"panel-grid panel-has-style\" ><div class=\"siteorigin-panels-stretch panel-row-style panel-row-style-for-3140-1\" data-stretch-type=\"full\" ><div id=\"pgc-3140-1-0\"  class=\"panel-grid-cell panel-grid-cell-mobile-last\" ><div id=\"panel-3140-1-0-0\" class=\"so-panel widget widget_sow-editor panel-first-child panel-last-child\" data-index=\"1\" ><div\n\t\t\t\n\t\t\tclass=\"so-widget-sow-editor so-widget-sow-editor-base\"\n\t\t\t\n\t\t>\n<div class=\"siteorigin-widget-tinymce textwidget\">\n\t<h1 id=\"parent-fieldname-title\" class=\"documentFirstHeading\">Ursachen einer Erk\u00e4ltung<\/h1>\n<h2 id=\"parent-fieldname-description\" class=\"documentDescription\">So entsteht ein grippaler Infekt<\/h2>\n<\/div>\n<\/div><\/div><\/div><div id=\"pgc-3140-1-1\"  class=\"panel-grid-cell panel-grid-cell-empty\" ><\/div><\/div><\/div><div id=\"pg-3140-2\"  class=\"panel-grid panel-has-style\" ><div class=\"siteorigin-panels-stretch panel-row-style panel-row-style-for-3140-2\" data-stretch-type=\"full\" ><div id=\"pgc-3140-2-0\"  class=\"panel-grid-cell\" ><div id=\"panel-3140-2-0-0\" class=\"so-panel widget widget_sow-editor panel-first-child panel-last-child\" data-index=\"2\" ><div\n\t\t\t\n\t\t\tclass=\"so-widget-sow-editor so-widget-sow-editor-base\"\n\t\t\t\n\t\t>\n<div class=\"siteorigin-widget-tinymce textwidget\">\n\t<p id=\"parent-fieldname-description\" class=\"documentDescription\">Unser k\u00f6rpereigenes Abwehrsystem ist st\u00e4ndig auf Trab, denn \u00fcber den gesamten Tag ist unser K\u00f6rper Bakterien und Viren ausgesetzt. Meistens arbeitet es so gut und effizient, dass wir davon nichts mitbekommen. Nat\u00fcrliche Schutzmechanismen des K\u00f6rpers sind beispielsweise die feinen H\u00e4rchen der Schleimh\u00e4ute in der Nase, die Krankheitserreger aufhalten, bevor sie dann mit dem n\u00e4chsten Nieser aus dem K\u00f6rper bef\u00f6rdert werden. Auch bestimmte wei\u00dfe Blutk\u00f6rperchen sind Bestandteil des nat\u00fcrlichen Abwehrsystems. Wenn ein Virus in den K\u00f6rper gelangt, wird es zun\u00e4chst von sogenannten \u201eFresszellen\u201c einverleibt und anschlie\u00dfend von T-Zellen abget\u00f6tet. Im Zuge dieses Prozesses entwickeln die B-Zellen Antik\u00f6rper, welche den Krankheitserreger unsch\u00e4dlich und den K\u00f6rper immun machen, sollte derselbe Erreger wiederkehren.<\/p>\n<div id=\"content-core\">\n<div id=\"parent-fieldname-text-96197c14b76749718f28af41ea2fc3e0\" class=\"\">\n<p>So gut unser Abwehrsystem auch arbeitet, es kommt nat\u00fcrlich immer wieder vor, dass Viren es \u00fcberwinden und sich ausbreiten. Ist das Immunsystem geschw\u00e4cht, dann ist die Ansteckungsgefahr zus\u00e4tzlich erh\u00f6ht. Bei Erk\u00e4ltungsviren sind Symptome wie Husten, Kopf- und Gliederschmerzen, verstopfte Atemwege oder leichtes Fieber die Folge. Die \u00dcbertragungswege solcher Viren sind im allt\u00e4glichen Leben zahlreich. Vor allem immer dann, wenn man engen Kontakt zu anderen Menschen hat.<\/p>\n<\/div>\n<\/div>\n<\/div>\n<\/div><\/div><\/div><div id=\"pgc-3140-2-1\"  class=\"panel-grid-cell\" ><div id=\"panel-3140-2-1-0\" class=\"so-panel widget widget_sow-image panel-first-child panel-last-child\" data-index=\"3\" ><div\n\t\t\t\n\t\t\tclass=\"so-widget-sow-image so-widget-sow-image-default-8b5b6f678277-3140\"\n\t\t\t\n\t\t>\n<div class=\"sow-image-container\">\n\t\t<img \n\tsrc=\"https:\/\/www.meditonsin.de\/at\/media\/2021\/12\/erkaeltung-ursachen.webp\" width=\"1141\" height=\"993\" srcset=\"https:\/\/www.meditonsin.de\/at\/media\/2021\/12\/erkaeltung-ursachen.webp 1141w, https:\/\/www.meditonsin.de\/at\/media\/2021\/12\/erkaeltung-ursachen-300x261.webp 300w, https:\/\/www.meditonsin.de\/at\/media\/2021\/12\/erkaeltung-ursachen-1024x891.webp 1024w, https:\/\/www.meditonsin.de\/at\/media\/2021\/12\/erkaeltung-ursachen-768x668.webp 768w\" sizes=\"(max-width: 1141px) 100vw, 1141px\" alt=\"\" \t\tclass=\"so-widget-image\"\/>\n\t<\/div>\n\n<\/div><\/div><\/div><\/div><\/div><div id=\"pg-3140-3\"  class=\"panel-grid panel-has-style\" ><div class=\"siteorigin-panels-stretch panel-row-style panel-row-style-for-3140-3\" data-stretch-type=\"full\" ><div id=\"pgc-3140-3-0\"  class=\"panel-grid-cell\" ><div id=\"panel-3140-3-0-0\" class=\"so-panel widget widget_sow-editor panel-first-child panel-last-child\" data-index=\"4\" ><div\n\t\t\t\n\t\t\tclass=\"so-widget-sow-editor so-widget-sow-editor-base\"\n\t\t\t\n\t\t>\n<div class=\"siteorigin-widget-tinymce textwidget\">\n\t<h2><span style=\"color: #600e02;\"><strong>Ansteckungsgefahren im Alltag<\/strong><\/span><\/h2>\n<p>Besonders in der kalten Jahreszeit lauert in vielen Alltagssituationen eine erh\u00f6hte Ansteckungsgefahr. Bei der \u00dcbertragung durch die Luft oder engen Kontakt zu Menschen spricht man von einer sogenannten\u00a0<strong>Tr\u00f6pfchen- oder Schmierinfektion<\/strong>. \u00dcberall dort, wo Sie in n\u00e4heren Kontakt mit Menschen \u2013 oder Gegenst\u00e4nden, die vermehrten Hautkontakt haben \u2013 kommen, k\u00f6nnen sich Erk\u00e4ltungsviren leicht \u00fcbertragen. Dazu z\u00e4hlen beispielsweise Fahrten in \u00f6ffentlichen Verkehrsmitteln, Treppengel\u00e4nder oder Wartezimmer in Arztpraxen. Speziell in Gro\u00dfraumb\u00fcros kann sich der grippale Infekt eines Mitarbeiters schnell auf das gesamte Team \u00fcbertragen.\u00a0<a href=\"https:\/\/www.meditonsin.de\/at\/erkaeltung\/tipps-tricks-hausmittel\" rel=\"noopener\">N\u00fctzliche Tipps und Tricks zur schnellen Genesung finden Sie hier.<\/a><\/p>\n<p>Nicht nur Ihre Mitmenschen k\u00f6nnen von einer Erk\u00e4ltung angesteckt werden, auch Ihre Haustiere bleiben nicht verschont. Halten Sie bei einem akuten grippalen Infekt \u2013 schon aus hygienischen Gr\u00fcnden \u2013 Abstand zu Ihrem Haustier. Ist der Erk\u00e4ltungsvirus einmal an Hund oder Katze \u00fcbertragen, ist eine umgekehrte \u00dcbertragung auf einen gesunden Menschen jedoch in den meisten F\u00e4llen ausgeschlossen.<\/p>\n<p>Virusinfektionen kommen sehr viel h\u00e4ufiger vor als bakterielle Infektionen. Insgesamt gibt es \u00fcber 200 Virentypen, die Erk\u00e4ltungskrankheiten bei einem Menschen ausl\u00f6sen k\u00f6nnen. Die bekanntesten sind Rhinoviren und Enteroviren. Auch wenn das Abwehrsystem Immunit\u00e4t gegen einzelne Erreger herstellt, entstehen durch Mutationen st\u00e4ndig neue Virenarten, die einen Infekt zur Folge haben k\u00f6nnen. Daher ist es wichtig, die k\u00f6rpereigenen Abwehrkr\u00e4fte mit gesunder Ern\u00e4hrung und viel Bewegung zu unterst\u00fctzen und einer Ansteckung entsprechend vorzubeugen.<\/p>\n<p>Oft spricht man umgangssprachlich von einer Grippe, wenn eigentlich ein grippaler Infekt gemeint ist. Eine \u201erichtige\u201c Grippe wird durch sogenannte \u201eInfluenzaviren\u201c ausgel\u00f6st, gegen die es Impfstoffe gibt. Auch wenn sich einige Symptome wie Hustenreiz oder Kopfschmerzen \u00e4hneln, der Krankheitsbeginn einer Grippe setzt meist schlagartiger ein als bei einem grippalen Infekt und die Symptome sind heftiger. Typisch f\u00fcr eine Grippe sind sehr pl\u00f6tzlich ausbrechendes, hohes Fieber sowie ein extremes Krankheitsgef\u00fchl, das den gesamten K\u00f6rper erfasst.<\/p>\n<p>Eine hilfreiche \u00dcbersicht zur Unterscheidung von Erk\u00e4ltung und Grippe anhand der Symptome sowie einen Erk\u00e4ltungs- und Grippetest finden Sie\u00a0<a href=\"https:\/\/www.meditonsin.de\/at\/erkaeltung\/erkennen\" rel=\"noopener\">hier<\/a>.<\/p>\n<\/div>\n<\/div><\/div><\/div><\/div><\/div><\/div>","protected":false},"excerpt":{"rendered":"<p>Ursachen einer Erk\u00e4ltung So entsteht ein grippaler Infekt<\/p>\n","protected":false},"author":1,"featured_media":0,"parent":3137,"menu_order":0,"comment_status":"closed","ping_status":"closed","template":"","meta":{"footnotes":""},"class_list":["post-3140","page","type-page","status-publish","hentry"],"yoast_head":"<!-- This site is optimized with the Yoast SEO plugin v26.3 - https:\/\/yoast.com\/wordpress\/plugins\/seo\/ -->\n<title>Ursachen einer Erk\u00e4ltung | Meditonsin bei Erk\u00e4ltung<\/title>\n<meta name=\"description\" content=\"Ursachen einer Erk\u00e4ltung - So entsteht ein grippaler Infekt.\" \/>\n<meta name=\"robots\" content=\"index, follow, max-snippet:-1, max-image-preview:large, max-video-preview:-1\" \/>\n<link rel=\"canonical\" href=\"https:\/\/www.meditonsin.de\/at\/erkaeltung\/entstehung-ursachen\/\" \/>\n<meta property=\"og:locale\" content=\"de_DE\" \/>\n<meta property=\"og:type\" content=\"article\" \/>\n<meta property=\"og:title\" content=\"Ursachen einer Erk\u00e4ltung | Meditonsin bei Erk\u00e4ltung\" \/>\n<meta property=\"og:description\" content=\"Ursachen einer Erk\u00e4ltung - So entsteht ein grippaler Infekt.\" \/>\n<meta property=\"og:url\" content=\"https:\/\/www.meditonsin.de\/at\/erkaeltung\/entstehung-ursachen\/\" \/>\n<meta property=\"og:site_name\" content=\"Meditonsin bei Erk\u00e4ltung\" \/>\n<meta property=\"article:modified_time\" content=\"2023-12-21T15:02:09+00:00\" \/>\n<meta name=\"twitter:card\" content=\"summary_large_image\" \/>\n<meta name=\"twitter:label1\" content=\"Gesch\u00e4tzte Lesezeit\" \/>\n\t<meta name=\"twitter:data1\" content=\"3 Minuten\" \/>\n<script type=\"application\/ld+json\" class=\"yoast-schema-graph\">{\"@context\":\"https:\/\/schema.org\",\"@graph\":[{\"@type\":\"WebPage\",\"@id\":\"https:\/\/www.meditonsin.de\/at\/erkaeltung\/entstehung-ursachen\/\",\"url\":\"https:\/\/www.meditonsin.de\/at\/erkaeltung\/entstehung-ursachen\/\",\"name\":\"Ursachen einer Erk\u00e4ltung | Meditonsin bei Erk\u00e4ltung\",\"isPartOf\":{\"@id\":\"https:\/\/www.meditonsin.de\/at\/#website\"},\"datePublished\":\"2023-10-27T12:04:24+00:00\",\"dateModified\":\"2023-12-21T15:02:09+00:00\",\"description\":\"Ursachen einer Erk\u00e4ltung - So entsteht ein grippaler Infekt.\",\"breadcrumb\":{\"@id\":\"https:\/\/www.meditonsin.de\/at\/erkaeltung\/entstehung-ursachen\/#breadcrumb\"},\"inLanguage\":\"de-AT\",\"potentialAction\":[{\"@type\":\"ReadAction\",\"target\":[\"https:\/\/www.meditonsin.de\/at\/erkaeltung\/entstehung-ursachen\/\"]}]},{\"@type\":\"BreadcrumbList\",\"@id\":\"https:\/\/www.meditonsin.de\/at\/erkaeltung\/entstehung-ursachen\/#breadcrumb\",\"itemListElement\":[{\"@type\":\"ListItem\",\"position\":1,\"name\":\"Startseite\",\"item\":\"https:\/\/www.meditonsin.de\/at\/\"},{\"@type\":\"ListItem\",\"position\":2,\"name\":\"Erk\u00e4ltung\",\"item\":\"https:\/\/www.meditonsin.de\/at\/erkaeltung\/\"},{\"@type\":\"ListItem\",\"position\":3,\"name\":\"Ursachen einer Erk\u00e4ltung\"}]},{\"@type\":\"WebSite\",\"@id\":\"https:\/\/www.meditonsin.de\/at\/#website\",\"url\":\"https:\/\/www.meditonsin.de\/at\/\",\"name\":\"Meditonsin bei Erk\u00e4ltung\",\"description\":\"\",\"potentialAction\":[{\"@type\":\"SearchAction\",\"target\":{\"@type\":\"EntryPoint\",\"urlTemplate\":\"https:\/\/www.meditonsin.de\/at\/?s={search_term_string}\"},\"query-input\":{\"@type\":\"PropertyValueSpecification\",\"valueRequired\":true,\"valueName\":\"search_term_string\"}}],\"inLanguage\":\"de-AT\"}]}<\/script>\n<!-- \/ Yoast SEO plugin. -->","yoast_head_json":{"title":"Ursachen einer Erk\u00e4ltung | Meditonsin bei Erk\u00e4ltung","description":"Ursachen einer Erk\u00e4ltung - So entsteht ein grippaler Infekt.","robots":{"index":"index","follow":"follow","max-snippet":"max-snippet:-1","max-image-preview":"max-image-preview:large","max-video-preview":"max-video-preview:-1"},"canonical":"https:\/\/www.meditonsin.de\/at\/erkaeltung\/entstehung-ursachen\/","og_locale":"de_DE","og_type":"article","og_title":"Ursachen einer Erk\u00e4ltung | Meditonsin bei Erk\u00e4ltung","og_description":"Ursachen einer Erk\u00e4ltung - So entsteht ein grippaler Infekt.","og_url":"https:\/\/www.meditonsin.de\/at\/erkaeltung\/entstehung-ursachen\/","og_site_name":"Meditonsin bei Erk\u00e4ltung","article_modified_time":"2023-12-21T15:02:09+00:00","twitter_card":"summary_large_image","twitter_misc":{"Gesch\u00e4tzte Lesezeit":"3 Minuten"},"schema":{"@context":"https:\/\/schema.org","@graph":[{"@type":"WebPage","@id":"https:\/\/www.meditonsin.de\/at\/erkaeltung\/entstehung-ursachen\/","url":"https:\/\/www.meditonsin.de\/at\/erkaeltung\/entstehung-ursachen\/","name":"Ursachen einer Erk\u00e4ltung | Meditonsin bei Erk\u00e4ltung","isPartOf":{"@id":"https:\/\/www.meditonsin.de\/at\/#website"},"datePublished":"2023-10-27T12:04:24+00:00","dateModified":"2023-12-21T15:02:09+00:00","description":"Ursachen einer Erk\u00e4ltung - So entsteht ein grippaler Infekt.","breadcrumb":{"@id":"https:\/\/www.meditonsin.de\/at\/erkaeltung\/entstehung-ursachen\/#breadcrumb"},"inLanguage":"de-AT","potentialAction":[{"@type":"ReadAction","target":["https:\/\/www.meditonsin.de\/at\/erkaeltung\/entstehung-ursachen\/"]}]},{"@type":"BreadcrumbList","@id":"https:\/\/www.meditonsin.de\/at\/erkaeltung\/entstehung-ursachen\/#breadcrumb","itemListElement":[{"@type":"ListItem","position":1,"name":"Startseite","item":"https:\/\/www.meditonsin.de\/at\/"},{"@type":"ListItem","position":2,"name":"Erk\u00e4ltung","item":"https:\/\/www.meditonsin.de\/at\/erkaeltung\/"},{"@type":"ListItem","position":3,"name":"Ursachen einer Erk\u00e4ltung"}]},{"@type":"WebSite","@id":"https:\/\/www.meditonsin.de\/at\/#website","url":"https:\/\/www.meditonsin.de\/at\/","name":"Meditonsin bei Erk\u00e4ltung","description":"","potentialAction":[{"@type":"SearchAction","target":{"@type":"EntryPoint","urlTemplate":"https:\/\/www.meditonsin.de\/at\/?s={search_term_string}"},"query-input":{"@type":"PropertyValueSpecification","valueRequired":true,"valueName":"search_term_string"}}],"inLanguage":"de-AT"}]}},"lang":"at","translations":{"at":3140},"pll_sync_post":[],"_links":{"self":[{"href":"https:\/\/www.meditonsin.de\/at\/wp-json\/wp\/v2\/pages\/3140","targetHints":{"allow":["GET"]}}],"collection":[{"href":"https:\/\/www.meditonsin.de\/at\/wp-json\/wp\/v2\/pages"}],"about":[{"href":"https:\/\/www.meditonsin.de\/at\/wp-json\/wp\/v2\/types\/page"}],"author":[{"embeddable":true,"href":"https:\/\/www.meditonsin.de\/at\/wp-json\/wp\/v2\/users\/1"}],"replies":[{"embeddable":true,"href":"https:\/\/www.meditonsin.de\/at\/wp-json\/wp\/v2\/comments?post=3140"}],"version-history":[{"count":10,"href":"https:\/\/www.meditonsin.de\/at\/wp-json\/wp\/v2\/pages\/3140\/revisions"}],"predecessor-version":[{"id":3357,"href":"https:\/\/www.meditonsin.de\/at\/wp-json\/wp\/v2\/pages\/3140\/revisions\/3357"}],"up":[{"embeddable":true,"href":"https:\/\/www.meditonsin.de\/at\/wp-json\/wp\/v2\/pages\/3137"}],"wp:attachment":[{"href":"https:\/\/www.meditonsin.de\/at\/wp-json\/wp\/v2\/media?parent=3140"}],"curies":[{"name":"wp","href":"https:\/\/api.w.org\/{rel}","templated":true}]}}