{"id":3143,"date":"2023-10-27T14:04:49","date_gmt":"2023-10-27T12:04:49","guid":{"rendered":"https:\/\/www.meditonsin.de\/?page_id=3143"},"modified":"2023-12-20T14:34:27","modified_gmt":"2023-12-20T13:34:27","slug":"symptome-anzeichen","status":"publish","type":"page","link":"https:\/\/www.meditonsin.de\/at\/erkaeltung\/symptome-anzeichen\/","title":{"rendered":"Symptome einer Erk\u00e4ltung"},"content":{"rendered":"<div id=\"pl-3143\"  class=\"panel-layout\" ><div id=\"pg-3143-0\"  class=\"panel-grid panel-has-style\" ><div class=\"siteorigin-panels-stretch panel-row-style panel-row-style-for-3143-0\" data-stretch-type=\"full-stretched\" ><div id=\"pgc-3143-0-0\"  class=\"panel-grid-cell\" ><div id=\"panel-3143-0-0-0\" class=\"so-panel widget widget_wph-header-form-fields panel-first-child panel-last-child\" data-index=\"0\" ><div\n\t\t\t\n\t\t\tclass=\"so-widget-wph-header-form-fields so-widget-wph-header-form-fields-base\"\n\t\t\t\n\t\t><section class=\" header-hero widget\">\n    <div class=\"container-fluid p-0\">\n        <div class=\"row g-0\">\n            <div class=\"col-md-12\">\n                <div class=\"header-vedio\">\n                    <img decoding=\"async\" src=\"https:\/\/www.meditonsin.de\/at\/media\/2023\/12\/meditonsin_erkaeltung.jpg\" >\n                <\/div>\n            <\/div>\n        <\/div>\n        <div class=\"header-hero-inner\">\n            <h1 id=\"parent-fieldname-title\" class=\"documentFirstHeading\">Symptome einer Erk\u00e4ltung<\/h1>\n                    <\/div>\n\n    <\/div>\n<\/section><\/div><\/div><\/div><\/div><\/div><div id=\"pg-3143-1\"  class=\"panel-grid panel-has-style\" ><div class=\"siteorigin-panels-stretch panel-row-style panel-row-style-for-3143-1\" data-stretch-type=\"full\" ><div id=\"pgc-3143-1-0\"  class=\"panel-grid-cell panel-grid-cell-mobile-last\" ><div id=\"panel-3143-1-0-0\" class=\"so-panel widget widget_sow-editor panel-first-child panel-last-child\" data-index=\"1\" ><div\n\t\t\t\n\t\t\tclass=\"so-widget-sow-editor so-widget-sow-editor-base\"\n\t\t\t\n\t\t>\n<div class=\"siteorigin-widget-tinymce textwidget\">\n\t<h1 id=\"parent-fieldname-title\" class=\"documentFirstHeading\">Symptome einer Erk\u00e4ltung<\/h1>\n<h2 id=\"parent-fieldname-description\" class=\"documentDescription\">Anzeichen erkennen und richtig reagieren<\/h2>\n<\/div>\n<\/div><\/div><\/div><div id=\"pgc-3143-1-1\"  class=\"panel-grid-cell panel-grid-cell-empty\" ><\/div><\/div><\/div><div id=\"pg-3143-2\"  class=\"panel-grid panel-has-style\" ><div class=\"siteorigin-panels-stretch panel-row-style panel-row-style-for-3143-2\" data-stretch-type=\"full\" ><div id=\"pgc-3143-2-0\"  class=\"panel-grid-cell\" ><div id=\"panel-3143-2-0-0\" class=\"so-panel widget widget_sow-editor panel-first-child panel-last-child\" data-index=\"2\" ><div\n\t\t\t\n\t\t\tclass=\"so-widget-sow-editor so-widget-sow-editor-base\"\n\t\t\t\n\t\t>\n<div class=\"siteorigin-widget-tinymce textwidget\">\n\t<p>Erk\u00e4ltungsviren sind besonders in der kalten Jahreszeit sehr verbreitet. Die Inkubationszeit vor dem Ausbruch der Erk\u00e4ltung betr\u00e4gt in der Regel drei Tage, ein\u00a0<a href=\"https:\/\/www.meditonsin.de\/at\/erkaeltung\/verlauf\" rel=\"noopener\">klassischer Erk\u00e4ltungsverlauf<\/a>\u00a0kann unbehandelt bis zu neun Tage dauern. Die typischen Symptome konzentrieren sich vor allem auf den Hals-, Nasen- und Rachenbereich, da die Schleimh\u00e4ute in diesen Regionen bei einer Erk\u00e4ltung akut entz\u00fcndet sind (auch als Pharyngitis bezeichnet). Erste Anzeichen sind dabei ein anf\u00e4ngliches kratziges, trockenes Gef\u00fchl im Hals sowie Schluckbeschwerden und starker Niesreiz. Im weiteren Verlauf des grippalen Infekts verst\u00e4rken sich diese Symptome. Es kann auch leichtes Fieber hinzukommen. Typisch sind vor allem Schnupfen und eine verstopfte Nase. Halsschmerzen und Schluckbeschwerden k\u00f6nnen durch die fortschreitende Entz\u00fcndung st\u00e4rker werden und es kann zu einem trockenen Reizhusten kommen. Das ist die sogenannte Akutphase der Erk\u00e4ltung. Typische Begleitsymptome sind hierbei Abgeschlagenheit sowie Kopf- und Gliederschmerzen.<\/p>\n<p>Im Sprachgebrauch wird der grippale Infekt oft mit einer Grippe (oder auch: Influenza) gleichgesetzt. Im Gegensatz zum grippalen Infekt wird die \u201eechte\u201c Grippe aber von Influenzaviren ausgel\u00f6st. Der Krankheitsbeginn ist sehr pl\u00f6tzlich und die Symptome Reizhusten, Fieber, Sch\u00fcttelfrost, Kopf- und Gliederschmerzen treten gleichzeitig und wesentlich st\u00e4rker ausgepr\u00e4gt auf, wohingegen Schnupfen eher selten hinzukommt. Der Heilungsprozess dauert bei einer Grippe entsprechend l\u00e4nger. Testen Sie\u00a0<a href=\"https:\/\/www.meditonsin.de\/at\/erkaeltung\/erkennen\" rel=\"noopener\">hier<\/a>, ob Sie an einem grippalen Infekt oder doch an einer \u201eechten\u201c Grippe leiden. Falls einzelne Symptome besonders stark zu Tage treten oder Sie sich bez\u00fcglich Ihres Gesundheitszustands noch unsicher f\u00fchlen, ist zur Sicherheit eine \u00e4rztliche Untersuchung immer zu empfehlen.<\/p>\n<p>Bei einem grippalen Infekt ist ein Arztbesuch nicht zwingend erforderlich. Wichtig ist aber, bereits bei den ersten Anzeichen einer Erk\u00e4ltung zu reagieren. Werden die k\u00f6rpereigenen Abwehrmechanismen schon in der Fr\u00fchphase der Erk\u00e4ltung gezielt gest\u00e4rkt, kann der Krankheitsverlauf verk\u00fcrzt werden. Der\u00a0<a href=\"https:\/\/www.meditonsin.de\/at\/meditonsin\/natuerlicher-tri-komplex\" rel=\"noopener\">nat\u00fcrliche Tri-Komplex<sup>\u00ae<\/sup><\/a>, der in Meditonsin\u00ae\u00a0 Tropfen und Globuli enthalten ist, wirkt schon bei den ersten Anzeichen einer Erk\u00e4ltung, da der K\u00f6rper gezielte Impulse zur Aktivierung der k\u00f6rpereigenen Selbstheilungskr\u00e4fte erh\u00e4lt. Fr\u00fchzeitig eingenommen kann Meditonsin<sup>\u00ae<\/sup>\u00a0so daf\u00fcr sorgen, dass die Erk\u00e4ltung gar nicht voll zum Ausbruch kommt. Aber auch wenn die Erk\u00e4ltungssymptome bereits ausgepr\u00e4gt sind, ist Meditonsin<sup>\u00ae<\/sup> eine nat\u00fcrliche Hilfe.<\/p>\n<p>&nbsp;<\/p>\n<\/div>\n<\/div><\/div><\/div><div id=\"pgc-3143-2-1\"  class=\"panel-grid-cell\" ><div id=\"panel-3143-2-1-0\" class=\"so-panel widget widget_sow-image panel-first-child panel-last-child\" data-index=\"3\" ><div\n\t\t\t\n\t\t\tclass=\"so-widget-sow-image so-widget-sow-image-default-8b5b6f678277-3143\"\n\t\t\t\n\t\t>\n<div class=\"sow-image-container\">\n\t\t<img \n\tsrc=\"https:\/\/www.meditonsin.de\/at\/media\/2021\/12\/symptome-erkaeltung.webp\" width=\"811\" height=\"992\" srcset=\"https:\/\/www.meditonsin.de\/at\/media\/2021\/12\/symptome-erkaeltung.webp 811w, https:\/\/www.meditonsin.de\/at\/media\/2021\/12\/symptome-erkaeltung-245x300.webp 245w, https:\/\/www.meditonsin.de\/at\/media\/2021\/12\/symptome-erkaeltung-768x939.webp 768w\" sizes=\"(max-width: 811px) 100vw, 811px\" alt=\"\" \t\tclass=\"so-widget-image\"\/>\n\t<\/div>\n\n<\/div><\/div><\/div><\/div><\/div><div id=\"pg-3143-3\"  class=\"panel-grid panel-has-style\" ><div class=\"siteorigin-panels-stretch panel-row-style panel-row-style-for-3143-3\" data-stretch-type=\"full\" ><div id=\"pgc-3143-3-0\"  class=\"panel-grid-cell\" ><div id=\"panel-3143-3-0-0\" class=\"so-panel widget widget_sow-image panel-first-child panel-last-child\" data-index=\"4\" ><div\n\t\t\t\n\t\t\tclass=\"so-widget-sow-image so-widget-sow-image-default-8b5b6f678277-3143\"\n\t\t\t\n\t\t>\n<div class=\"sow-image-container\">\n\t\t<img \n\tsrc=\"https:\/\/www.meditonsin.de\/at\/media\/2021\/12\/image_phasenkreis.jpeg\" width=\"548\" height=\"550\" srcset=\"https:\/\/www.meditonsin.de\/at\/media\/2021\/12\/image_phasenkreis.jpeg 548w, https:\/\/www.meditonsin.de\/at\/media\/2021\/12\/image_phasenkreis-300x300.jpeg 300w, https:\/\/www.meditonsin.de\/at\/media\/2021\/12\/image_phasenkreis-150x150.jpeg 150w\" sizes=\"(max-width: 548px) 100vw, 548px\" alt=\"\" \t\tclass=\"so-widget-image\"\/>\n\t<\/div>\n\n<\/div><\/div><\/div><div id=\"pgc-3143-3-1\"  class=\"panel-grid-cell\" ><div id=\"panel-3143-3-1-0\" class=\"so-panel widget widget_sow-editor panel-first-child panel-last-child\" data-index=\"5\" ><div\n\t\t\t\n\t\t\tclass=\"so-widget-sow-editor so-widget-sow-editor-base\"\n\t\t\t\n\t\t>\n<div class=\"siteorigin-widget-tinymce textwidget\">\n\t<p>Aconitinum D5 deckt schon einen bedeutenden Teil der Erk\u00e4ltungssymptome ab und wird eingesetzt bei Erk\u00e4ltung, Fieber und Entz\u00fcndungen. Vor allem bei hochakuten Entz\u00fcndungen mit pl\u00f6tzlichem, heftigem Krankheitsbeginn ist Aconitinum D5 angezeigt. Erg\u00e4nzend dazu wirkt Atropinum sulfuricum D5 vor allem bei Anzeichen von fieberhaften Infekten mit Hals- und Kopfschmerzen, Schluckbeschwerden und trockenem Reizhusten. Mercurius cyanatus rundet den einzigartigen Tri-Komplex<sup>\u00ae<\/sup>\u00a0in Meditonsin<sup>\u00ae<\/sup>\u00a0ab. Es wird eingesetzt bei beginnender Vereiterung sowie bei Entz\u00fcndungsprozessen des gesamten lymphatischen Apparats.<\/p>\n<p>Das Zusammenspiel dieser drei bew\u00e4hrten nat\u00fcrlichen Inhaltsstoffe tr\u00e4gt entscheidend zur heilenden Gesamtwirkung von Meditonsin<sup>\u00ae<\/sup>\u00a0Tropfen und Globuli bei und hilft dem K\u00f6rper, auf nat\u00fcrliche Weise den Infekt schnell und gezielt zu bek\u00e4mpfen. Hier finden Sie weitere\u00a0<a href=\"https:\/\/www.meditonsin.de\/at\/erkaeltung\/tipps-tricks-hausmittel\" rel=\"noopener\">Tipps &amp; Tricks zur Behandlung einer Erk\u00e4ltung<\/a>.<\/p>\n<\/div>\n<\/div><\/div><\/div><\/div><\/div><\/div>","protected":false},"excerpt":{"rendered":"<p>Symptome einer Erk\u00e4ltung Anzeichen erkennen und richtig reagieren<\/p>\n","protected":false},"author":1,"featured_media":0,"parent":3137,"menu_order":0,"comment_status":"closed","ping_status":"closed","template":"","meta":{"footnotes":""},"class_list":["post-3143","page","type-page","status-publish","hentry"],"yoast_head":"<!-- This site is optimized with the Yoast SEO plugin v26.3 - https:\/\/yoast.com\/wordpress\/plugins\/seo\/ -->\n<title>Symptome einer Erk\u00e4ltung | Meditonsin bei Erk\u00e4ltung<\/title>\n<meta name=\"description\" content=\"Symptome einer Erk\u00e4ltung und Anzeichen erkennen und richtig reagieren.\" \/>\n<meta name=\"robots\" content=\"index, follow, max-snippet:-1, max-image-preview:large, max-video-preview:-1\" \/>\n<link rel=\"canonical\" href=\"https:\/\/www.meditonsin.de\/at\/erkaeltung\/symptome-anzeichen\/\" \/>\n<meta property=\"og:locale\" content=\"de_DE\" \/>\n<meta property=\"og:type\" content=\"article\" \/>\n<meta property=\"og:title\" content=\"Symptome einer Erk\u00e4ltung | Meditonsin bei Erk\u00e4ltung\" \/>\n<meta property=\"og:description\" content=\"Symptome einer Erk\u00e4ltung und Anzeichen erkennen und richtig reagieren.\" \/>\n<meta property=\"og:url\" content=\"https:\/\/www.meditonsin.de\/at\/erkaeltung\/symptome-anzeichen\/\" \/>\n<meta property=\"og:site_name\" content=\"Meditonsin bei Erk\u00e4ltung\" \/>\n<meta property=\"article:modified_time\" content=\"2023-12-20T13:34:27+00:00\" \/>\n<meta name=\"twitter:card\" content=\"summary_large_image\" \/>\n<meta name=\"twitter:label1\" content=\"Gesch\u00e4tzte Lesezeit\" \/>\n\t<meta name=\"twitter:data1\" content=\"3 Minuten\" \/>\n<script type=\"application\/ld+json\" class=\"yoast-schema-graph\">{\"@context\":\"https:\/\/schema.org\",\"@graph\":[{\"@type\":\"WebPage\",\"@id\":\"https:\/\/www.meditonsin.de\/at\/erkaeltung\/symptome-anzeichen\/\",\"url\":\"https:\/\/www.meditonsin.de\/at\/erkaeltung\/symptome-anzeichen\/\",\"name\":\"Symptome einer Erk\u00e4ltung | Meditonsin bei Erk\u00e4ltung\",\"isPartOf\":{\"@id\":\"https:\/\/www.meditonsin.de\/at\/#website\"},\"datePublished\":\"2023-10-27T12:04:49+00:00\",\"dateModified\":\"2023-12-20T13:34:27+00:00\",\"description\":\"Symptome einer Erk\u00e4ltung und Anzeichen erkennen und richtig reagieren.\",\"breadcrumb\":{\"@id\":\"https:\/\/www.meditonsin.de\/at\/erkaeltung\/symptome-anzeichen\/#breadcrumb\"},\"inLanguage\":\"de-AT\",\"potentialAction\":[{\"@type\":\"ReadAction\",\"target\":[\"https:\/\/www.meditonsin.de\/at\/erkaeltung\/symptome-anzeichen\/\"]}]},{\"@type\":\"BreadcrumbList\",\"@id\":\"https:\/\/www.meditonsin.de\/at\/erkaeltung\/symptome-anzeichen\/#breadcrumb\",\"itemListElement\":[{\"@type\":\"ListItem\",\"position\":1,\"name\":\"Startseite\",\"item\":\"https:\/\/www.meditonsin.de\/at\/\"},{\"@type\":\"ListItem\",\"position\":2,\"name\":\"Erk\u00e4ltung\",\"item\":\"https:\/\/www.meditonsin.de\/at\/erkaeltung\/\"},{\"@type\":\"ListItem\",\"position\":3,\"name\":\"Symptome einer Erk\u00e4ltung\"}]},{\"@type\":\"WebSite\",\"@id\":\"https:\/\/www.meditonsin.de\/at\/#website\",\"url\":\"https:\/\/www.meditonsin.de\/at\/\",\"name\":\"Meditonsin bei Erk\u00e4ltung\",\"description\":\"\",\"potentialAction\":[{\"@type\":\"SearchAction\",\"target\":{\"@type\":\"EntryPoint\",\"urlTemplate\":\"https:\/\/www.meditonsin.de\/at\/?s={search_term_string}\"},\"query-input\":{\"@type\":\"PropertyValueSpecification\",\"valueRequired\":true,\"valueName\":\"search_term_string\"}}],\"inLanguage\":\"de-AT\"}]}<\/script>\n<!-- \/ Yoast SEO plugin. -->","yoast_head_json":{"title":"Symptome einer Erk\u00e4ltung | Meditonsin bei Erk\u00e4ltung","description":"Symptome einer Erk\u00e4ltung und Anzeichen erkennen und richtig reagieren.","robots":{"index":"index","follow":"follow","max-snippet":"max-snippet:-1","max-image-preview":"max-image-preview:large","max-video-preview":"max-video-preview:-1"},"canonical":"https:\/\/www.meditonsin.de\/at\/erkaeltung\/symptome-anzeichen\/","og_locale":"de_DE","og_type":"article","og_title":"Symptome einer Erk\u00e4ltung | Meditonsin bei Erk\u00e4ltung","og_description":"Symptome einer Erk\u00e4ltung und Anzeichen erkennen und richtig reagieren.","og_url":"https:\/\/www.meditonsin.de\/at\/erkaeltung\/symptome-anzeichen\/","og_site_name":"Meditonsin bei Erk\u00e4ltung","article_modified_time":"2023-12-20T13:34:27+00:00","twitter_card":"summary_large_image","twitter_misc":{"Gesch\u00e4tzte Lesezeit":"3 Minuten"},"schema":{"@context":"https:\/\/schema.org","@graph":[{"@type":"WebPage","@id":"https:\/\/www.meditonsin.de\/at\/erkaeltung\/symptome-anzeichen\/","url":"https:\/\/www.meditonsin.de\/at\/erkaeltung\/symptome-anzeichen\/","name":"Symptome einer Erk\u00e4ltung | Meditonsin bei Erk\u00e4ltung","isPartOf":{"@id":"https:\/\/www.meditonsin.de\/at\/#website"},"datePublished":"2023-10-27T12:04:49+00:00","dateModified":"2023-12-20T13:34:27+00:00","description":"Symptome einer Erk\u00e4ltung und Anzeichen erkennen und richtig reagieren.","breadcrumb":{"@id":"https:\/\/www.meditonsin.de\/at\/erkaeltung\/symptome-anzeichen\/#breadcrumb"},"inLanguage":"de-AT","potentialAction":[{"@type":"ReadAction","target":["https:\/\/www.meditonsin.de\/at\/erkaeltung\/symptome-anzeichen\/"]}]},{"@type":"BreadcrumbList","@id":"https:\/\/www.meditonsin.de\/at\/erkaeltung\/symptome-anzeichen\/#breadcrumb","itemListElement":[{"@type":"ListItem","position":1,"name":"Startseite","item":"https:\/\/www.meditonsin.de\/at\/"},{"@type":"ListItem","position":2,"name":"Erk\u00e4ltung","item":"https:\/\/www.meditonsin.de\/at\/erkaeltung\/"},{"@type":"ListItem","position":3,"name":"Symptome einer Erk\u00e4ltung"}]},{"@type":"WebSite","@id":"https:\/\/www.meditonsin.de\/at\/#website","url":"https:\/\/www.meditonsin.de\/at\/","name":"Meditonsin bei Erk\u00e4ltung","description":"","potentialAction":[{"@type":"SearchAction","target":{"@type":"EntryPoint","urlTemplate":"https:\/\/www.meditonsin.de\/at\/?s={search_term_string}"},"query-input":{"@type":"PropertyValueSpecification","valueRequired":true,"valueName":"search_term_string"}}],"inLanguage":"de-AT"}]}},"lang":"at","translations":{"at":3143},"pll_sync_post":[],"_links":{"self":[{"href":"https:\/\/www.meditonsin.de\/at\/wp-json\/wp\/v2\/pages\/3143","targetHints":{"allow":["GET"]}}],"collection":[{"href":"https:\/\/www.meditonsin.de\/at\/wp-json\/wp\/v2\/pages"}],"about":[{"href":"https:\/\/www.meditonsin.de\/at\/wp-json\/wp\/v2\/types\/page"}],"author":[{"embeddable":true,"href":"https:\/\/www.meditonsin.de\/at\/wp-json\/wp\/v2\/users\/1"}],"replies":[{"embeddable":true,"href":"https:\/\/www.meditonsin.de\/at\/wp-json\/wp\/v2\/comments?post=3143"}],"version-history":[{"count":7,"href":"https:\/\/www.meditonsin.de\/at\/wp-json\/wp\/v2\/pages\/3143\/revisions"}],"predecessor-version":[{"id":3310,"href":"https:\/\/www.meditonsin.de\/at\/wp-json\/wp\/v2\/pages\/3143\/revisions\/3310"}],"up":[{"embeddable":true,"href":"https:\/\/www.meditonsin.de\/at\/wp-json\/wp\/v2\/pages\/3137"}],"wp:attachment":[{"href":"https:\/\/www.meditonsin.de\/at\/wp-json\/wp\/v2\/media?parent=3143"}],"curies":[{"name":"wp","href":"https:\/\/api.w.org\/{rel}","templated":true}]}}