{"id":3146,"date":"2023-10-27T14:13:20","date_gmt":"2023-10-27T12:13:20","guid":{"rendered":"https:\/\/www.meditonsin.de\/?page_id=3146"},"modified":"2023-12-20T14:33:02","modified_gmt":"2023-12-20T13:33:02","slug":"verlauf","status":"publish","type":"page","link":"https:\/\/www.meditonsin.de\/at\/erkaeltung\/verlauf\/","title":{"rendered":"Dauer und Verlauf"},"content":{"rendered":"<div id=\"pl-3146\"  class=\"panel-layout\" ><div id=\"pg-3146-0\"  class=\"panel-grid panel-has-style\" ><div class=\"siteorigin-panels-stretch panel-row-style panel-row-style-for-3146-0\" data-stretch-type=\"full-stretched\" ><div id=\"pgc-3146-0-0\"  class=\"panel-grid-cell\" ><div id=\"panel-3146-0-0-0\" class=\"so-panel widget widget_wph-header-form-fields panel-first-child panel-last-child\" data-index=\"0\" ><div\n\t\t\t\n\t\t\tclass=\"so-widget-wph-header-form-fields so-widget-wph-header-form-fields-base\"\n\t\t\t\n\t\t><section class=\" header-hero widget\">\n    <div class=\"container-fluid p-0\">\n        <div class=\"row g-0\">\n            <div class=\"col-md-12\">\n                <div class=\"header-vedio\">\n                    <img decoding=\"async\" src=\"https:\/\/www.meditonsin.de\/at\/media\/2023\/12\/meditonsin_erkaeltung.jpg\" >\n                <\/div>\n            <\/div>\n        <\/div>\n        <div class=\"header-hero-inner\">\n            <h1 id=\"parent-fieldname-title\" class=\"documentFirstHeading\">Dauer und Verlauf<\/h1>\n                    <\/div>\n\n    <\/div>\n<\/section><\/div><\/div><\/div><\/div><\/div><div id=\"pg-3146-1\"  class=\"panel-grid panel-has-style\" ><div class=\"siteorigin-panels-stretch panel-row-style panel-row-style-for-3146-1\" data-stretch-type=\"full\" ><div id=\"pgc-3146-1-0\"  class=\"panel-grid-cell panel-grid-cell-mobile-last\" ><div id=\"panel-3146-1-0-0\" class=\"so-panel widget widget_sow-editor panel-first-child panel-last-child\" data-index=\"1\" ><div\n\t\t\t\n\t\t\tclass=\"so-widget-sow-editor so-widget-sow-editor-base\"\n\t\t\t\n\t\t>\n<div class=\"siteorigin-widget-tinymce textwidget\">\n\t<h1 id=\"parent-fieldname-title\" class=\"documentFirstHeading\">Dauer und Verlauf<\/h1>\n<h2 id=\"parent-fieldname-description\" class=\"documentDescription\">Die typischen Phasen einer Erk\u00e4ltung<\/h2>\n<\/div>\n<\/div><\/div><\/div><div id=\"pgc-3146-1-1\"  class=\"panel-grid-cell panel-grid-cell-empty\" ><\/div><\/div><\/div><div id=\"pg-3146-2\"  class=\"panel-grid panel-has-style\" ><div class=\"siteorigin-panels-stretch panel-row-style panel-row-style-for-3146-2\" data-stretch-type=\"full\" ><div id=\"pgc-3146-2-0\"  class=\"panel-grid-cell panel-grid-cell-mobile-last\" ><div id=\"panel-3146-2-0-0\" class=\"so-panel widget widget_sow-editor panel-first-child panel-last-child\" data-index=\"2\" ><div\n\t\t\t\n\t\t\tclass=\"so-widget-sow-editor so-widget-sow-editor-base\"\n\t\t\t\n\t\t>\n<div class=\"siteorigin-widget-tinymce textwidget\">\n\t<p>Eine Erk\u00e4ltung verl\u00e4uft in mehreren Phasen und dauert unbehandelt etwa neun Tage. Rund 200 Virenarten k\u00f6nnen Ausl\u00f6ser sein, darunter sind Rhinoviren mit etwa 40 Prozent am h\u00e4ufigsten\u00a0<a href=\"https:\/\/www.meditonsin.de\/at\/erkaeltung\/entstehung-ursachen\" rel=\"noopener\">f\u00fcr eine Infektion verantwortlich<\/a>. Sie werden per Schmier- oder Tr\u00f6pfcheninfektion \u00fcbertragen. W\u00e4hrend bei der Schmierinfektion die \u00dcbertragung durch K\u00f6rperkontakt oder durch die Ber\u00fchrung von Gegenst\u00e4nden wie beispielsweise T\u00fcrklinken erfolgt, liegen die Viren bei der Tr\u00f6pfcheninfektion sozusagen in der Luft. Niest oder hustet eine infizierte Person, gelangen die Viren in die Atemluft einer bisher gesunden Person \u2013 und k\u00f6nnen sie anstecken. Es kommt dann zum sogenannten grippalen Infekt.<\/p>\n<p><img loading=\"lazy\" decoding=\"async\" class=\"alignnone wp-image-3155 size-full\" src=\"https:\/\/www.meditonsin.de\/media\/2023\/10\/erkaeltungs-phasen.png\" alt=\"\" width=\"750\" height=\"332\" srcset=\"https:\/\/www.meditonsin.de\/at\/media\/2023\/10\/erkaeltungs-phasen.png 750w, https:\/\/www.meditonsin.de\/at\/media\/2023\/10\/erkaeltungs-phasen-300x133.png 300w\" sizes=\"auto, (max-width: 750px) 100vw, 750px\" \/><\/p>\n<\/div>\n<\/div><\/div><\/div><div id=\"pgc-3146-2-1\"  class=\"panel-grid-cell panel-grid-cell-empty\" ><\/div><\/div><\/div><div id=\"pg-3146-3\"  class=\"panel-grid panel-has-style\" ><div class=\"siteorigin-panels-stretch panel-row-style panel-row-style-for-3146-3\" data-stretch-type=\"full\" ><div id=\"pgc-3146-3-0\"  class=\"panel-grid-cell\" ><div id=\"panel-3146-3-0-0\" class=\"so-panel widget widget_sow-editor panel-first-child\" data-index=\"3\" ><div\n\t\t\t\n\t\t\tclass=\"so-widget-sow-editor so-widget-sow-editor-base\"\n\t\t\t\n\t\t>\n<div class=\"siteorigin-widget-tinymce textwidget\">\n\t<h2>Tag 1 - 2: Die Anfangsphase<\/h2>\n<p>Bereits ein oder zwei Tage nach einer\u00a0<a href=\"https:\/\/www.meditonsin.de\/at\/erkaeltung\/entstehung-ursachen\" rel=\"noopener\">Infektion<\/a>\u00a0treten die ersten\u00a0<a href=\"https:\/\/www.meditonsin.de\/at\/erkaeltung\/symptome-anzeichen\" rel=\"noopener\">Erk\u00e4ltungssymptome<\/a>\u00a0auf. Abgeschlagenheit, Halsschmerzen, Kopf- und Gliederschmerzen in leichter Form k\u00fcndigen die sich anbahnende Erkrankung an. Wer jetzt schnell handelt, kann die in den kommenden Tagen auftretenden Erk\u00e4ltungssymptome mit\u00a0<a href=\"https:\/\/www.meditonsin.de\/at\/meditonsin\" rel=\"noopener\">Meditonsin<sup>\u00ae<\/sup><\/a>\u00a0deutlich abmildern und den Erk\u00e4ltungsverlauf verk\u00fcrzen bzw. den vollst\u00e4ndigen Ausbruch der Erk\u00e4ltung sogar verhindern. Meditonsin<sup>\u00ae<\/sup>\u00a0ist als Tropfen und auch als Globuli erh\u00e4ltlich.<\/p>\n<\/div>\n<\/div><\/div><div id=\"panel-3146-3-0-1\" class=\"so-panel widget widget_sow-editor panel-last-child\" data-index=\"4\" ><div\n\t\t\t\n\t\t\tclass=\"so-widget-sow-editor so-widget-sow-editor-base\"\n\t\t\t\n\t\t>\n<div class=\"siteorigin-widget-tinymce textwidget\">\n\t<h2>Tag 3 - 5: Die Akutphase<\/h2>\n<p>Nun treten die Symptome in deutlich verst\u00e4rkter Form auf. Die Nase l\u00e4uft oder ist verstopft, Kopf- und Gliederschmerzen nehmen zu und Halsschmerzen lassen das Schlucken schwerfallen. Erh\u00f6hte Temperatur oder leichtes Fieber k\u00f6nnen hinzukommen. Pl\u00f6tzlich auftretendes hohes Fieber l\u00e4sst hingegen statt eines grippalen Infekts eher auf eine \u201eechte\u201c\u00a0<a href=\"https:\/\/www.meditonsin.de\/at\/erkaeltung\/erkennen\" rel=\"noopener\">Grippe<\/a>\u00a0schlie\u00dfen.<\/p>\n<p>In dieser Phase ist es wichtig, es ruhig angehen zu lassen. Bettruhe und ausreichend Schlaf,\u00a0<a href=\"https:\/\/www.meditonsin.de\/at\/erkaeltung\/tipps-tricks-hausmittel\" rel=\"noopener\">Hausmittel<\/a>\u00a0und leichte\u00a0Rezepte, wie beispielsweise eine\u00a0H\u00fchnersuppe, sorgen f\u00fcr mehr Wohlbefinden.\u00a0<a href=\"https:\/\/www.meditonsin.de\/at\/meditonsin\" rel=\"noopener\">Nat\u00fcrliche Mittel<\/a>\u00a0k\u00f6nnen auch in dieser Phase f\u00fcr einen milderen Erk\u00e4ltungsverlauf sorgen, ohne den Organismus zu belasten.<\/p>\n<\/div>\n<\/div><\/div><\/div><div id=\"pgc-3146-3-1\"  class=\"panel-grid-cell\" ><div id=\"panel-3146-3-1-0\" class=\"so-panel widget widget_sow-image panel-first-child panel-last-child\" data-index=\"5\" ><div\n\t\t\t\n\t\t\tclass=\"so-widget-sow-image so-widget-sow-image-default-8b5b6f678277-3146\"\n\t\t\t\n\t\t>\n<div class=\"sow-image-container\">\n\t\t<img \n\tsrc=\"https:\/\/www.meditonsin.de\/at\/media\/2021\/12\/erkaeltung-meditonsin.webp\" width=\"1141\" height=\"993\" srcset=\"https:\/\/www.meditonsin.de\/at\/media\/2021\/12\/erkaeltung-meditonsin.webp 1141w, https:\/\/www.meditonsin.de\/at\/media\/2021\/12\/erkaeltung-meditonsin-300x261.webp 300w, https:\/\/www.meditonsin.de\/at\/media\/2021\/12\/erkaeltung-meditonsin-1024x891.webp 1024w, https:\/\/www.meditonsin.de\/at\/media\/2021\/12\/erkaeltung-meditonsin-768x668.webp 768w\" sizes=\"(max-width: 1141px) 100vw, 1141px\" alt=\"\" \t\tclass=\"so-widget-image\"\/>\n\t<\/div>\n\n<\/div><\/div><\/div><\/div><\/div><div id=\"pg-3146-4\"  class=\"panel-grid panel-has-style\" ><div class=\"siteorigin-panels-stretch panel-row-style panel-row-style-for-3146-4\" data-stretch-type=\"full\" ><div id=\"pgc-3146-4-0\"  class=\"panel-grid-cell\" ><div id=\"panel-3146-4-0-0\" class=\"so-panel widget widget_sow-image panel-first-child panel-last-child\" data-index=\"6\" ><div\n\t\t\t\n\t\t\tclass=\"so-widget-sow-image so-widget-sow-image-default-8b5b6f678277-3146\"\n\t\t\t\n\t\t>\n<div class=\"sow-image-container\">\n\t\t<img \n\tsrc=\"https:\/\/www.meditonsin.de\/at\/media\/2021\/12\/verlauf-ende.webp\" width=\"1141\" height=\"993\" srcset=\"https:\/\/www.meditonsin.de\/at\/media\/2021\/12\/verlauf-ende.webp 1141w, https:\/\/www.meditonsin.de\/at\/media\/2021\/12\/verlauf-ende-300x261.webp 300w, https:\/\/www.meditonsin.de\/at\/media\/2021\/12\/verlauf-ende-1024x891.webp 1024w, https:\/\/www.meditonsin.de\/at\/media\/2021\/12\/verlauf-ende-768x668.webp 768w\" sizes=\"(max-width: 1141px) 100vw, 1141px\" alt=\"\" \t\tclass=\"so-widget-image\"\/>\n\t<\/div>\n\n<\/div><\/div><\/div><div id=\"pgc-3146-4-1\"  class=\"panel-grid-cell\" ><div id=\"panel-3146-4-1-0\" class=\"so-panel widget widget_sow-editor panel-first-child\" data-index=\"7\" ><div\n\t\t\t\n\t\t\tclass=\"so-widget-sow-editor so-widget-sow-editor-base\"\n\t\t\t\n\t\t>\n<div class=\"siteorigin-widget-tinymce textwidget\">\n\t<h2>Tag 6 - 9: Sp\u00e4tphase<\/h2>\n<p>Kopf- und Gliederschmerzen lassen nach, auch die Nase wird langsam wieder frei. Daf\u00fcr kann nun ein trockener Reizhusten auftreten, der sich im weiteren Verlauf zu einem festsitzenden Husten, teils mit z\u00e4hem Schleim, entwickeln kann. Wer nun weiter am Ball bleibt und die\u00a0<a href=\"https:\/\/www.meditonsin.de\/at\/erkaeltung\/behandeln\" rel=\"noopener\">Erk\u00e4ltung gezielt behandelt<\/a>, ist sicher bald erk\u00e4ltungsfrei.<\/p>\n<\/div>\n<\/div><\/div><div id=\"panel-3146-4-1-1\" class=\"so-panel widget widget_sow-editor panel-last-child\" data-index=\"8\" ><div\n\t\t\t\n\t\t\tclass=\"so-widget-sow-editor so-widget-sow-editor-base\"\n\t\t\t\n\t\t>\n<div class=\"siteorigin-widget-tinymce textwidget\">\n\t<h2>Tag 10: Erk\u00e4ltung \u00fcberstanden?!<\/h2>\n<p>Endlich ist es so weit: Die\u00a0<a href=\"https:\/\/www.meditonsin.de\/at\/erkaeltung\/symptome-anzeichen\" rel=\"noopener\">Symptome<\/a>\u00a0sind im besten Fall komplett abgeklungen. Nun gilt es, nichts zu \u00fcberst\u00fcrzen: Auch wenn die Mattigkeit nachl\u00e4sst, sollte man sich weiterhin schonen, um die\u00a0<a href=\"https:\/\/www.meditonsin.de\/at\/erkaeltung\/behandeln\" rel=\"noopener\">Erk\u00e4ltung auch wirklich auszukurieren<\/a>\u00a0und sich nicht sofort wieder zu \u00fcberfordern.<\/p>\n<p>Wer sich wieder richtig gesund und munter f\u00fchlt, sollte ab jetzt daf\u00fcr sorgen, dass die Erk\u00e4ltung so schnell nicht wiederkehrt: Durch gezielte Ma\u00dfnahmen zur\u00a0<a href=\"https:\/\/www.meditonsin.de\/at\/erkaeltung\/vorbeugen\" rel=\"noopener\">Vorbeugung<\/a>.<\/p>\n<\/div>\n<\/div><\/div><\/div><\/div><\/div><\/div>","protected":false},"excerpt":{"rendered":"<p>Dauer und Verlauf Die typischen Phasen einer Erk\u00e4ltung<\/p>\n","protected":false},"author":1,"featured_media":0,"parent":3137,"menu_order":0,"comment_status":"closed","ping_status":"closed","template":"","meta":{"footnotes":""},"class_list":["post-3146","page","type-page","status-publish","hentry"],"yoast_head":"<!-- This site is optimized with the Yoast SEO plugin v26.3 - https:\/\/yoast.com\/wordpress\/plugins\/seo\/ -->\n<title>Dauer und Verlauf | Meditonsin bei Erk\u00e4ltung<\/title>\n<meta name=\"description\" content=\"Dauer und Verlauf - Die typischen Phasen bei einer Erk\u00e4ltung.\" \/>\n<meta name=\"robots\" content=\"index, follow, max-snippet:-1, max-image-preview:large, max-video-preview:-1\" \/>\n<link rel=\"canonical\" href=\"https:\/\/www.meditonsin.de\/at\/erkaeltung\/verlauf\/\" \/>\n<meta property=\"og:locale\" content=\"de_DE\" \/>\n<meta property=\"og:type\" content=\"article\" \/>\n<meta property=\"og:title\" content=\"Dauer und Verlauf | Meditonsin bei Erk\u00e4ltung\" \/>\n<meta property=\"og:description\" content=\"Dauer und Verlauf - Die typischen Phasen bei einer Erk\u00e4ltung.\" \/>\n<meta property=\"og:url\" content=\"https:\/\/www.meditonsin.de\/at\/erkaeltung\/verlauf\/\" \/>\n<meta property=\"og:site_name\" content=\"Meditonsin bei Erk\u00e4ltung\" \/>\n<meta property=\"article:modified_time\" content=\"2023-12-20T13:33:02+00:00\" \/>\n<meta property=\"og:image\" content=\"https:\/\/www.meditonsin.de\/media\/2023\/10\/erkaeltungs-phasen.png\" \/>\n<meta name=\"twitter:card\" content=\"summary_large_image\" \/>\n<meta name=\"twitter:label1\" content=\"Gesch\u00e4tzte Lesezeit\" \/>\n\t<meta name=\"twitter:data1\" content=\"3 Minuten\" \/>\n<script type=\"application\/ld+json\" class=\"yoast-schema-graph\">{\"@context\":\"https:\/\/schema.org\",\"@graph\":[{\"@type\":\"WebPage\",\"@id\":\"https:\/\/www.meditonsin.de\/at\/erkaeltung\/verlauf\/\",\"url\":\"https:\/\/www.meditonsin.de\/at\/erkaeltung\/verlauf\/\",\"name\":\"Dauer und Verlauf | Meditonsin bei Erk\u00e4ltung\",\"isPartOf\":{\"@id\":\"https:\/\/www.meditonsin.de\/at\/#website\"},\"primaryImageOfPage\":{\"@id\":\"https:\/\/www.meditonsin.de\/at\/erkaeltung\/verlauf\/#primaryimage\"},\"image\":{\"@id\":\"https:\/\/www.meditonsin.de\/at\/erkaeltung\/verlauf\/#primaryimage\"},\"thumbnailUrl\":\"https:\/\/www.meditonsin.de\/media\/2023\/10\/erkaeltungs-phasen.png\",\"datePublished\":\"2023-10-27T12:13:20+00:00\",\"dateModified\":\"2023-12-20T13:33:02+00:00\",\"description\":\"Dauer und Verlauf - Die typischen Phasen bei einer Erk\u00e4ltung.\",\"breadcrumb\":{\"@id\":\"https:\/\/www.meditonsin.de\/at\/erkaeltung\/verlauf\/#breadcrumb\"},\"inLanguage\":\"de-AT\",\"potentialAction\":[{\"@type\":\"ReadAction\",\"target\":[\"https:\/\/www.meditonsin.de\/at\/erkaeltung\/verlauf\/\"]}]},{\"@type\":\"ImageObject\",\"inLanguage\":\"de-AT\",\"@id\":\"https:\/\/www.meditonsin.de\/at\/erkaeltung\/verlauf\/#primaryimage\",\"url\":\"https:\/\/www.meditonsin.de\/media\/2023\/10\/erkaeltungs-phasen.png\",\"contentUrl\":\"https:\/\/www.meditonsin.de\/media\/2023\/10\/erkaeltungs-phasen.png\"},{\"@type\":\"BreadcrumbList\",\"@id\":\"https:\/\/www.meditonsin.de\/at\/erkaeltung\/verlauf\/#breadcrumb\",\"itemListElement\":[{\"@type\":\"ListItem\",\"position\":1,\"name\":\"Startseite\",\"item\":\"https:\/\/www.meditonsin.de\/at\/\"},{\"@type\":\"ListItem\",\"position\":2,\"name\":\"Erk\u00e4ltung\",\"item\":\"https:\/\/www.meditonsin.de\/at\/erkaeltung\/\"},{\"@type\":\"ListItem\",\"position\":3,\"name\":\"Dauer und Verlauf\"}]},{\"@type\":\"WebSite\",\"@id\":\"https:\/\/www.meditonsin.de\/at\/#website\",\"url\":\"https:\/\/www.meditonsin.de\/at\/\",\"name\":\"Meditonsin bei Erk\u00e4ltung\",\"description\":\"\",\"potentialAction\":[{\"@type\":\"SearchAction\",\"target\":{\"@type\":\"EntryPoint\",\"urlTemplate\":\"https:\/\/www.meditonsin.de\/at\/?s={search_term_string}\"},\"query-input\":{\"@type\":\"PropertyValueSpecification\",\"valueRequired\":true,\"valueName\":\"search_term_string\"}}],\"inLanguage\":\"de-AT\"}]}<\/script>\n<!-- \/ Yoast SEO plugin. -->","yoast_head_json":{"title":"Dauer und Verlauf | Meditonsin bei Erk\u00e4ltung","description":"Dauer und Verlauf - Die typischen Phasen bei einer Erk\u00e4ltung.","robots":{"index":"index","follow":"follow","max-snippet":"max-snippet:-1","max-image-preview":"max-image-preview:large","max-video-preview":"max-video-preview:-1"},"canonical":"https:\/\/www.meditonsin.de\/at\/erkaeltung\/verlauf\/","og_locale":"de_DE","og_type":"article","og_title":"Dauer und Verlauf | Meditonsin bei Erk\u00e4ltung","og_description":"Dauer und Verlauf - Die typischen Phasen bei einer Erk\u00e4ltung.","og_url":"https:\/\/www.meditonsin.de\/at\/erkaeltung\/verlauf\/","og_site_name":"Meditonsin bei Erk\u00e4ltung","article_modified_time":"2023-12-20T13:33:02+00:00","og_image":[{"url":"https:\/\/www.meditonsin.de\/media\/2023\/10\/erkaeltungs-phasen.png","type":"","width":"","height":""}],"twitter_card":"summary_large_image","twitter_misc":{"Gesch\u00e4tzte Lesezeit":"3 Minuten"},"schema":{"@context":"https:\/\/schema.org","@graph":[{"@type":"WebPage","@id":"https:\/\/www.meditonsin.de\/at\/erkaeltung\/verlauf\/","url":"https:\/\/www.meditonsin.de\/at\/erkaeltung\/verlauf\/","name":"Dauer und Verlauf | Meditonsin bei Erk\u00e4ltung","isPartOf":{"@id":"https:\/\/www.meditonsin.de\/at\/#website"},"primaryImageOfPage":{"@id":"https:\/\/www.meditonsin.de\/at\/erkaeltung\/verlauf\/#primaryimage"},"image":{"@id":"https:\/\/www.meditonsin.de\/at\/erkaeltung\/verlauf\/#primaryimage"},"thumbnailUrl":"https:\/\/www.meditonsin.de\/media\/2023\/10\/erkaeltungs-phasen.png","datePublished":"2023-10-27T12:13:20+00:00","dateModified":"2023-12-20T13:33:02+00:00","description":"Dauer und Verlauf - Die typischen Phasen bei einer Erk\u00e4ltung.","breadcrumb":{"@id":"https:\/\/www.meditonsin.de\/at\/erkaeltung\/verlauf\/#breadcrumb"},"inLanguage":"de-AT","potentialAction":[{"@type":"ReadAction","target":["https:\/\/www.meditonsin.de\/at\/erkaeltung\/verlauf\/"]}]},{"@type":"ImageObject","inLanguage":"de-AT","@id":"https:\/\/www.meditonsin.de\/at\/erkaeltung\/verlauf\/#primaryimage","url":"https:\/\/www.meditonsin.de\/media\/2023\/10\/erkaeltungs-phasen.png","contentUrl":"https:\/\/www.meditonsin.de\/media\/2023\/10\/erkaeltungs-phasen.png"},{"@type":"BreadcrumbList","@id":"https:\/\/www.meditonsin.de\/at\/erkaeltung\/verlauf\/#breadcrumb","itemListElement":[{"@type":"ListItem","position":1,"name":"Startseite","item":"https:\/\/www.meditonsin.de\/at\/"},{"@type":"ListItem","position":2,"name":"Erk\u00e4ltung","item":"https:\/\/www.meditonsin.de\/at\/erkaeltung\/"},{"@type":"ListItem","position":3,"name":"Dauer und Verlauf"}]},{"@type":"WebSite","@id":"https:\/\/www.meditonsin.de\/at\/#website","url":"https:\/\/www.meditonsin.de\/at\/","name":"Meditonsin bei Erk\u00e4ltung","description":"","potentialAction":[{"@type":"SearchAction","target":{"@type":"EntryPoint","urlTemplate":"https:\/\/www.meditonsin.de\/at\/?s={search_term_string}"},"query-input":{"@type":"PropertyValueSpecification","valueRequired":true,"valueName":"search_term_string"}}],"inLanguage":"de-AT"}]}},"lang":"at","translations":{"at":3146},"pll_sync_post":[],"_links":{"self":[{"href":"https:\/\/www.meditonsin.de\/at\/wp-json\/wp\/v2\/pages\/3146","targetHints":{"allow":["GET"]}}],"collection":[{"href":"https:\/\/www.meditonsin.de\/at\/wp-json\/wp\/v2\/pages"}],"about":[{"href":"https:\/\/www.meditonsin.de\/at\/wp-json\/wp\/v2\/types\/page"}],"author":[{"embeddable":true,"href":"https:\/\/www.meditonsin.de\/at\/wp-json\/wp\/v2\/users\/1"}],"replies":[{"embeddable":true,"href":"https:\/\/www.meditonsin.de\/at\/wp-json\/wp\/v2\/comments?post=3146"}],"version-history":[{"count":17,"href":"https:\/\/www.meditonsin.de\/at\/wp-json\/wp\/v2\/pages\/3146\/revisions"}],"predecessor-version":[{"id":3302,"href":"https:\/\/www.meditonsin.de\/at\/wp-json\/wp\/v2\/pages\/3146\/revisions\/3302"}],"up":[{"embeddable":true,"href":"https:\/\/www.meditonsin.de\/at\/wp-json\/wp\/v2\/pages\/3137"}],"wp:attachment":[{"href":"https:\/\/www.meditonsin.de\/at\/wp-json\/wp\/v2\/media?parent=3146"}],"curies":[{"name":"wp","href":"https:\/\/api.w.org\/{rel}","templated":true}]}}