{"id":3163,"date":"2023-10-27T14:48:45","date_gmt":"2023-10-27T12:48:45","guid":{"rendered":"https:\/\/www.meditonsin.de\/?page_id=3163"},"modified":"2023-12-20T14:33:13","modified_gmt":"2023-12-20T13:33:13","slug":"behandeln","status":"publish","type":"page","link":"https:\/\/www.meditonsin.de\/at\/erkaeltung\/behandeln\/","title":{"rendered":"Behandeln"},"content":{"rendered":"<div id=\"pl-3163\"  class=\"panel-layout\" ><div id=\"pg-3163-0\"  class=\"panel-grid panel-has-style\" ><div class=\"siteorigin-panels-stretch panel-row-style panel-row-style-for-3163-0\" data-stretch-type=\"full-stretched\" ><div id=\"pgc-3163-0-0\"  class=\"panel-grid-cell\" ><div id=\"panel-3163-0-0-0\" class=\"so-panel widget widget_wph-header-form-fields panel-first-child panel-last-child\" data-index=\"0\" ><div\n\t\t\t\n\t\t\tclass=\"so-widget-wph-header-form-fields so-widget-wph-header-form-fields-base\"\n\t\t\t\n\t\t><section class=\" header-hero widget\">\n    <div class=\"container-fluid p-0\">\n        <div class=\"row g-0\">\n            <div class=\"col-md-12\">\n                <div class=\"header-vedio\">\n                    <img decoding=\"async\" src=\"https:\/\/www.meditonsin.de\/at\/media\/2023\/12\/meditonsin_erkaeltung.jpg\" >\n                <\/div>\n            <\/div>\n        <\/div>\n        <div class=\"header-hero-inner\">\n            <h1 id=\"parent-fieldname-title\" class=\"documentFirstHeading\">Erk\u00e4ltung behandeln<\/h1>\n                    <\/div>\n\n    <\/div>\n<\/section><\/div><\/div><\/div><\/div><\/div><div id=\"pg-3163-1\"  class=\"panel-grid panel-has-style\" ><div class=\"siteorigin-panels-stretch panel-row-style panel-row-style-for-3163-1\" data-stretch-type=\"full\" ><div id=\"pgc-3163-1-0\"  class=\"panel-grid-cell\" ><div id=\"panel-3163-1-0-0\" class=\"so-panel widget widget_sow-image panel-first-child panel-last-child\" data-index=\"1\" ><div\n\t\t\t\n\t\t\tclass=\"so-widget-sow-image so-widget-sow-image-default-8b5b6f678277-3163\"\n\t\t\t\n\t\t>\n<div class=\"sow-image-container\">\n\t\t<img \n\tsrc=\"https:\/\/www.meditonsin.de\/at\/media\/2023\/10\/meditonsin-at-flaschen.png\" width=\"413\" height=\"715\" srcset=\"https:\/\/www.meditonsin.de\/at\/media\/2023\/10\/meditonsin-at-flaschen.png 413w, https:\/\/www.meditonsin.de\/at\/media\/2023\/10\/meditonsin-at-flaschen-173x300.png 173w\" sizes=\"(max-width: 413px) 100vw, 413px\" alt=\"\" \t\tclass=\"so-widget-image\"\/>\n\t<\/div>\n\n<\/div><\/div><\/div><div id=\"pgc-3163-1-1\"  class=\"panel-grid-cell\" ><div id=\"panel-3163-1-1-0\" class=\"so-panel widget widget_sow-editor panel-first-child panel-last-child\" data-index=\"2\" ><div\n\t\t\t\n\t\t\tclass=\"so-widget-sow-editor so-widget-sow-editor-base\"\n\t\t\t\n\t\t>\n<div class=\"siteorigin-widget-tinymce textwidget\">\n\t<h1 id=\"parent-fieldname-title\" class=\"documentFirstHeading\">Erk\u00e4ltung behandeln<\/h1>\n<h2 id=\"parent-fieldname-description\" class=\"documentDescription\">Was tun gegen den Infekt?<\/h2>\n<p>Trotz aller Vorsichtsma\u00dfnahmen \u2013 manchmal l\u00e4sst sich eine\u00a0<a href=\"https:\/\/www.meditonsin.de\/at\/erkaeltung\" rel=\"noopener\">Erk\u00e4ltung<\/a>\u00a0einfach nicht verhindern. Was tun? Sie sind keineswegs hilflos, sondern k\u00f6nnen durchaus den Heilungsprozess unterst\u00fctzen, um den Infekt m\u00f6glichst schnell wieder loszuwerden und die Symptome zu lindern. Je eher Sie die ersten\u00a0<a href=\"https:\/\/www.meditonsin.de\/at\/erkaeltung\/symptome-anzeichen\" rel=\"noopener\">Symptome der Erk\u00e4ltung<\/a>\u00a0bek\u00e4mpfen, desto besser.<\/p>\n<p>Die k\u00f6rpereigenen Abwehrkr\u00e4fte spielen beim Kampf gegen die Erk\u00e4ltung eine wichtige Rolle. Der in\u00a0<a href=\"https:\/\/www.meditonsin.de\/at\/meditonsin\" rel=\"noopener\">Meditonsin<sup>\u00ae<\/sup>\u00a0Tropfen und Globuli<\/a>\u00a0enthaltene nat\u00fcrliche\u00a0<a href=\"https:\/\/www.meditonsin.de\/at\/meditonsin\/natuerlicher-tri-komplex\" rel=\"noopener\">Tri-Komplex<\/a><sup><a href=\"https:\/\/www.meditonsin.de\/meditonsin\/natuerlicher-tri-komplex\" rel=\"noopener\">\u00ae<\/a><\/sup>\u00a0gibt dem Immunsystem die entscheidenden Impulse, um diese Abwehrkr\u00e4fte zu aktivieren und zu st\u00e4rken. So k\u00f6nnen die Erk\u00e4ltungsbeschwerden gelindert und die Erkrankungsdauer verk\u00fcrzt\u00a0 werden. Fr\u00fchzeitig eingenommen \u2013 am besten schon bei den ersten Anzeichen einer Erk\u00e4ltung \u2013 kann Meditonsin<sup>\u00ae<\/sup>\u00a0daf\u00fcr sorgen, dass die l\u00e4stigen Symptome gar nicht erst richtig ausbrechen. Dabei sind Meditonsin<sup>\u00ae<\/sup> Tropfen und Globuli besonders vertr\u00e4glich und schonen den Organismus.<\/p>\n<p>Kurze Spazierg\u00e4nge an der frischen Luft sind, au\u00dfer bei Fiebersymptomen, auch bei Erk\u00e4ltungen zu empfehlen. L\u00fcften Sie au\u00dferdem mehrmals am Tag alle R\u00e4ume, in denen Sie sich vermehrt aufhalten, um die Atemwege vor zu stickiger Raumluft zu sch\u00fctzen. B\u00e4der mit \u00e4therischen \u00d6len oder Inhalationen sorgen zus\u00e4tzlich f\u00fcr eine Befreiung der Atemwege. Achten Sie dabei allerdings darauf, sich anschlie\u00dfend nicht zu \u00fcberanstrengen und ausreichend zu ruhen.<\/p>\n<p><a href=\"https:\/\/www.meditonsin.de\/at\/erkaeltung\/tipps-tricks-hausmittel\" rel=\"noopener\">Hier finden Sie weitere bew\u00e4hrte Hausmittel zur Behandlung eines grippalen Infekts.<\/a><\/p>\n<\/div>\n<\/div><\/div><\/div><\/div><\/div><div id=\"pg-3163-2\"  class=\"panel-grid panel-has-style\" ><div class=\"siteorigin-panels-stretch panel-row-style panel-row-style-for-3163-2\" data-stretch-type=\"full\" ><div id=\"pgc-3163-2-0\"  class=\"panel-grid-cell\" ><div id=\"panel-3163-2-0-0\" class=\"so-panel widget widget_sow-editor panel-first-child panel-last-child\" data-index=\"3\" ><div\n\t\t\t\n\t\t\tclass=\"so-widget-sow-editor so-widget-sow-editor-base\"\n\t\t\t\n\t\t>\n<div class=\"siteorigin-widget-tinymce textwidget\">\n\t<h2><span style=\"color: #600e02;\"><strong>Nach der Erk\u00e4ltung ist vor der Erk\u00e4ltung<\/strong><\/span><\/h2>\n<p>Das Immunsystem arbeitet bei einem grippalen Infekt auf Hochtouren, damit sich der K\u00f6rper schnell wieder erholt. Daher ist es wichtig, ganzj\u00e4hrig darauf zu achten, dass das k\u00f6rpereigene Abwehrsystem auch kontinuierlich gest\u00e4rkt wird. Regelm\u00e4\u00dfige Saunabesuche oder eine gelegentliche Wechseldusche f\u00f6rdern die Durchblutung und regen so den Stoffwechsel an.<\/p>\n<p>Gleichzeitig sollten Sie regelm\u00e4\u00dfig aktiv sein, beispielsweise durch Ausdauersport wie Schwimmen oder Laufen. Ein starkes Herz-Kreislauf-System wirkt sich auch positiv auf das Immunsystem aus. Achten Sie bei der Intensit\u00e4t beim Ausf\u00fchren dieser Sportarten aber immer auf die Belastbarkeit Ihres K\u00f6rpers. Viel hilft nicht immer viel und kann sich im schlimmsten Fall auch negativ auf das Immunsystem auswirken. Im Falle eines akuten grippalen Infekts sollten Sie nat\u00fcrlich g\u00e4nzlich auf Sport verzichten.<\/p>\n<p>Grunds\u00e4tzlich sollten Sie regelm\u00e4\u00dfigen Stress oder Schlafmangel vermeiden. Vor allem in der Grippesaison ist der K\u00f6rper auf ausreichend Schlaf angewiesen, um sich in der Nacht regenerieren zu k\u00f6nnen und auf die Belastungen des Folgetags vorbereitet zu sein.<\/p>\n<p>Nat\u00fcrlich ist auch die Ern\u00e4hrung entscheidend f\u00fcr die Verfassung der k\u00f6rpereigenen Abwehrkr\u00e4fte. Vitaminreiche, frische Lebensmittel sind genauso wichtig wie t\u00e4glich ausreichend Fl\u00fcssigkeit zu sich zu nehmen (etwa zwei Liter pro Tag, bestenfalls durch Wasser oder Gr\u00fcn-\/Fr\u00fcchtetees). In unserem Servicebereich finden Sie einige Anregungen f\u00fcr\u00a0<a href=\"https:\/\/www.meditonsin.de\/at\/service\/rezepte\" rel=\"noopener\">gesunde Rezepte.<\/a><\/p>\n<\/div>\n<\/div><\/div><\/div><div id=\"pgc-3163-2-1\"  class=\"panel-grid-cell\" ><div id=\"panel-3163-2-1-0\" class=\"so-panel widget widget_sow-image panel-first-child panel-last-child\" data-index=\"4\" ><div\n\t\t\t\n\t\t\tclass=\"so-widget-sow-image so-widget-sow-image-default-8b5b6f678277-3163\"\n\t\t\t\n\t\t>\n<div class=\"sow-image-container\">\n\t\t<img \n\tsrc=\"https:\/\/www.meditonsin.de\/at\/media\/2021\/12\/empfehlung.webp\" width=\"1141\" height=\"993\" srcset=\"https:\/\/www.meditonsin.de\/at\/media\/2021\/12\/empfehlung.webp 1141w, https:\/\/www.meditonsin.de\/at\/media\/2021\/12\/empfehlung-300x261.webp 300w, https:\/\/www.meditonsin.de\/at\/media\/2021\/12\/empfehlung-1024x891.webp 1024w, https:\/\/www.meditonsin.de\/at\/media\/2021\/12\/empfehlung-768x668.webp 768w\" sizes=\"(max-width: 1141px) 100vw, 1141px\" alt=\"\" \t\tclass=\"so-widget-image\"\/>\n\t<\/div>\n\n<\/div><\/div><\/div><\/div><\/div><\/div>","protected":false},"excerpt":{"rendered":"<p>Erk\u00e4ltung behandeln Was tun gegen den Infekt? Trotz aller Vorsichtsma\u00dfnahmen \u2013 manchmal l\u00e4sst sich eine\u00a0Erk\u00e4ltung\u00a0einfach nicht verhindern. Was tun? Sie sind keineswegs hilflos, sondern k\u00f6nnen durchaus den Heilungsprozess unterst\u00fctzen, um den Infekt m\u00f6glichst schnell wieder loszuwerden und die Symptome zu lindern. Je eher Sie die ersten\u00a0Symptome der Erk\u00e4ltung\u00a0bek\u00e4mpfen, desto besser. Die k\u00f6rpereigenen Abwehrkr\u00e4fte spielen beim [&hellip;]<\/p>\n","protected":false},"author":1,"featured_media":0,"parent":3137,"menu_order":0,"comment_status":"closed","ping_status":"closed","template":"","meta":{"footnotes":""},"class_list":["post-3163","page","type-page","status-publish","hentry"],"yoast_head":"<!-- This site is optimized with the Yoast SEO plugin v26.3 - https:\/\/yoast.com\/wordpress\/plugins\/seo\/ -->\n<title>Erk\u00e4ltung behandeln | Meditonsin bei Erk\u00e4ltung<\/title>\n<meta name=\"description\" content=\"Unterst\u00fctzen Sie die Behandlung Ihrer Erk\u00e4ltung mit Meditonsin, um den Infekt m\u00f6glichst schnell wieder loszuwerden und die Symptome zu lindern.\" \/>\n<meta name=\"robots\" content=\"index, follow, max-snippet:-1, max-image-preview:large, max-video-preview:-1\" \/>\n<link rel=\"canonical\" href=\"https:\/\/www.meditonsin.de\/at\/erkaeltung\/behandeln\/\" \/>\n<meta property=\"og:locale\" content=\"de_DE\" \/>\n<meta property=\"og:type\" content=\"article\" \/>\n<meta property=\"og:title\" content=\"Erk\u00e4ltung behandeln | Meditonsin bei Erk\u00e4ltung\" \/>\n<meta property=\"og:description\" content=\"Unterst\u00fctzen Sie die Behandlung Ihrer Erk\u00e4ltung mit Meditonsin, um den Infekt m\u00f6glichst schnell wieder loszuwerden und die Symptome zu lindern.\" \/>\n<meta property=\"og:url\" content=\"https:\/\/www.meditonsin.de\/at\/erkaeltung\/behandeln\/\" \/>\n<meta property=\"og:site_name\" content=\"Meditonsin bei Erk\u00e4ltung\" \/>\n<meta property=\"article:modified_time\" content=\"2023-12-20T13:33:13+00:00\" \/>\n<meta name=\"twitter:card\" content=\"summary_large_image\" \/>\n<meta name=\"twitter:label1\" content=\"Gesch\u00e4tzte Lesezeit\" \/>\n\t<meta name=\"twitter:data1\" content=\"3 Minuten\" \/>\n<script type=\"application\/ld+json\" class=\"yoast-schema-graph\">{\"@context\":\"https:\/\/schema.org\",\"@graph\":[{\"@type\":\"WebPage\",\"@id\":\"https:\/\/www.meditonsin.de\/at\/erkaeltung\/behandeln\/\",\"url\":\"https:\/\/www.meditonsin.de\/at\/erkaeltung\/behandeln\/\",\"name\":\"Erk\u00e4ltung behandeln | Meditonsin bei Erk\u00e4ltung\",\"isPartOf\":{\"@id\":\"https:\/\/www.meditonsin.de\/at\/#website\"},\"datePublished\":\"2023-10-27T12:48:45+00:00\",\"dateModified\":\"2023-12-20T13:33:13+00:00\",\"description\":\"Unterst\u00fctzen Sie die Behandlung Ihrer Erk\u00e4ltung mit Meditonsin, um den Infekt m\u00f6glichst schnell wieder loszuwerden und die Symptome zu lindern.\",\"breadcrumb\":{\"@id\":\"https:\/\/www.meditonsin.de\/at\/erkaeltung\/behandeln\/#breadcrumb\"},\"inLanguage\":\"de-AT\",\"potentialAction\":[{\"@type\":\"ReadAction\",\"target\":[\"https:\/\/www.meditonsin.de\/at\/erkaeltung\/behandeln\/\"]}]},{\"@type\":\"BreadcrumbList\",\"@id\":\"https:\/\/www.meditonsin.de\/at\/erkaeltung\/behandeln\/#breadcrumb\",\"itemListElement\":[{\"@type\":\"ListItem\",\"position\":1,\"name\":\"Startseite\",\"item\":\"https:\/\/www.meditonsin.de\/at\/\"},{\"@type\":\"ListItem\",\"position\":2,\"name\":\"Erk\u00e4ltung\",\"item\":\"https:\/\/www.meditonsin.de\/at\/erkaeltung\/\"},{\"@type\":\"ListItem\",\"position\":3,\"name\":\"Behandeln\"}]},{\"@type\":\"WebSite\",\"@id\":\"https:\/\/www.meditonsin.de\/at\/#website\",\"url\":\"https:\/\/www.meditonsin.de\/at\/\",\"name\":\"Meditonsin bei Erk\u00e4ltung\",\"description\":\"\",\"potentialAction\":[{\"@type\":\"SearchAction\",\"target\":{\"@type\":\"EntryPoint\",\"urlTemplate\":\"https:\/\/www.meditonsin.de\/at\/?s={search_term_string}\"},\"query-input\":{\"@type\":\"PropertyValueSpecification\",\"valueRequired\":true,\"valueName\":\"search_term_string\"}}],\"inLanguage\":\"de-AT\"}]}<\/script>\n<!-- \/ Yoast SEO plugin. -->","yoast_head_json":{"title":"Erk\u00e4ltung behandeln | Meditonsin bei Erk\u00e4ltung","description":"Unterst\u00fctzen Sie die Behandlung Ihrer Erk\u00e4ltung mit Meditonsin, um den Infekt m\u00f6glichst schnell wieder loszuwerden und die Symptome zu lindern.","robots":{"index":"index","follow":"follow","max-snippet":"max-snippet:-1","max-image-preview":"max-image-preview:large","max-video-preview":"max-video-preview:-1"},"canonical":"https:\/\/www.meditonsin.de\/at\/erkaeltung\/behandeln\/","og_locale":"de_DE","og_type":"article","og_title":"Erk\u00e4ltung behandeln | Meditonsin bei Erk\u00e4ltung","og_description":"Unterst\u00fctzen Sie die Behandlung Ihrer Erk\u00e4ltung mit Meditonsin, um den Infekt m\u00f6glichst schnell wieder loszuwerden und die Symptome zu lindern.","og_url":"https:\/\/www.meditonsin.de\/at\/erkaeltung\/behandeln\/","og_site_name":"Meditonsin bei Erk\u00e4ltung","article_modified_time":"2023-12-20T13:33:13+00:00","twitter_card":"summary_large_image","twitter_misc":{"Gesch\u00e4tzte Lesezeit":"3 Minuten"},"schema":{"@context":"https:\/\/schema.org","@graph":[{"@type":"WebPage","@id":"https:\/\/www.meditonsin.de\/at\/erkaeltung\/behandeln\/","url":"https:\/\/www.meditonsin.de\/at\/erkaeltung\/behandeln\/","name":"Erk\u00e4ltung behandeln | Meditonsin bei Erk\u00e4ltung","isPartOf":{"@id":"https:\/\/www.meditonsin.de\/at\/#website"},"datePublished":"2023-10-27T12:48:45+00:00","dateModified":"2023-12-20T13:33:13+00:00","description":"Unterst\u00fctzen Sie die Behandlung Ihrer Erk\u00e4ltung mit Meditonsin, um den Infekt m\u00f6glichst schnell wieder loszuwerden und die Symptome zu lindern.","breadcrumb":{"@id":"https:\/\/www.meditonsin.de\/at\/erkaeltung\/behandeln\/#breadcrumb"},"inLanguage":"de-AT","potentialAction":[{"@type":"ReadAction","target":["https:\/\/www.meditonsin.de\/at\/erkaeltung\/behandeln\/"]}]},{"@type":"BreadcrumbList","@id":"https:\/\/www.meditonsin.de\/at\/erkaeltung\/behandeln\/#breadcrumb","itemListElement":[{"@type":"ListItem","position":1,"name":"Startseite","item":"https:\/\/www.meditonsin.de\/at\/"},{"@type":"ListItem","position":2,"name":"Erk\u00e4ltung","item":"https:\/\/www.meditonsin.de\/at\/erkaeltung\/"},{"@type":"ListItem","position":3,"name":"Behandeln"}]},{"@type":"WebSite","@id":"https:\/\/www.meditonsin.de\/at\/#website","url":"https:\/\/www.meditonsin.de\/at\/","name":"Meditonsin bei Erk\u00e4ltung","description":"","potentialAction":[{"@type":"SearchAction","target":{"@type":"EntryPoint","urlTemplate":"https:\/\/www.meditonsin.de\/at\/?s={search_term_string}"},"query-input":{"@type":"PropertyValueSpecification","valueRequired":true,"valueName":"search_term_string"}}],"inLanguage":"de-AT"}]}},"lang":"at","translations":{"at":3163},"pll_sync_post":[],"_links":{"self":[{"href":"https:\/\/www.meditonsin.de\/at\/wp-json\/wp\/v2\/pages\/3163","targetHints":{"allow":["GET"]}}],"collection":[{"href":"https:\/\/www.meditonsin.de\/at\/wp-json\/wp\/v2\/pages"}],"about":[{"href":"https:\/\/www.meditonsin.de\/at\/wp-json\/wp\/v2\/types\/page"}],"author":[{"embeddable":true,"href":"https:\/\/www.meditonsin.de\/at\/wp-json\/wp\/v2\/users\/1"}],"replies":[{"embeddable":true,"href":"https:\/\/www.meditonsin.de\/at\/wp-json\/wp\/v2\/comments?post=3163"}],"version-history":[{"count":6,"href":"https:\/\/www.meditonsin.de\/at\/wp-json\/wp\/v2\/pages\/3163\/revisions"}],"predecessor-version":[{"id":3304,"href":"https:\/\/www.meditonsin.de\/at\/wp-json\/wp\/v2\/pages\/3163\/revisions\/3304"}],"up":[{"embeddable":true,"href":"https:\/\/www.meditonsin.de\/at\/wp-json\/wp\/v2\/pages\/3137"}],"wp:attachment":[{"href":"https:\/\/www.meditonsin.de\/at\/wp-json\/wp\/v2\/media?parent=3163"}],"curies":[{"name":"wp","href":"https:\/\/api.w.org\/{rel}","templated":true}]}}