{"id":3169,"date":"2023-10-27T14:53:57","date_gmt":"2023-10-27T12:53:57","guid":{"rendered":"https:\/\/www.meditonsin.de\/?page_id=3169"},"modified":"2023-12-06T22:03:44","modified_gmt":"2023-12-06T21:03:44","slug":"erkennen","status":"publish","type":"page","link":"https:\/\/www.meditonsin.de\/at\/erkaeltung\/erkennen\/","title":{"rendered":"Erk\u00e4ltung erkennen"},"content":{"rendered":"","protected":false},"excerpt":{"rendered":"","protected":false},"author":1,"featured_media":0,"parent":3137,"menu_order":0,"comment_status":"closed","ping_status":"closed","template":"template-at-unterseite.php","meta":{"footnotes":""},"class_list":["post-3169","page","type-page","status-publish","hentry"],"yoast_head":"<!-- This site is optimized with the Yoast SEO plugin v26.3 - https:\/\/yoast.com\/wordpress\/plugins\/seo\/ -->\n<title>Erk\u00e4ltung erkennen | Meditonsin bei Erk\u00e4ltung<\/title>\n<meta name=\"description\" content=\"Eine Erk\u00e4ltung und Grippe durch Anzeichen richtig erkennen.\" \/>\n<meta name=\"robots\" content=\"index, follow, max-snippet:-1, max-image-preview:large, max-video-preview:-1\" \/>\n<link rel=\"canonical\" href=\"https:\/\/www.meditonsin.de\/at\/erkaeltung\/erkennen\/\" \/>\n<meta property=\"og:locale\" content=\"de_DE\" \/>\n<meta property=\"og:type\" content=\"article\" \/>\n<meta property=\"og:title\" content=\"Erk\u00e4ltung erkennen | Meditonsin bei Erk\u00e4ltung\" \/>\n<meta property=\"og:description\" content=\"Eine Erk\u00e4ltung und Grippe durch Anzeichen richtig erkennen.\" \/>\n<meta property=\"og:url\" content=\"https:\/\/www.meditonsin.de\/at\/erkaeltung\/erkennen\/\" \/>\n<meta property=\"og:site_name\" content=\"Meditonsin bei Erk\u00e4ltung\" \/>\n<meta property=\"article:modified_time\" content=\"2023-12-06T21:03:44+00:00\" \/>\n<meta name=\"twitter:card\" content=\"summary_large_image\" \/>\n<script type=\"application\/ld+json\" class=\"yoast-schema-graph\">{\"@context\":\"https:\/\/schema.org\",\"@graph\":[{\"@type\":\"WebPage\",\"@id\":\"https:\/\/www.meditonsin.de\/at\/erkaeltung\/erkennen\/\",\"url\":\"https:\/\/www.meditonsin.de\/at\/erkaeltung\/erkennen\/\",\"name\":\"Erk\u00e4ltung erkennen | Meditonsin bei Erk\u00e4ltung\",\"isPartOf\":{\"@id\":\"https:\/\/www.meditonsin.de\/at\/#website\"},\"datePublished\":\"2023-10-27T12:53:57+00:00\",\"dateModified\":\"2023-12-06T21:03:44+00:00\",\"description\":\"Eine Erk\u00e4ltung und Grippe durch Anzeichen richtig erkennen.\",\"breadcrumb\":{\"@id\":\"https:\/\/www.meditonsin.de\/at\/erkaeltung\/erkennen\/#breadcrumb\"},\"inLanguage\":\"de-AT\",\"potentialAction\":[{\"@type\":\"ReadAction\",\"target\":[\"https:\/\/www.meditonsin.de\/at\/erkaeltung\/erkennen\/\"]}]},{\"@type\":\"BreadcrumbList\",\"@id\":\"https:\/\/www.meditonsin.de\/at\/erkaeltung\/erkennen\/#breadcrumb\",\"itemListElement\":[{\"@type\":\"ListItem\",\"position\":1,\"name\":\"Startseite\",\"item\":\"https:\/\/www.meditonsin.de\/at\/\"},{\"@type\":\"ListItem\",\"position\":2,\"name\":\"Erk\u00e4ltung\",\"item\":\"https:\/\/www.meditonsin.de\/at\/erkaeltung\/\"},{\"@type\":\"ListItem\",\"position\":3,\"name\":\"Erk\u00e4ltung erkennen\"}]},{\"@type\":\"WebSite\",\"@id\":\"https:\/\/www.meditonsin.de\/at\/#website\",\"url\":\"https:\/\/www.meditonsin.de\/at\/\",\"name\":\"Meditonsin bei Erk\u00e4ltung\",\"description\":\"\",\"potentialAction\":[{\"@type\":\"SearchAction\",\"target\":{\"@type\":\"EntryPoint\",\"urlTemplate\":\"https:\/\/www.meditonsin.de\/at\/?s={search_term_string}\"},\"query-input\":{\"@type\":\"PropertyValueSpecification\",\"valueRequired\":true,\"valueName\":\"search_term_string\"}}],\"inLanguage\":\"de-AT\"}]}<\/script>\n<!-- \/ Yoast SEO plugin. -->","yoast_head_json":{"title":"Erk\u00e4ltung erkennen | Meditonsin bei Erk\u00e4ltung","description":"Eine Erk\u00e4ltung und Grippe durch Anzeichen richtig erkennen.","robots":{"index":"index","follow":"follow","max-snippet":"max-snippet:-1","max-image-preview":"max-image-preview:large","max-video-preview":"max-video-preview:-1"},"canonical":"https:\/\/www.meditonsin.de\/at\/erkaeltung\/erkennen\/","og_locale":"de_DE","og_type":"article","og_title":"Erk\u00e4ltung erkennen | Meditonsin bei Erk\u00e4ltung","og_description":"Eine Erk\u00e4ltung und Grippe durch Anzeichen richtig erkennen.","og_url":"https:\/\/www.meditonsin.de\/at\/erkaeltung\/erkennen\/","og_site_name":"Meditonsin bei Erk\u00e4ltung","article_modified_time":"2023-12-06T21:03:44+00:00","twitter_card":"summary_large_image","schema":{"@context":"https:\/\/schema.org","@graph":[{"@type":"WebPage","@id":"https:\/\/www.meditonsin.de\/at\/erkaeltung\/erkennen\/","url":"https:\/\/www.meditonsin.de\/at\/erkaeltung\/erkennen\/","name":"Erk\u00e4ltung erkennen | Meditonsin bei Erk\u00e4ltung","isPartOf":{"@id":"https:\/\/www.meditonsin.de\/at\/#website"},"datePublished":"2023-10-27T12:53:57+00:00","dateModified":"2023-12-06T21:03:44+00:00","description":"Eine Erk\u00e4ltung und Grippe durch Anzeichen richtig erkennen.","breadcrumb":{"@id":"https:\/\/www.meditonsin.de\/at\/erkaeltung\/erkennen\/#breadcrumb"},"inLanguage":"de-AT","potentialAction":[{"@type":"ReadAction","target":["https:\/\/www.meditonsin.de\/at\/erkaeltung\/erkennen\/"]}]},{"@type":"BreadcrumbList","@id":"https:\/\/www.meditonsin.de\/at\/erkaeltung\/erkennen\/#breadcrumb","itemListElement":[{"@type":"ListItem","position":1,"name":"Startseite","item":"https:\/\/www.meditonsin.de\/at\/"},{"@type":"ListItem","position":2,"name":"Erk\u00e4ltung","item":"https:\/\/www.meditonsin.de\/at\/erkaeltung\/"},{"@type":"ListItem","position":3,"name":"Erk\u00e4ltung erkennen"}]},{"@type":"WebSite","@id":"https:\/\/www.meditonsin.de\/at\/#website","url":"https:\/\/www.meditonsin.de\/at\/","name":"Meditonsin bei Erk\u00e4ltung","description":"","potentialAction":[{"@type":"SearchAction","target":{"@type":"EntryPoint","urlTemplate":"https:\/\/www.meditonsin.de\/at\/?s={search_term_string}"},"query-input":{"@type":"PropertyValueSpecification","valueRequired":true,"valueName":"search_term_string"}}],"inLanguage":"de-AT"}]}},"lang":"at","translations":{"at":3169},"pll_sync_post":[],"_links":{"self":[{"href":"https:\/\/www.meditonsin.de\/at\/wp-json\/wp\/v2\/pages\/3169","targetHints":{"allow":["GET"]}}],"collection":[{"href":"https:\/\/www.meditonsin.de\/at\/wp-json\/wp\/v2\/pages"}],"about":[{"href":"https:\/\/www.meditonsin.de\/at\/wp-json\/wp\/v2\/types\/page"}],"author":[{"embeddable":true,"href":"https:\/\/www.meditonsin.de\/at\/wp-json\/wp\/v2\/users\/1"}],"replies":[{"embeddable":true,"href":"https:\/\/www.meditonsin.de\/at\/wp-json\/wp\/v2\/comments?post=3169"}],"version-history":[{"count":1,"href":"https:\/\/www.meditonsin.de\/at\/wp-json\/wp\/v2\/pages\/3169\/revisions"}],"predecessor-version":[{"id":3170,"href":"https:\/\/www.meditonsin.de\/at\/wp-json\/wp\/v2\/pages\/3169\/revisions\/3170"}],"up":[{"embeddable":true,"href":"https:\/\/www.meditonsin.de\/at\/wp-json\/wp\/v2\/pages\/3137"}],"wp:attachment":[{"href":"https:\/\/www.meditonsin.de\/at\/wp-json\/wp\/v2\/media?parent=3169"}],"curies":[{"name":"wp","href":"https:\/\/api.w.org\/{rel}","templated":true}]}}