{"id":3174,"date":"2023-10-31T08:29:09","date_gmt":"2023-10-31T07:29:09","guid":{"rendered":"https:\/\/www.meditonsin.de\/?page_id=3174"},"modified":"2023-12-20T14:36:05","modified_gmt":"2023-12-20T13:36:05","slug":"erkaeltung-kinder","status":"publish","type":"page","link":"https:\/\/www.meditonsin.de\/at\/erkaeltung-kinder\/","title":{"rendered":"Erk\u00e4ltung bei Kindern"},"content":{"rendered":"<div id=\"pl-3174\"  class=\"panel-layout\" ><div id=\"pg-3174-0\"  class=\"panel-grid panel-has-style\" ><div class=\"siteorigin-panels-stretch panel-row-style panel-row-style-for-3174-0\" data-stretch-type=\"full-stretched\" ><div id=\"pgc-3174-0-0\"  class=\"panel-grid-cell\" ><div id=\"panel-3174-0-0-0\" class=\"so-panel widget widget_wph-header-form-fields panel-first-child panel-last-child\" data-index=\"0\" ><div\n\t\t\t\n\t\t\tclass=\"so-widget-wph-header-form-fields so-widget-wph-header-form-fields-base\"\n\t\t\t\n\t\t><section class=\" header-hero widget\">\n    <div class=\"container-fluid p-0\">\n        <div class=\"row g-0\">\n            <div class=\"col-md-12\">\n                <div class=\"header-vedio\">\n                    <img decoding=\"async\" src=\"https:\/\/www.meditonsin.de\/at\/media\/2023\/12\/meditonsin.at_erkaeltung_bei_kindern.jpg\" >\n                <\/div>\n            <\/div>\n        <\/div>\n        <div class=\"header-hero-inner\">\n            <h1 id=\"parent-fieldname-title\" class=\"documentFirstHeading\">Erk\u00e4ltung bei Kindern<\/h1>\n                    <\/div>\n\n    <\/div>\n<\/section><\/div><\/div><\/div><\/div><\/div><div id=\"pg-3174-1\"  class=\"panel-grid panel-has-style\" ><div class=\"siteorigin-panels-stretch panel-row-style panel-row-style-for-3174-1\" data-stretch-type=\"full\" ><div id=\"pgc-3174-1-0\"  class=\"panel-grid-cell panel-grid-cell-empty\" ><\/div><div id=\"pgc-3174-1-1\"  class=\"panel-grid-cell\" ><div id=\"panel-3174-1-1-0\" class=\"so-panel widget widget_sow-editor panel-first-child panel-last-child\" data-index=\"1\" ><div\n\t\t\t\n\t\t\tclass=\"so-widget-sow-editor so-widget-sow-editor-base\"\n\t\t\t\n\t\t>\n<div class=\"siteorigin-widget-tinymce textwidget\">\n\t<h1 id=\"parent-fieldname-title\" class=\"documentFirstHeading\">Erk\u00e4ltung bei Kindern<\/h1>\n<h2 id=\"parent-fieldname-description\" class=\"documentDescription\">Symptome und Behandlung<\/h2>\n<\/div>\n<\/div><\/div><\/div><\/div><\/div><div id=\"pg-3174-2\"  class=\"panel-grid panel-has-style\" ><div class=\"siteorigin-panels-stretch panel-row-style panel-row-style-for-3174-2\" data-stretch-type=\"full\" ><div id=\"pgc-3174-2-0\"  class=\"panel-grid-cell\" ><div id=\"panel-3174-2-0-0\" class=\"so-panel widget widget_sow-image panel-first-child panel-last-child\" data-index=\"2\" ><div\n\t\t\t\n\t\t\tclass=\"so-widget-sow-image so-widget-sow-image-default-8b5b6f678277-3174\"\n\t\t\t\n\t\t>\n<div class=\"sow-image-container\">\n\t\t<img \n\tsrc=\"https:\/\/www.meditonsin.de\/at\/media\/2021\/12\/Ansteckungsquellen.jpeg\" width=\"1181\" height=\"767\" srcset=\"https:\/\/www.meditonsin.de\/at\/media\/2021\/12\/Ansteckungsquellen.jpeg 1181w, https:\/\/www.meditonsin.de\/at\/media\/2021\/12\/Ansteckungsquellen-300x195.jpeg 300w, https:\/\/www.meditonsin.de\/at\/media\/2021\/12\/Ansteckungsquellen-1024x665.jpeg 1024w, https:\/\/www.meditonsin.de\/at\/media\/2021\/12\/Ansteckungsquellen-768x499.jpeg 768w\" sizes=\"(max-width: 1181px) 100vw, 1181px\" title=\"M\u00f6gliche Ansteckungsquellen mit Erk\u00e4ltungsviren f\u00fcr Kinder\" alt=\"\" \t\tclass=\"so-widget-image\"\/>\n\t<\/div>\n\n<\/div><\/div><\/div><div id=\"pgc-3174-2-1\"  class=\"panel-grid-cell\" ><div id=\"panel-3174-2-1-0\" class=\"so-panel widget widget_sow-editor panel-first-child panel-last-child\" data-index=\"3\" ><div\n\t\t\t\n\t\t\tclass=\"so-widget-sow-editor so-widget-sow-editor-base\"\n\t\t\t\n\t\t>\n<div class=\"siteorigin-widget-tinymce textwidget\">\n\t<p>Kinder erkranken h\u00e4ufiger an grippalen Infekten als Erwachsene. Der Grund hierf\u00fcr ist, dass das Immunsystem von Kindern noch nicht entsprechend \u201etrainiert\u201c und daher noch nicht voll ausgepr\u00e4gt ist. Somit ist es anf\u00e4lliger f\u00fcr Virusinfektionen. Gleichzeitig ist der Schutzmechanismus in den Schleimh\u00e4uten noch nicht so weit ausgepr\u00e4gt wie bei Erwachsenen. Dieser entwickelt sich allerdings bei jeder Infektion weiter, sodass das Risiko mit der Zeit abnimmt.<\/p>\n<h3><strong>Ansteckung<\/strong><\/h3>\n<p>Obwohl nasskaltes Wetter keine direkte Ursache f\u00fcr eine Erk\u00e4ltung ist, beg\u00fcnstigt es das Risiko eines Infekts, da das Immunsystem des Kindes geschw\u00e4cht wird. In den Herbst- und Wintermonaten kommen Erk\u00e4ltungen bei Kindern daher sehr h\u00e4ufig vor. Ebenso wie Erwachsene stecken sich Kinder vor allem \u00fcber die sogenannte \u201eTr\u00f6pfcheninfektion\u201c mit Erk\u00e4ltungsviren an. Die \u00dcbertragung der Viren geschieht h\u00e4ufig durch Kontakt mit anderen Kindern (z. B. in Krabbelgruppen\/ im Kindergarten oder zuhause bei den eigenen Geschwistern), beim Spielen mit gemeinsamem Spielzeug, durch nicht entsorgte Taschent\u00fccher oder ungewaschene H\u00e4nde. Die Viren verteilen sich in der Luft und werden von dem Kind eingeatmet oder sie gelangen durch die Haut in den K\u00f6rper.<\/p>\n<\/div>\n<\/div><\/div><\/div><\/div><\/div><div id=\"pg-3174-3\"  class=\"panel-grid panel-has-style\" ><div class=\"siteorigin-panels-stretch panel-row-style panel-row-style-for-3174-3\" data-stretch-type=\"full\" ><div id=\"pgc-3174-3-0\"  class=\"panel-grid-cell\" ><div id=\"panel-3174-3-0-0\" class=\"so-panel widget widget_sow-editor panel-first-child\" data-index=\"4\" ><div\n\t\t\t\n\t\t\tclass=\"so-widget-sow-editor so-widget-sow-editor-base\"\n\t\t\t\n\t\t>\n<div class=\"siteorigin-widget-tinymce textwidget\">\n\t<h3><span style=\"color: #600e02;\"><strong>Symptome und Verlauf<\/strong><\/span><\/h3>\n<p>Im Anfangsstadium einer Erk\u00e4ltung neigen Kinder h\u00e4ufig zu M\u00fcdigkeit und wirken niedergeschlagen. Auch erste k\u00f6rperliche Symptome wie leichtes Fieber, Kopf- und Gliederschmerzen k\u00f6nnen vorkommen. Weitere Zeichen f\u00fcr eine beginnende Erk\u00e4ltung sind ger\u00f6tete Augen, Halskratzen und eine verstopfte Nase, aus der ein w\u00e4ssrig klares Sekret zu rinnen beginnt.<\/p>\n<\/div>\n<\/div><\/div><div id=\"panel-3174-3-0-1\" class=\"so-panel widget widget_sow-image\" data-index=\"5\" ><div\n\t\t\t\n\t\t\tclass=\"so-widget-sow-image so-widget-sow-image-default-8b5b6f678277-3174\"\n\t\t\t\n\t\t>\n<div class=\"sow-image-container\">\n\t\t<img \n\tsrc=\"https:\/\/www.meditonsin.de\/at\/media\/2023\/10\/erkaeltungs-phasen.png\" width=\"750\" height=\"332\" srcset=\"https:\/\/www.meditonsin.de\/at\/media\/2023\/10\/erkaeltungs-phasen.png 750w, https:\/\/www.meditonsin.de\/at\/media\/2023\/10\/erkaeltungs-phasen-300x133.png 300w\" sizes=\"(max-width: 750px) 100vw, 750px\" alt=\"\" \t\tclass=\"so-widget-image\"\/>\n\t<\/div>\n\n<\/div><\/div><div id=\"panel-3174-3-0-2\" class=\"so-panel widget widget_sow-editor panel-last-child\" data-index=\"6\" ><div\n\t\t\t\n\t\t\tclass=\"so-widget-sow-editor so-widget-sow-editor-base\"\n\t\t\t\n\t\t>\n<div class=\"siteorigin-widget-tinymce textwidget\">\n\t<p>In der Regel dauert ein grippaler Infekt bei Kindern eine Woche \u2013 Husten kann noch etwas l\u00e4nger andauern. Sollte die Erk\u00e4ltung l\u00e4nger andauern und die Symptome sich verschlimmern (steigendes Fieber oder starke Schwellung der Lymphknoten) sollten Sie mit Ihrem Kind unbedingt einen Arzt aufsuchen.<\/p>\n<h3><strong>Besonderheiten der Symptome bei Babys und Kleinkindern<\/strong><\/h3>\n<ul>\n<li>Die verstopfte Nase erschwert Babys und Kindern die Atmung, besonders das Trinken ist f\u00fcr die Kleinen dann unangenehm. Bei S\u00e4uglingen kann dies dazu f\u00fchren, dass sie nicht saugen wollen und dadurch weniger Abwehrstoffe aus der Muttermilch aufnehmen.<\/li>\n<li>Kinder bis zu vier Jahren k\u00f6nnen noch nicht selber schn\u00e4uzen. Daher m\u00fcssen Sie darauf achten, die Nase Ihres Kindes m\u00f6glichst frei zu halten, damit es ausreichend atmen und trinken kann.<\/li>\n<li>Kinder haben h\u00e4ufig h\u00f6heres Fieber als Erwachsene und reagieren empfindlicher auf den damit durch Schwitzen einhergehenden Fl\u00fcssigkeitsverlust.<\/li>\n<\/ul>\n<h2><span style=\"color: #600e02;\"><strong>Behandlung<\/strong><\/span><\/h2>\n<p>Je nachdem wie stark die Erk\u00e4ltung Ihres Kindes ausgepr\u00e4gt ist, sind leichte, schonende Aktivit\u00e4ten m\u00f6glich. Dar\u00fcber hinaus sollten Sie darauf achten, dass Ihr Kind ausreichend Fl\u00fcssigkeit zu sich nimmt, damit sich der Schleim in Hals- und Rachenraum besser l\u00f6sen kann. Auch die N\u00e4hrstoffzufuhr durch eine ausgewogene, leichte und vitaminreiche Ern\u00e4hrung ist w\u00e4hrend einer Erk\u00e4ltung sehr wichtig. Ein feuchtes, k\u00fchles Raumklima (zum Beispiel mit Hilfe eines Luftbefeuchters) ist hilfreich gegen einen entz\u00fcndeten Hals und beruhigt den Reizhusten des Kindes. Besonders wichtig sind Ma\u00dfnahmen gegen geschwollene Nebenh\u00f6hlen, da Kleinkinder vor allem durch die Nase atmen. Hier helfen insbesondere Dampfinhalationen und Nasentropfen. Wenn Sie Ihr Kind einreiben m\u00f6chten, benutzen Sie ausschlie\u00dflich Kindersalben, keine \u00e4therischen \u00d6le. Lassen Sie sich hierzu in Ihrer Apotheke beraten.<\/p>\n<p>Achten Sie \u00fcber den gesamten Tag darauf, dass sowohl Sie selbst als auch Ihr Kind sich regelm\u00e4\u00dfig die H\u00e4nde waschen, um keine weiteren Erk\u00e4ltungserreger zu verbreiten. Gebrauchte Papiertaschent\u00fccher sollten nicht in der Wohnung liegen, sondern sofort entsorgt werden.<\/p>\n<p>Auch bei Kindern spielen die k\u00f6rpereigenen Abwehrkr\u00e4fte im Kampf gegen die Erk\u00e4ltung eine zentrale Rolle. Der\u00a0<a href=\"https:\/\/www.meditonsin.de\/at\/meditonsin\/natuerlicher-tri-komplex\" rel=\"noopener\">nat\u00fcrliche Tri-Komplex<sup>\u00ae<\/sup><\/a>\u00a0in Meditonsin<sup>\u00ae<\/sup>\u00a0Tropfen und Globuli gibt dem Organismus gezielt Impulse zur Aktivierung der k\u00f6rpereigenen Selbstheilungskr\u00e4fte. So k\u00f6nnen die Symptome gelindert und die Erk\u00e4ltungsdauer verk\u00fcrzt\u00a0 werden. Meditonsin<sup>\u00ae<\/sup>\u00a0sollte am besten schon bei den ersten Anzeichen einer Erk\u00e4ltung eingenommen werden. So kann es daf\u00fcr sorgen, dass die l\u00e4stigen Symptome gar nicht erst richtig ausbrechen.<\/p>\n<p>Aufgrund der Vertr\u00e4glichkeit kann Meditonsin<sup><strong>\u00ae<\/strong><\/sup>\u00a0mit seinem nat\u00fcrlichen Tri-Komplex<sup>\u00ae<\/sup> selbst Kleinkindern bei einer Erk\u00e4ltung helfen. Kleinkinder ab zwei Jahren d\u00fcrfen auch in der Selbstmedikation mit Meditonsin<sup><strong>\u00ae<\/strong><\/sup>\u00a0behandelt werden.\u00a0<a href=\"https:\/\/www.meditonsin.de\/at\/meditonsin\/einnahme\" rel=\"noopener\">Hier erfahren Sie hier mehr zur richtigen Dosierung von Meditonsin<sup><strong>\u00ae<\/strong><\/sup>\u00a0f\u00fcr jedes Alter.<\/a><\/p>\n<p>Dennoch gilt: Bei Kleinkindern bis zu vier Jahren mit\u00a0<a href=\"https:\/\/www.meditonsin.de\/at\/erkaeltung\/symptome-anzeichen\" rel=\"noopener\">Erk\u00e4ltungssymptomen<\/a>\u00a0sollte der Arzt lieber einmal zu oft als einmal zu wenig aufgesucht werden \u2013 insbesondere wenn das Kind sehr schlapp und teilnahmslos ist. F\u00fcr Babys ist ein Arztbesuch noch wichtiger, da sie \u00fcberwiegend durch die Nase und nicht durch den Mund atmen. Bei einem Schnupfen k\u00f6nnen dadurch schnell Atemprobleme auftreten.<\/p>\n<p>&nbsp;<\/p>\n<h3><strong>Wann muss ich mit meinem Kind zum Arzt?<\/strong><\/h3>\n<ul>\n<li>Wenn Ihr Kind unter drei Monate alt ist und hustet oder fiebert.<\/li>\n<li>Wenn die Erk\u00e4ltung den Zeitraum von einer Woche \u00fcberschreitet, sich verschlimmert oder sich pl\u00f6tzlich hohes Fieber oder starke Kopfschmerzen entwickeln.<\/li>\n<li>Wenn Ihr Kind Heiserkeit versp\u00fcrt, Atembeschwerden hat, unruhig atmet oder \u00fcber Schmerzen klagt.<\/li>\n<li>Bei Durchfall oder Erbrechen.<\/li>\n<li>Wenn Ihr Kind \u00fcber Ohrenschmerzen klagt.<\/li>\n<li>Wenn Ihr Kind zu den Halsschmerzen pl\u00f6tzlich hohes Fieber bekommt, oder sich gelbe Eiterp\u00fcnktchen auf den Mandeln bilden.<\/li>\n<\/ul>\n<p>&nbsp;<\/p>\n<h3><strong>Vorbeugung<\/strong><\/h3>\n<p>Besonders in der kalten Jahreszeit ist es wichtig, die Abwehrkr\u00e4fte Ihres Kindes ausreichend zu sch\u00fctzen. Warme Kleidung, Spazierg\u00e4nge oder Spielen an der frischen Luft und gesunde Ern\u00e4hrung sind dabei die drei wichtigsten Ma\u00dfnahmen zur Vorbeugung einer Erk\u00e4ltung. Innerhalb der Familie ist Hygiene das A und O. Sofern ein Familienmitglied erk\u00e4ltet ist, ist regelm\u00e4\u00dfiges H\u00e4ndewaschen noch wichtiger. Zus\u00e4tzlich sind durchblutungsf\u00f6rdernde Ma\u00dfnahmen wie leichte Wechselduschen und Abreibungen auch bei Kindern hilfreich, um die k\u00f6rpereigenen Abwehrkr\u00e4fte zu st\u00e4rken.<\/p>\n<\/div>\n<\/div><\/div><\/div><\/div><\/div><\/div>","protected":false},"excerpt":{"rendered":"<p>Erk\u00e4ltung bei Kindern Symptome und Behandlung<\/p>\n","protected":false},"author":1,"featured_media":0,"parent":0,"menu_order":0,"comment_status":"closed","ping_status":"closed","template":"","meta":{"footnotes":""},"class_list":["post-3174","page","type-page","status-publish","hentry"],"yoast_head":"<!-- This site is optimized with the Yoast SEO plugin v26.3 - https:\/\/yoast.com\/wordpress\/plugins\/seo\/ -->\n<title>Erk\u00e4ltung bei Kindern | Meditonsin bei Erk\u00e4ltung<\/title>\n<meta name=\"description\" content=\"Alle Informationen zur Erk\u00e4ltung bei Kindern und die Symptome und Behandlung. Ab 1 Jahr in der Selbstmedikation, ab 7 Monaten nach R\u00fccksprach mit dem Arzt.\" \/>\n<meta name=\"robots\" content=\"index, follow, max-snippet:-1, max-image-preview:large, max-video-preview:-1\" \/>\n<link rel=\"canonical\" href=\"https:\/\/www.meditonsin.de\/at\/erkaeltung-kinder\/\" \/>\n<meta property=\"og:locale\" content=\"de_DE\" \/>\n<meta property=\"og:type\" content=\"article\" \/>\n<meta property=\"og:title\" content=\"Erk\u00e4ltung bei Kindern | Meditonsin bei Erk\u00e4ltung\" \/>\n<meta property=\"og:description\" content=\"Alle Informationen zur Erk\u00e4ltung bei Kindern und die Symptome und Behandlung. Ab 1 Jahr in der Selbstmedikation, ab 7 Monaten nach R\u00fccksprach mit dem Arzt.\" \/>\n<meta property=\"og:url\" content=\"https:\/\/www.meditonsin.de\/at\/erkaeltung-kinder\/\" \/>\n<meta property=\"og:site_name\" content=\"Meditonsin bei Erk\u00e4ltung\" \/>\n<meta property=\"article:modified_time\" content=\"2023-12-20T13:36:05+00:00\" \/>\n<meta name=\"twitter:card\" content=\"summary_large_image\" \/>\n<meta name=\"twitter:label1\" content=\"Gesch\u00e4tzte Lesezeit\" \/>\n\t<meta name=\"twitter:data1\" content=\"5 Minuten\" \/>\n<script type=\"application\/ld+json\" class=\"yoast-schema-graph\">{\"@context\":\"https:\/\/schema.org\",\"@graph\":[{\"@type\":\"WebPage\",\"@id\":\"https:\/\/www.meditonsin.de\/at\/erkaeltung-kinder\/\",\"url\":\"https:\/\/www.meditonsin.de\/at\/erkaeltung-kinder\/\",\"name\":\"Erk\u00e4ltung bei Kindern | Meditonsin bei Erk\u00e4ltung\",\"isPartOf\":{\"@id\":\"https:\/\/www.meditonsin.de\/at\/#website\"},\"datePublished\":\"2023-10-31T07:29:09+00:00\",\"dateModified\":\"2023-12-20T13:36:05+00:00\",\"description\":\"Alle Informationen zur Erk\u00e4ltung bei Kindern und die Symptome und Behandlung. Ab 1 Jahr in der Selbstmedikation, ab 7 Monaten nach R\u00fccksprach mit dem Arzt.\",\"breadcrumb\":{\"@id\":\"https:\/\/www.meditonsin.de\/at\/erkaeltung-kinder\/#breadcrumb\"},\"inLanguage\":\"de-AT\",\"potentialAction\":[{\"@type\":\"ReadAction\",\"target\":[\"https:\/\/www.meditonsin.de\/at\/erkaeltung-kinder\/\"]}]},{\"@type\":\"BreadcrumbList\",\"@id\":\"https:\/\/www.meditonsin.de\/at\/erkaeltung-kinder\/#breadcrumb\",\"itemListElement\":[{\"@type\":\"ListItem\",\"position\":1,\"name\":\"Startseite\",\"item\":\"https:\/\/www.meditonsin.de\/at\/\"},{\"@type\":\"ListItem\",\"position\":2,\"name\":\"Erk\u00e4ltung bei Kindern\"}]},{\"@type\":\"WebSite\",\"@id\":\"https:\/\/www.meditonsin.de\/at\/#website\",\"url\":\"https:\/\/www.meditonsin.de\/at\/\",\"name\":\"Meditonsin bei Erk\u00e4ltung\",\"description\":\"\",\"potentialAction\":[{\"@type\":\"SearchAction\",\"target\":{\"@type\":\"EntryPoint\",\"urlTemplate\":\"https:\/\/www.meditonsin.de\/at\/?s={search_term_string}\"},\"query-input\":{\"@type\":\"PropertyValueSpecification\",\"valueRequired\":true,\"valueName\":\"search_term_string\"}}],\"inLanguage\":\"de-AT\"}]}<\/script>\n<!-- \/ Yoast SEO plugin. -->","yoast_head_json":{"title":"Erk\u00e4ltung bei Kindern | Meditonsin bei Erk\u00e4ltung","description":"Alle Informationen zur Erk\u00e4ltung bei Kindern und die Symptome und Behandlung. Ab 1 Jahr in der Selbstmedikation, ab 7 Monaten nach R\u00fccksprach mit dem Arzt.","robots":{"index":"index","follow":"follow","max-snippet":"max-snippet:-1","max-image-preview":"max-image-preview:large","max-video-preview":"max-video-preview:-1"},"canonical":"https:\/\/www.meditonsin.de\/at\/erkaeltung-kinder\/","og_locale":"de_DE","og_type":"article","og_title":"Erk\u00e4ltung bei Kindern | Meditonsin bei Erk\u00e4ltung","og_description":"Alle Informationen zur Erk\u00e4ltung bei Kindern und die Symptome und Behandlung. Ab 1 Jahr in der Selbstmedikation, ab 7 Monaten nach R\u00fccksprach mit dem Arzt.","og_url":"https:\/\/www.meditonsin.de\/at\/erkaeltung-kinder\/","og_site_name":"Meditonsin bei Erk\u00e4ltung","article_modified_time":"2023-12-20T13:36:05+00:00","twitter_card":"summary_large_image","twitter_misc":{"Gesch\u00e4tzte Lesezeit":"5 Minuten"},"schema":{"@context":"https:\/\/schema.org","@graph":[{"@type":"WebPage","@id":"https:\/\/www.meditonsin.de\/at\/erkaeltung-kinder\/","url":"https:\/\/www.meditonsin.de\/at\/erkaeltung-kinder\/","name":"Erk\u00e4ltung bei Kindern | Meditonsin bei Erk\u00e4ltung","isPartOf":{"@id":"https:\/\/www.meditonsin.de\/at\/#website"},"datePublished":"2023-10-31T07:29:09+00:00","dateModified":"2023-12-20T13:36:05+00:00","description":"Alle Informationen zur Erk\u00e4ltung bei Kindern und die Symptome und Behandlung. Ab 1 Jahr in der Selbstmedikation, ab 7 Monaten nach R\u00fccksprach mit dem Arzt.","breadcrumb":{"@id":"https:\/\/www.meditonsin.de\/at\/erkaeltung-kinder\/#breadcrumb"},"inLanguage":"de-AT","potentialAction":[{"@type":"ReadAction","target":["https:\/\/www.meditonsin.de\/at\/erkaeltung-kinder\/"]}]},{"@type":"BreadcrumbList","@id":"https:\/\/www.meditonsin.de\/at\/erkaeltung-kinder\/#breadcrumb","itemListElement":[{"@type":"ListItem","position":1,"name":"Startseite","item":"https:\/\/www.meditonsin.de\/at\/"},{"@type":"ListItem","position":2,"name":"Erk\u00e4ltung bei Kindern"}]},{"@type":"WebSite","@id":"https:\/\/www.meditonsin.de\/at\/#website","url":"https:\/\/www.meditonsin.de\/at\/","name":"Meditonsin bei Erk\u00e4ltung","description":"","potentialAction":[{"@type":"SearchAction","target":{"@type":"EntryPoint","urlTemplate":"https:\/\/www.meditonsin.de\/at\/?s={search_term_string}"},"query-input":{"@type":"PropertyValueSpecification","valueRequired":true,"valueName":"search_term_string"}}],"inLanguage":"de-AT"}]}},"lang":"at","translations":{"at":3174},"pll_sync_post":[],"_links":{"self":[{"href":"https:\/\/www.meditonsin.de\/at\/wp-json\/wp\/v2\/pages\/3174","targetHints":{"allow":["GET"]}}],"collection":[{"href":"https:\/\/www.meditonsin.de\/at\/wp-json\/wp\/v2\/pages"}],"about":[{"href":"https:\/\/www.meditonsin.de\/at\/wp-json\/wp\/v2\/types\/page"}],"author":[{"embeddable":true,"href":"https:\/\/www.meditonsin.de\/at\/wp-json\/wp\/v2\/users\/1"}],"replies":[{"embeddable":true,"href":"https:\/\/www.meditonsin.de\/at\/wp-json\/wp\/v2\/comments?post=3174"}],"version-history":[{"count":8,"href":"https:\/\/www.meditonsin.de\/at\/wp-json\/wp\/v2\/pages\/3174\/revisions"}],"predecessor-version":[{"id":3320,"href":"https:\/\/www.meditonsin.de\/at\/wp-json\/wp\/v2\/pages\/3174\/revisions\/3320"}],"wp:attachment":[{"href":"https:\/\/www.meditonsin.de\/at\/wp-json\/wp\/v2\/media?parent=3174"}],"curies":[{"name":"wp","href":"https:\/\/api.w.org\/{rel}","templated":true}]}}