{"id":3178,"date":"2023-11-29T21:36:38","date_gmt":"2023-11-29T20:36:38","guid":{"rendered":"https:\/\/www.meditonsin.de\/?page_id=3178"},"modified":"2023-12-21T15:54:41","modified_gmt":"2023-12-21T14:54:41","slug":"service","status":"publish","type":"page","link":"https:\/\/www.meditonsin.de\/at\/service\/","title":{"rendered":"Service und Hilfe"},"content":{"rendered":"<div id=\"pl-3178\"  class=\"panel-layout\" ><div id=\"pg-3178-0\"  class=\"panel-grid panel-has-style\" ><div class=\"siteorigin-panels-stretch panel-row-style panel-row-style-for-3178-0\" data-stretch-type=\"full-stretched\" ><div id=\"pgc-3178-0-0\"  class=\"panel-grid-cell\" ><div id=\"panel-3178-0-0-0\" class=\"so-panel widget widget_wph-header-form-fields panel-first-child panel-last-child\" data-index=\"0\" ><div\n\t\t\t\n\t\t\tclass=\"so-widget-wph-header-form-fields so-widget-wph-header-form-fields-base\"\n\t\t\t\n\t\t><section class=\" header-hero widget\">\n    <div class=\"container-fluid p-0\">\n        <div class=\"row g-0\">\n            <div class=\"col-md-12\">\n                <div class=\"header-vedio\">\n                    <img decoding=\"async\" src=\"https:\/\/www.meditonsin.de\/at\/media\/2023\/12\/meditonsin.at_service.jpg\" >\n                <\/div>\n            <\/div>\n        <\/div>\n        <div class=\"header-hero-inner\">\n            <h1 id=\"parent-fieldname-title\" class=\"documentFirstHeading\">Service und Hilfe<\/h1>\n                    <\/div>\n\n    <\/div>\n<\/section><\/div><\/div><\/div><\/div><\/div><div id=\"pg-3178-1\"  class=\"panel-grid panel-has-style\" ><div class=\"siteorigin-panels-stretch panel-row-style panel-row-style-for-3178-1\" data-stretch-type=\"full\" ><div id=\"pgc-3178-1-0\"  class=\"panel-grid-cell\" ><div id=\"panel-3178-1-0-0\" class=\"so-panel widget widget_sow-image panel-first-child panel-last-child\" data-index=\"1\" ><div\n\t\t\t\n\t\t\tclass=\"so-widget-sow-image so-widget-sow-image-default-8b5b6f678277-3178\"\n\t\t\t\n\t\t>\n<div class=\"sow-image-container\">\n\t\t<img \n\tsrc=\"https:\/\/www.meditonsin.de\/at\/media\/2023\/10\/meditonsin-at-flaschen.png\" width=\"413\" height=\"715\" srcset=\"https:\/\/www.meditonsin.de\/at\/media\/2023\/10\/meditonsin-at-flaschen.png 413w, https:\/\/www.meditonsin.de\/at\/media\/2023\/10\/meditonsin-at-flaschen-173x300.png 173w\" sizes=\"(max-width: 413px) 100vw, 413px\" alt=\"\" \t\tclass=\"so-widget-image\"\/>\n\t<\/div>\n\n<\/div><\/div><\/div><div id=\"pgc-3178-1-1\"  class=\"panel-grid-cell\" ><div id=\"panel-3178-1-1-0\" class=\"so-panel widget widget_sow-editor panel-first-child panel-last-child\" data-index=\"2\" ><div\n\t\t\t\n\t\t\tclass=\"so-widget-sow-editor so-widget-sow-editor-base\"\n\t\t\t\n\t\t>\n<div class=\"siteorigin-widget-tinymce textwidget\">\n\t<h1 id=\"parent-fieldname-title\" class=\"documentFirstHeading\">Service und Hilfe<\/h1>\n<h2 id=\"parent-fieldname-description\" class=\"documentDescription\">Angebote bei Erk\u00e4ltung<\/h2>\n<p class=\"p1\"><span class=\"s1\">Ob\u00a0<\/span><span class=\"s2\"><a href=\"https:\/\/www.meditonsin.de\/at\/service\/rezepte\" rel=\"noopener\">Rezepte<\/a><\/span><span class=\"s1\">, die auch bei einer Erk\u00e4ltung gut schmecken, ein\u00a0<\/span><span class=\"s2\">Check zum Status Ihres Immunsystems<\/span><span class=\"s1\">\u00a0oder die\u00a0<\/span><a href=\"https:\/\/www.meditonsin.de\/at\/service\/haeufige-fragen\" rel=\"noopener\"><span class=\"s2\">h\u00e4ufigsten Fragen rund um Meditonsin<\/span><span class=\"s1\"><sup>\u00ae<\/sup>\u00a0Tropfen und Globuli<\/span><\/a>\u00a0\u2013 hier finden Sie viele wichtige Informationen, die Ihnen bei einer Erk\u00e4ltung helfen k\u00f6nnen. Dazu geh\u00f6ren auch die\u00a0<a href=\"https:\/\/www.meditonsin.de\/at\/service\/packungsbeilage\" rel=\"noopener\">Packungsbeilagen zu Meditonsin<sup>\u00ae<\/sup>\u00a0Tropfen und Globuli<\/a><span class=\"s1\">, die neben Deutsch in weiteren acht Sprachen\u00a0(Englisch, Spanisch, Franz\u00f6sisch, Italienisch, Russisch, Polnisch, T\u00fcrkisch, Arabisch)\u00a0abrufbar ist.<\/span><\/p>\n<p class=\"p1\"><span class=\"s1\">Damit die Zeit auf dem Sofa im Falle einer Erk\u00e4ltung nicht langweilig wird, haben wir einige <\/span><a href=\"https:\/\/www.meditonsin.de\/at\/service\/spiel-spass\/leseecke\" rel=\"noopener\"><span class=\"s2\">Lekt\u00fcreempfehlungen\u00a0<\/span><\/a><span class=\"s1\">\u00a0und\u00a0<\/span><a href=\"https:\/\/www.meditonsin.de\/at\/service\/spiel-spass\/spieletipps\" rel=\"noopener\"><span class=\"s2\">Spiele-Tipps<\/span><\/a><span class=\"s1\">\u00a0zusammengestellt. Viel Spa\u00df beim St\u00f6bern!<\/span><\/p>\n<\/div>\n<\/div><\/div><\/div><\/div><\/div><div id=\"pg-3178-2\"  class=\"panel-grid panel-no-style\" ><div id=\"pgc-3178-2-0\"  class=\"panel-grid-cell\" ><div id=\"panel-3178-2-0-0\" class=\"so-panel widget widget_sow-image panel-first-child\" data-index=\"3\" ><div\n\t\t\t\n\t\t\tclass=\"so-widget-sow-image so-widget-sow-image-default-8b5b6f678277-3178\"\n\t\t\t\n\t\t>\n<div class=\"sow-image-container\">\n\t\t\t<a href=\"https:\/\/www.meditonsin.de\/at\/service\/packungsbeilage\"\n\t\t\t\t\t>\n\t\t\t<img \n\tsrc=\"https:\/\/www.meditonsin.de\/at\/media\/2021\/12\/packungsbeilage-300x276.jpg\" width=\"300\" height=\"276\" srcset=\"https:\/\/www.meditonsin.de\/at\/media\/2021\/12\/packungsbeilage-300x276.jpg 300w, https:\/\/www.meditonsin.de\/at\/media\/2021\/12\/packungsbeilage-768x707.jpg 768w, https:\/\/www.meditonsin.de\/at\/media\/2021\/12\/packungsbeilage.jpg 972w\" sizes=\"(max-width: 300px) 100vw, 300px\" alt=\"\" \t\tclass=\"so-widget-image\"\/>\n\t\t\t<\/a><\/div>\n\n<\/div><\/div><div id=\"panel-3178-2-0-1\" class=\"so-panel widget widget_sow-editor panel-last-child\" data-index=\"4\" ><div\n\t\t\t\n\t\t\tclass=\"so-widget-sow-editor so-widget-sow-editor-base\"\n\t\t\t\n\t\t>\n<div class=\"siteorigin-widget-tinymce textwidget\">\n\t<p style=\"text-align: center;\"><a href=\"https:\/\/www.meditonsin.de\/at\/service\/packungsbeilage\"><span style=\"font-size: 18pt;\"><strong>Packungsbeilage<\/strong><\/span><\/a><\/p>\n<\/div>\n<\/div><\/div><\/div><div id=\"pgc-3178-2-1\"  class=\"panel-grid-cell\" ><div id=\"panel-3178-2-1-0\" class=\"so-panel widget widget_sow-image panel-first-child\" data-index=\"5\" ><div\n\t\t\t\n\t\t\tclass=\"so-widget-sow-image so-widget-sow-image-default-8b5b6f678277-3178\"\n\t\t\t\n\t\t>\n<div class=\"sow-image-container\">\n\t\t\t<a href=\"https:\/\/www.meditonsin.de\/at\/service\/haeufige-fragen\/\"\n\t\t\t\t\t>\n\t\t\t<img \n\tsrc=\"https:\/\/www.meditonsin.de\/at\/media\/2022\/01\/faq-service.jpg\" width=\"300\" height=\"276\" sizes=\"(max-width: 300px) 100vw, 300px\" alt=\"\" \t\tclass=\"so-widget-image\"\/>\n\t\t\t<\/a><\/div>\n\n<\/div><\/div><div id=\"panel-3178-2-1-1\" class=\"so-panel widget widget_sow-editor panel-last-child\" data-index=\"6\" ><div\n\t\t\t\n\t\t\tclass=\"so-widget-sow-editor so-widget-sow-editor-base\"\n\t\t\t\n\t\t>\n<div class=\"siteorigin-widget-tinymce textwidget\">\n\t<p style=\"text-align: center;\"><a href=\"https:\/\/www.meditonsin.de\/at\/service\/haeufige-fragen\/\"><span style=\"font-size: 18pt;\"><strong>H\u00e4ufige Fragen<\/strong><\/span><\/a><\/p>\n<\/div>\n<\/div><\/div><\/div><div id=\"pgc-3178-2-2\"  class=\"panel-grid-cell panel-grid-cell-empty panel-grid-cell-mobile-last\" ><\/div><div id=\"pgc-3178-2-3\"  class=\"panel-grid-cell panel-grid-cell-empty\" ><\/div><\/div><div id=\"pg-3178-3\"  class=\"panel-grid panel-has-style\" ><div class=\"siteorigin-panels-stretch panel-row-style panel-row-style-for-3178-3\" data-stretch-type=\"full\" ><div id=\"pgc-3178-3-0\"  class=\"panel-grid-cell\" ><div id=\"panel-3178-3-0-0\" class=\"so-panel widget widget_sow-editor panel-first-child panel-last-child\" data-index=\"7\" ><div\n\t\t\t\n\t\t\tclass=\"so-widget-sow-editor so-widget-sow-editor-base\"\n\t\t\t\n\t\t>\n<div class=\"siteorigin-widget-tinymce textwidget\">\n\t<h2><span style=\"color: #600e02;\"><strong>Nach der Erk\u00e4ltung ist vor der Erk\u00e4ltung<\/strong><\/span><\/h2>\n<p>Das Immunsystem arbeitet bei einem grippalen Infekt auf Hochtouren, damit sich der K\u00f6rper schnell wieder erholt. Daher ist es wichtig, ganzj\u00e4hrig darauf zu achten, dass das k\u00f6rpereigene Abwehrsystem auch kontinuierlich gest\u00e4rkt wird. Regelm\u00e4\u00dfige Saunabesuche oder eine gelegentliche Wechseldusche f\u00f6rdern die Durchblutung und regen so den Stoffwechsel an.<\/p>\n<p>Gleichzeitig sollten Sie regelm\u00e4\u00dfig aktiv sein, beispielsweise durch Ausdauersport wie Schwimmen oder Laufen. Ein starkes Herz-Kreislauf-System wirkt sich auch positiv auf das Immunsystem aus. Achten Sie bei der Intensit\u00e4t beim Ausf\u00fchren dieser Sportarten aber immer auf die Belastbarkeit Ihres K\u00f6rpers. Viel hilft nicht immer viel und kann sich im schlimmsten Fall auch negativ auf das Immunsystem auswirken. Im Falle eines akuten grippalen Infekts sollten Sie nat\u00fcrlich g\u00e4nzlich auf Sport verzichten.<\/p>\n<p>Grunds\u00e4tzlich sollten Sie regelm\u00e4\u00dfigen Stress oder Schlafmangel vermeiden. Vor allem in der Grippesaison ist der K\u00f6rper auf ausreichend Schlaf angewiesen, um sich in der Nacht regenerieren zu k\u00f6nnen und auf die Belastungen des Folgetags vorbereitet zu sein.<\/p>\n<p>Nat\u00fcrlich ist auch die Ern\u00e4hrung entscheidend f\u00fcr die Verfassung der k\u00f6rpereigenen Abwehrkr\u00e4fte. Vitaminreiche, frische Lebensmittel sind genauso wichtig wie t\u00e4glich ausreichend Fl\u00fcssigkeit zu sich zu nehmen (etwa zwei Liter pro Tag, bestenfalls durch Wasser oder Gr\u00fcn-\/Fr\u00fcchtetees). In unserem Servicebereich finden Sie einige Anregungen f\u00fcr\u00a0<a href=\"https:\/\/www.meditonsin.de\/at\/service\/rezepte\" rel=\"noopener\">gesunde Rezepte.<\/a><\/p>\n<\/div>\n<\/div><\/div><\/div><div id=\"pgc-3178-3-1\"  class=\"panel-grid-cell\" ><div id=\"panel-3178-3-1-0\" class=\"so-panel widget widget_sow-image panel-first-child panel-last-child\" data-index=\"8\" ><div\n\t\t\t\n\t\t\tclass=\"so-widget-sow-image so-widget-sow-image-default-8b5b6f678277-3178\"\n\t\t\t\n\t\t>\n<div class=\"sow-image-container\">\n\t\t<img \n\tsrc=\"https:\/\/www.meditonsin.de\/at\/media\/2021\/12\/empfehlung.webp\" width=\"1141\" height=\"993\" srcset=\"https:\/\/www.meditonsin.de\/at\/media\/2021\/12\/empfehlung.webp 1141w, https:\/\/www.meditonsin.de\/at\/media\/2021\/12\/empfehlung-300x261.webp 300w, https:\/\/www.meditonsin.de\/at\/media\/2021\/12\/empfehlung-1024x891.webp 1024w, https:\/\/www.meditonsin.de\/at\/media\/2021\/12\/empfehlung-768x668.webp 768w\" sizes=\"(max-width: 1141px) 100vw, 1141px\" alt=\"\" \t\tclass=\"so-widget-image\"\/>\n\t<\/div>\n\n<\/div><\/div><\/div><\/div><\/div><\/div>","protected":false},"excerpt":{"rendered":"<p>Service und Hilfe Angebote bei Erk\u00e4ltung Ob\u00a0Rezepte, die auch bei einer Erk\u00e4ltung gut schmecken, ein\u00a0Check zum Status Ihres Immunsystems\u00a0oder die\u00a0h\u00e4ufigsten Fragen rund um Meditonsin\u00ae\u00a0Tropfen und Globuli\u00a0\u2013 hier finden Sie viele wichtige Informationen, die Ihnen bei einer Erk\u00e4ltung helfen k\u00f6nnen. Dazu geh\u00f6ren auch die\u00a0Packungsbeilagen zu Meditonsin\u00ae\u00a0Tropfen und Globuli, die neben Deutsch in weiteren acht Sprachen\u00a0(Englisch, Spanisch, [&hellip;]<\/p>\n","protected":false},"author":1,"featured_media":0,"parent":0,"menu_order":0,"comment_status":"closed","ping_status":"closed","template":"","meta":{"footnotes":""},"class_list":["post-3178","page","type-page","status-publish","hentry"],"yoast_head":"<!-- This site is optimized with the Yoast SEO plugin v26.3 - https:\/\/yoast.com\/wordpress\/plugins\/seo\/ -->\n<title>Service und Hilfe | Meditonsin bei Erk\u00e4ltung<\/title>\n<meta name=\"description\" content=\"Unser Service und unsere Hilfe zu unseren Meditonsin-Produkten auf einem Blick.\" \/>\n<meta name=\"robots\" content=\"index, follow, max-snippet:-1, max-image-preview:large, max-video-preview:-1\" \/>\n<link rel=\"canonical\" href=\"https:\/\/www.meditonsin.de\/at\/service\/\" \/>\n<meta property=\"og:locale\" content=\"de_DE\" \/>\n<meta property=\"og:type\" content=\"article\" \/>\n<meta property=\"og:title\" content=\"Service und Hilfe | Meditonsin bei Erk\u00e4ltung\" \/>\n<meta property=\"og:description\" content=\"Unser Service und unsere Hilfe zu unseren Meditonsin-Produkten auf einem Blick.\" \/>\n<meta property=\"og:url\" content=\"https:\/\/www.meditonsin.de\/at\/service\/\" \/>\n<meta property=\"og:site_name\" content=\"Meditonsin bei Erk\u00e4ltung\" \/>\n<meta property=\"article:modified_time\" content=\"2023-12-21T14:54:41+00:00\" \/>\n<meta name=\"twitter:card\" content=\"summary_large_image\" \/>\n<meta name=\"twitter:label1\" content=\"Gesch\u00e4tzte Lesezeit\" \/>\n\t<meta name=\"twitter:data1\" content=\"2 Minuten\" \/>\n<script type=\"application\/ld+json\" class=\"yoast-schema-graph\">{\"@context\":\"https:\/\/schema.org\",\"@graph\":[{\"@type\":\"WebPage\",\"@id\":\"https:\/\/www.meditonsin.de\/at\/service\/\",\"url\":\"https:\/\/www.meditonsin.de\/at\/service\/\",\"name\":\"Service und Hilfe | Meditonsin bei Erk\u00e4ltung\",\"isPartOf\":{\"@id\":\"https:\/\/www.meditonsin.de\/at\/#website\"},\"datePublished\":\"2023-11-29T20:36:38+00:00\",\"dateModified\":\"2023-12-21T14:54:41+00:00\",\"description\":\"Unser Service und unsere Hilfe zu unseren Meditonsin-Produkten auf einem Blick.\",\"breadcrumb\":{\"@id\":\"https:\/\/www.meditonsin.de\/at\/service\/#breadcrumb\"},\"inLanguage\":\"de-AT\",\"potentialAction\":[{\"@type\":\"ReadAction\",\"target\":[\"https:\/\/www.meditonsin.de\/at\/service\/\"]}]},{\"@type\":\"BreadcrumbList\",\"@id\":\"https:\/\/www.meditonsin.de\/at\/service\/#breadcrumb\",\"itemListElement\":[{\"@type\":\"ListItem\",\"position\":1,\"name\":\"Startseite\",\"item\":\"https:\/\/www.meditonsin.de\/at\/\"},{\"@type\":\"ListItem\",\"position\":2,\"name\":\"Service und Hilfe\"}]},{\"@type\":\"WebSite\",\"@id\":\"https:\/\/www.meditonsin.de\/at\/#website\",\"url\":\"https:\/\/www.meditonsin.de\/at\/\",\"name\":\"Meditonsin bei Erk\u00e4ltung\",\"description\":\"\",\"potentialAction\":[{\"@type\":\"SearchAction\",\"target\":{\"@type\":\"EntryPoint\",\"urlTemplate\":\"https:\/\/www.meditonsin.de\/at\/?s={search_term_string}\"},\"query-input\":{\"@type\":\"PropertyValueSpecification\",\"valueRequired\":true,\"valueName\":\"search_term_string\"}}],\"inLanguage\":\"de-AT\"}]}<\/script>\n<!-- \/ Yoast SEO plugin. -->","yoast_head_json":{"title":"Service und Hilfe | Meditonsin bei Erk\u00e4ltung","description":"Unser Service und unsere Hilfe zu unseren Meditonsin-Produkten auf einem Blick.","robots":{"index":"index","follow":"follow","max-snippet":"max-snippet:-1","max-image-preview":"max-image-preview:large","max-video-preview":"max-video-preview:-1"},"canonical":"https:\/\/www.meditonsin.de\/at\/service\/","og_locale":"de_DE","og_type":"article","og_title":"Service und Hilfe | Meditonsin bei Erk\u00e4ltung","og_description":"Unser Service und unsere Hilfe zu unseren Meditonsin-Produkten auf einem Blick.","og_url":"https:\/\/www.meditonsin.de\/at\/service\/","og_site_name":"Meditonsin bei Erk\u00e4ltung","article_modified_time":"2023-12-21T14:54:41+00:00","twitter_card":"summary_large_image","twitter_misc":{"Gesch\u00e4tzte Lesezeit":"2 Minuten"},"schema":{"@context":"https:\/\/schema.org","@graph":[{"@type":"WebPage","@id":"https:\/\/www.meditonsin.de\/at\/service\/","url":"https:\/\/www.meditonsin.de\/at\/service\/","name":"Service und Hilfe | Meditonsin bei Erk\u00e4ltung","isPartOf":{"@id":"https:\/\/www.meditonsin.de\/at\/#website"},"datePublished":"2023-11-29T20:36:38+00:00","dateModified":"2023-12-21T14:54:41+00:00","description":"Unser Service und unsere Hilfe zu unseren Meditonsin-Produkten auf einem Blick.","breadcrumb":{"@id":"https:\/\/www.meditonsin.de\/at\/service\/#breadcrumb"},"inLanguage":"de-AT","potentialAction":[{"@type":"ReadAction","target":["https:\/\/www.meditonsin.de\/at\/service\/"]}]},{"@type":"BreadcrumbList","@id":"https:\/\/www.meditonsin.de\/at\/service\/#breadcrumb","itemListElement":[{"@type":"ListItem","position":1,"name":"Startseite","item":"https:\/\/www.meditonsin.de\/at\/"},{"@type":"ListItem","position":2,"name":"Service und Hilfe"}]},{"@type":"WebSite","@id":"https:\/\/www.meditonsin.de\/at\/#website","url":"https:\/\/www.meditonsin.de\/at\/","name":"Meditonsin bei Erk\u00e4ltung","description":"","potentialAction":[{"@type":"SearchAction","target":{"@type":"EntryPoint","urlTemplate":"https:\/\/www.meditonsin.de\/at\/?s={search_term_string}"},"query-input":{"@type":"PropertyValueSpecification","valueRequired":true,"valueName":"search_term_string"}}],"inLanguage":"de-AT"}]}},"lang":"at","translations":{"at":3178},"pll_sync_post":[],"_links":{"self":[{"href":"https:\/\/www.meditonsin.de\/at\/wp-json\/wp\/v2\/pages\/3178","targetHints":{"allow":["GET"]}}],"collection":[{"href":"https:\/\/www.meditonsin.de\/at\/wp-json\/wp\/v2\/pages"}],"about":[{"href":"https:\/\/www.meditonsin.de\/at\/wp-json\/wp\/v2\/types\/page"}],"author":[{"embeddable":true,"href":"https:\/\/www.meditonsin.de\/at\/wp-json\/wp\/v2\/users\/1"}],"replies":[{"embeddable":true,"href":"https:\/\/www.meditonsin.de\/at\/wp-json\/wp\/v2\/comments?post=3178"}],"version-history":[{"count":24,"href":"https:\/\/www.meditonsin.de\/at\/wp-json\/wp\/v2\/pages\/3178\/revisions"}],"predecessor-version":[{"id":3355,"href":"https:\/\/www.meditonsin.de\/at\/wp-json\/wp\/v2\/pages\/3178\/revisions\/3355"}],"wp:attachment":[{"href":"https:\/\/www.meditonsin.de\/at\/wp-json\/wp\/v2\/media?parent=3178"}],"curies":[{"name":"wp","href":"https:\/\/api.w.org\/{rel}","templated":true}]}}