{"id":3194,"date":"2023-11-29T21:55:28","date_gmt":"2023-11-29T20:55:28","guid":{"rendered":"https:\/\/www.meditonsin.de\/?page_id=3194"},"modified":"2025-09-25T15:33:30","modified_gmt":"2025-09-25T13:33:30","slug":"impressum","status":"publish","type":"page","link":"https:\/\/www.meditonsin.de\/at\/impressum\/","title":{"rendered":"Impressum"},"content":{"rendered":"<div id=\"pl-3194\"  class=\"panel-layout\" ><div id=\"pg-3194-0\"  class=\"panel-grid panel-has-style\" ><div class=\"siteorigin-panels-stretch panel-row-style panel-row-style-for-3194-0\" data-stretch-type=\"full-width-stretch\" ><div id=\"pgc-3194-0-0\"  class=\"panel-grid-cell\" ><div id=\"panel-3194-0-0-0\" class=\"so-panel widget widget_wph-header-form-fields panel-first-child panel-last-child\" data-index=\"0\" ><div\n\t\t\t\n\t\t\tclass=\"so-widget-wph-header-form-fields so-widget-wph-header-form-fields-base\"\n\t\t\t\n\t\t><section class=\" header-hero widget\">\n    <div class=\"container-fluid p-0\">\n        <div class=\"row g-0\">\n            <div class=\"col-md-12\">\n                <div class=\"header-vedio\">\n                    <img decoding=\"async\" src=\"https:\/\/www.meditonsin.de\/at\/media\/2023\/12\/meditonsin_erkaeltung.jpg\" >\n                <\/div>\n            <\/div>\n        <\/div>\n        <div class=\"header-hero-inner\">\n            <h1>Impressum<\/h1>\n                    <\/div>\n\n    <\/div>\n<\/section><\/div><\/div><\/div><\/div><\/div><div id=\"pg-3194-1\"  class=\"panel-grid panel-has-style\" ><div class=\"panel-row-style panel-row-style-for-3194-1\" ><div id=\"pgc-3194-1-0\"  class=\"panel-grid-cell\" ><div id=\"panel-3194-1-0-0\" class=\"so-panel widget widget_sow-editor panel-first-child panel-last-child\" data-index=\"1\" ><div\n\t\t\t\n\t\t\tclass=\"so-widget-sow-editor so-widget-sow-editor-base\"\n\t\t\t\n\t\t>\n<div class=\"siteorigin-widget-tinymce textwidget\">\n\t<p><strong>Medice Arzneimittel GmbH<\/strong><\/p>\n<p>R\u00f6merstrasse 14<br \/>\nA-5400 Hallein<\/p>\n<p><strong>Kontakt:<\/strong><br \/>\nTel.: +43 (0) 800 29 75 34<br \/>\nFax: +43 (0) 800 29 51 93<br \/>\nE-Mail:\u00a0<a href=\"mailto:info@medice.at\">info@medice.at<\/a><\/p>\n<p><strong>Gesch\u00e4ftsf\u00fchrung:<\/strong><br \/>\n<strong>Dr. med. Dr. oec. Richard Ammer<\/strong><br \/>\nGesch\u00e4ftsf\u00fchrer, Schwerpunkt Medizin, Zulassung, Neugesch\u00e4ftsentwicklung, Fachkundige Person nach \u00a710 AMBO<\/p>\n<p><strong>Mag. Thekla Anna Orlicek<\/strong><br \/>\nGesch\u00e4ftsf\u00fchrerin, Schwerpunkt Marketing &amp; Vertrieb<\/p>\n<p><strong>Firmenbuchnummer:<\/strong><br \/>\nFirmenbuchgericht: Salzburg, FN 310553 X<\/p>\n<p><strong>Umsatzsteueridentifikationsnummer:<\/strong><br \/>\nATU 65304529<\/p>\n<p>Mitglied der Wirtschaftskammer<\/p>\n<p>Salzburg<\/p>\n<p>Zust\u00e4ndige Aufsichtsbeh\u00f6rde: Bundesamt f\u00fcr Sicherheit im Gesundheitswesen, Bezirkshauptmannschaft Hallein<\/p>\n<p>Unternehmensgegenstand: Handel mit Arzneimittel, Medizinprodukte, Nahrungserg\u00e4nzungsmitteln, kosmetische<\/p>\n<p>Anwendbare Rechtsvorschriften (ersichtlich unter\u00a0<a href=\"https:\/\/www.ris.bka.gv.at\/\">www.ris.bka.gv.at<\/a>) : Arzneimittelgesetz, Medizinproduktegesetz, Gewerbeordnung 1994 (GewO 1994), Lebensmittelsicherheits- und (LMSVG), Das \u00d6sterreichische Lebensmittelbuch (\u00d6LMB), ersichtlich unter\u00a0<a href=\"https:\/\/www.lebensmittelbuch.at\/\">www.lebensmittelbuch.at<\/a>.<\/p>\n<p>Online-Streitbeilegung gem\u00e4\u00df Art. 14 Abs. 1 ODR-VO: Die Europ\u00e4ische Kommission stellt eine Plattform zur Online-Streitbeilegung (OS) bereit, die Sie unter https:\/\/ec.europa.eu\/consumers\/odr\/ finden.<\/p>\n<p><strong>Qualit\u00e4t der Informationen<\/strong><br \/>\nDie MEDICE Arzneimittel GmbH ist bem\u00fcht, die Informationen, die auf dieser Website angeboten werden, st\u00e4ndig zu aktualisieren und auf ihre Richtigkeit zu \u00fcberpr\u00fcfen. Wir \u00fcbernehmen jedoch keine Verantwortung f\u00fcr die Richtigkeit und Vollst\u00e4ndigkeit der Informationen.<\/p>\n<p>Insbesondere weisen wir darauf hin, dass die Inhalte dieser Website nicht der Erteilung medizinischer oder anderer Ratschl\u00e4ge oder Anweisungen zu Arzneimitteln oder bestimmten Krankheiten dienen. Die Informationen dieser Website stellen keine Alternative zur Beratung durch einen Arzt oder Apotheker dar. Sofern Sie Rat zu spezifischen Gesundheitsproblemen ben\u00f6tigen, wenden Sie sich bitte ausschlie\u00dflich an Ihren Arzt.<\/p>\n<p><strong>Rechte<\/strong><\/p>\n<p>Alle Inhalte dieser Website sind Eigentum der MEDICE Arzneimittel GmbH. Die Verwendung einzelner textlicher Inhalte aus dieser Website ist Usern nur gestattet, wenn:<\/p>\n<ul>\n<li>die Ausz\u00fcge unver\u00e4ndert bleiben,<\/li>\n<li>die Ausschnitte ausschlie\u00dflich zum nicht kommerziellen und pers\u00f6nlichen Gebrauch verwendet werden und<\/li>\n<li>ein Hinweis auf das Copyright der MEDICE Arzneimittel GmbH erfolgt.<\/li>\n<\/ul>\n<p>Die Verwendung von Bildmaterialien, Abbildungen, Illustrationen der grafischen Elementen aus dieser Website ist ohne ausdr\u00fcckliche schriftliche Einwilligung der jeweiligen Rechteinhaber nicht gestattet.<\/p>\n<p>Jede andere Verwertung, wie beispielsweise die Vervielf\u00e4ltigung, \u00dcbersetzung, Mikroverfilmung, Einspeicherung und Verarbeitung in elektronischen Systemen zu kommerziellen Zwecken bed\u00fcrfen der vorherigen schriftlichen Genehmigung der MEDICE Arzneimittel GmbH.<\/p>\n<p><strong>Wichtige Hinweise<\/strong><\/p>\n<p>\u00dcber die auf dieser Website enthaltenen Links verlassen Sie das Angebot von MEDICE. Auch wenn wir gro\u00dfe Sorgfalt darauf verwenden, Ihnen qualitativ gute Links anzubieten, machen wir uns die Inhalte dieser Seiten ausdr\u00fccklich nicht zu eigen und \u00fcbernehmen f\u00fcr die Inhalte der verlinkten Seiten keine Gew\u00e4hrleistung.<\/p>\n<p>Das Arzneimittelgesetz (AMG) erfordert, dass bestimmte Informationen nur Fachkreisen zur Verf\u00fcgung gestellt werden. Daher muss ein Login erfolgen, bei dem wir personenbezogene Daten (z.B. Name, Adresse, Telefonnummer oder E-Mail-Adresse) erheben, die in einer Datenbank gesichert werden. MEDICE respektiert das Pers\u00f6nlichkeitsrecht jedes Nutzers auf unserer Website.<\/p>\n<p>Personenbezogene Daten (z.B. Name, Adresse, Telefonnummer oder E-Mail-Adresse) werden lediglich dann gesammelt, wenn sie uns freiwillig zur Verf\u00fcgung gestellt werden. Die Abfrage der Daten dient vor allem dazu, die Qualit\u00e4t des Angebotes zu verbessern, indem wir die Bed\u00fcrfnisse der User besser verstehen. Die Informationen k\u00f6nnen auch genutzt werden, um Kontakt mit den Usern aufzunehmen. Die Daten werden aber in keinem Fall zur kommerziellen Nutzung an Dritte weitergegeben. Au\u00dferdem haben Sie das Recht, Ihre Einwilligung zur Nutzung der Daten jederzeit mit Wirkung f\u00fcr die Zukunft mittels E-Mail zu widerrufen.<\/p>\n<p>Einige der MEDICE Websites verwenden sog. \u201eCookies\u201c. Ein Cookie ist ein Zeichen, das ein Server an Ihrem Browser weitergibt, wenn Sie Zugriff auf die Website nehmen. Cookies k\u00f6nnen verschiedene Typen von Daten speichern und helfen zus\u00e4tzliche Funktionalit\u00e4ten zur Verf\u00fcgung zu stellen. Sofern Cookies verwendet werden, sammeln diese keine pers\u00f6nlich identifizierbaren Informationen, soweit Sie nicht Ihr ausdr\u00fcckliches Einverst\u00e4ndnis erteilt haben.<\/p>\n<\/div>\n<\/div><\/div><\/div><\/div><\/div><\/div>","protected":false},"excerpt":{"rendered":"<p>Medice Arzneimittel GmbH R\u00f6merstrasse 14 A-5400 Hallein Kontakt: Tel.: +43 (0) 800 29 75 34 Fax: +43 (0) 800 29 51 93 E-Mail:\u00a0info@medice.at Gesch\u00e4ftsf\u00fchrung: Dr. med. Dr. oec. Richard Ammer Gesch\u00e4ftsf\u00fchrer, Schwerpunkt Medizin, Zulassung, Neugesch\u00e4ftsentwicklung, Fachkundige Person nach \u00a710 AMBO Mag. Thekla Anna Orlicek Gesch\u00e4ftsf\u00fchrerin, Schwerpunkt Marketing &amp; Vertrieb Firmenbuchnummer: Firmenbuchgericht: Salzburg, FN 310553 X [&hellip;]<\/p>\n","protected":false},"author":1,"featured_media":0,"parent":0,"menu_order":0,"comment_status":"closed","ping_status":"closed","template":"","meta":{"footnotes":""},"class_list":["post-3194","page","type-page","status-publish","hentry"],"yoast_head":"<!-- This site is optimized with the Yoast SEO plugin v26.3 - https:\/\/yoast.com\/wordpress\/plugins\/seo\/ -->\n<title>Impressum | Meditonsin bei Erk\u00e4ltung<\/title>\n<meta name=\"description\" content=\"Hier finden Sie Informationen zu unserem Impressum.\" \/>\n<meta name=\"robots\" content=\"index, follow, max-snippet:-1, max-image-preview:large, max-video-preview:-1\" \/>\n<link rel=\"canonical\" href=\"https:\/\/www.meditonsin.de\/at\/impressum\/\" \/>\n<meta property=\"og:locale\" content=\"de_DE\" \/>\n<meta property=\"og:type\" content=\"article\" \/>\n<meta property=\"og:title\" content=\"Impressum | Meditonsin bei Erk\u00e4ltung\" \/>\n<meta property=\"og:description\" content=\"Hier finden Sie Informationen zu unserem Impressum.\" \/>\n<meta property=\"og:url\" content=\"https:\/\/www.meditonsin.de\/at\/impressum\/\" \/>\n<meta property=\"og:site_name\" content=\"Meditonsin bei Erk\u00e4ltung\" \/>\n<meta property=\"article:modified_time\" content=\"2025-09-25T13:33:30+00:00\" \/>\n<meta name=\"twitter:card\" content=\"summary_large_image\" \/>\n<meta name=\"twitter:label1\" content=\"Gesch\u00e4tzte Lesezeit\" \/>\n\t<meta name=\"twitter:data1\" content=\"4 Minuten\" \/>\n<script type=\"application\/ld+json\" class=\"yoast-schema-graph\">{\"@context\":\"https:\/\/schema.org\",\"@graph\":[{\"@type\":\"WebPage\",\"@id\":\"https:\/\/www.meditonsin.de\/at\/impressum\/\",\"url\":\"https:\/\/www.meditonsin.de\/at\/impressum\/\",\"name\":\"Impressum | Meditonsin bei Erk\u00e4ltung\",\"isPartOf\":{\"@id\":\"https:\/\/www.meditonsin.de\/at\/#website\"},\"datePublished\":\"2023-11-29T20:55:28+00:00\",\"dateModified\":\"2025-09-25T13:33:30+00:00\",\"description\":\"Hier finden Sie Informationen zu unserem Impressum.\",\"breadcrumb\":{\"@id\":\"https:\/\/www.meditonsin.de\/at\/impressum\/#breadcrumb\"},\"inLanguage\":\"de-AT\",\"potentialAction\":[{\"@type\":\"ReadAction\",\"target\":[\"https:\/\/www.meditonsin.de\/at\/impressum\/\"]}]},{\"@type\":\"BreadcrumbList\",\"@id\":\"https:\/\/www.meditonsin.de\/at\/impressum\/#breadcrumb\",\"itemListElement\":[{\"@type\":\"ListItem\",\"position\":1,\"name\":\"Startseite\",\"item\":\"https:\/\/www.meditonsin.de\/at\/\"},{\"@type\":\"ListItem\",\"position\":2,\"name\":\"Impressum\"}]},{\"@type\":\"WebSite\",\"@id\":\"https:\/\/www.meditonsin.de\/at\/#website\",\"url\":\"https:\/\/www.meditonsin.de\/at\/\",\"name\":\"Meditonsin bei Erk\u00e4ltung\",\"description\":\"\",\"potentialAction\":[{\"@type\":\"SearchAction\",\"target\":{\"@type\":\"EntryPoint\",\"urlTemplate\":\"https:\/\/www.meditonsin.de\/at\/?s={search_term_string}\"},\"query-input\":{\"@type\":\"PropertyValueSpecification\",\"valueRequired\":true,\"valueName\":\"search_term_string\"}}],\"inLanguage\":\"de-AT\"}]}<\/script>\n<!-- \/ Yoast SEO plugin. -->","yoast_head_json":{"title":"Impressum | Meditonsin bei Erk\u00e4ltung","description":"Hier finden Sie Informationen zu unserem Impressum.","robots":{"index":"index","follow":"follow","max-snippet":"max-snippet:-1","max-image-preview":"max-image-preview:large","max-video-preview":"max-video-preview:-1"},"canonical":"https:\/\/www.meditonsin.de\/at\/impressum\/","og_locale":"de_DE","og_type":"article","og_title":"Impressum | Meditonsin bei Erk\u00e4ltung","og_description":"Hier finden Sie Informationen zu unserem Impressum.","og_url":"https:\/\/www.meditonsin.de\/at\/impressum\/","og_site_name":"Meditonsin bei Erk\u00e4ltung","article_modified_time":"2025-09-25T13:33:30+00:00","twitter_card":"summary_large_image","twitter_misc":{"Gesch\u00e4tzte Lesezeit":"4 Minuten"},"schema":{"@context":"https:\/\/schema.org","@graph":[{"@type":"WebPage","@id":"https:\/\/www.meditonsin.de\/at\/impressum\/","url":"https:\/\/www.meditonsin.de\/at\/impressum\/","name":"Impressum | Meditonsin bei Erk\u00e4ltung","isPartOf":{"@id":"https:\/\/www.meditonsin.de\/at\/#website"},"datePublished":"2023-11-29T20:55:28+00:00","dateModified":"2025-09-25T13:33:30+00:00","description":"Hier finden Sie Informationen zu unserem Impressum.","breadcrumb":{"@id":"https:\/\/www.meditonsin.de\/at\/impressum\/#breadcrumb"},"inLanguage":"de-AT","potentialAction":[{"@type":"ReadAction","target":["https:\/\/www.meditonsin.de\/at\/impressum\/"]}]},{"@type":"BreadcrumbList","@id":"https:\/\/www.meditonsin.de\/at\/impressum\/#breadcrumb","itemListElement":[{"@type":"ListItem","position":1,"name":"Startseite","item":"https:\/\/www.meditonsin.de\/at\/"},{"@type":"ListItem","position":2,"name":"Impressum"}]},{"@type":"WebSite","@id":"https:\/\/www.meditonsin.de\/at\/#website","url":"https:\/\/www.meditonsin.de\/at\/","name":"Meditonsin bei Erk\u00e4ltung","description":"","potentialAction":[{"@type":"SearchAction","target":{"@type":"EntryPoint","urlTemplate":"https:\/\/www.meditonsin.de\/at\/?s={search_term_string}"},"query-input":{"@type":"PropertyValueSpecification","valueRequired":true,"valueName":"search_term_string"}}],"inLanguage":"de-AT"}]}},"lang":"at","translations":{"at":3194},"pll_sync_post":[],"_links":{"self":[{"href":"https:\/\/www.meditonsin.de\/at\/wp-json\/wp\/v2\/pages\/3194","targetHints":{"allow":["GET"]}}],"collection":[{"href":"https:\/\/www.meditonsin.de\/at\/wp-json\/wp\/v2\/pages"}],"about":[{"href":"https:\/\/www.meditonsin.de\/at\/wp-json\/wp\/v2\/types\/page"}],"author":[{"embeddable":true,"href":"https:\/\/www.meditonsin.de\/at\/wp-json\/wp\/v2\/users\/1"}],"replies":[{"embeddable":true,"href":"https:\/\/www.meditonsin.de\/at\/wp-json\/wp\/v2\/comments?post=3194"}],"version-history":[{"count":9,"href":"https:\/\/www.meditonsin.de\/at\/wp-json\/wp\/v2\/pages\/3194\/revisions"}],"predecessor-version":[{"id":3414,"href":"https:\/\/www.meditonsin.de\/at\/wp-json\/wp\/v2\/pages\/3194\/revisions\/3414"}],"wp:attachment":[{"href":"https:\/\/www.meditonsin.de\/at\/wp-json\/wp\/v2\/media?parent=3194"}],"curies":[{"name":"wp","href":"https:\/\/api.w.org\/{rel}","templated":true}]}}