{"id":3202,"date":"2023-11-29T21:57:05","date_gmt":"2023-11-29T20:57:05","guid":{"rendered":"https:\/\/www.meditonsin.de\/?page_id=3202"},"modified":"2023-12-20T14:37:13","modified_gmt":"2023-12-20T13:37:13","slug":"leseecke","status":"publish","type":"page","link":"https:\/\/www.meditonsin.de\/at\/service\/spiel-spass\/leseecke\/","title":{"rendered":"Leseecke"},"content":{"rendered":"<div id=\"pl-3202\"  class=\"panel-layout\" ><div id=\"pg-3202-0\"  class=\"panel-grid panel-has-style\" ><div class=\"siteorigin-panels-stretch panel-row-style panel-row-style-for-3202-0\" data-stretch-type=\"full-stretched\" ><div id=\"pgc-3202-0-0\"  class=\"panel-grid-cell\" ><div id=\"panel-3202-0-0-0\" class=\"so-panel widget widget_wph-header-form-fields panel-first-child panel-last-child\" data-index=\"0\" ><div\n\t\t\t\n\t\t\tclass=\"so-widget-wph-header-form-fields so-widget-wph-header-form-fields-base\"\n\t\t\t\n\t\t><section class=\" header-hero widget\">\n    <div class=\"container-fluid p-0\">\n        <div class=\"row g-0\">\n            <div class=\"col-md-12\">\n                <div class=\"header-vedio\">\n                    <img decoding=\"async\" src=\"https:\/\/www.meditonsin.de\/at\/media\/2023\/12\/meditonsin.at_service.jpg\" >\n                <\/div>\n            <\/div>\n        <\/div>\n        <div class=\"header-hero-inner\">\n            <h1 id=\"parent-fieldname-title\" class=\"documentFirstHeading\">Leseecke<\/h1>\n                    <\/div>\n\n    <\/div>\n<\/section><\/div><\/div><\/div><\/div><\/div><div id=\"pg-3202-1\"  class=\"panel-grid panel-has-style\" ><div class=\"siteorigin-panels-stretch panel-row-style panel-row-style-for-3202-1\" data-stretch-type=\"full\" ><div id=\"pgc-3202-1-0\"  class=\"panel-grid-cell\" ><div id=\"panel-3202-1-0-0\" class=\"so-panel widget widget_sow-editor panel-first-child panel-last-child\" data-index=\"1\" ><div\n\t\t\t\n\t\t\tclass=\"so-widget-sow-editor so-widget-sow-editor-base\"\n\t\t\t\n\t\t>\n<div class=\"siteorigin-widget-tinymce textwidget\">\n\t<h2 id=\"parent-fieldname-description\" class=\"documentDescription\">Buchtipps f\u00fcr Gro\u00df und Klein<\/h2>\n<div id=\"content-core\">\n<div id=\"parent-fieldname-text-f8c60c8d84ba44fcbacaf05c423dd692\" class=\"\">\n<p>Gute B\u00fccher sind Gold wert: Sie entf\u00fchren in fremde Welten, fesseln und regen zum Nachdenken an. Im Alltag fehlt oft die Zeit, um entspannt ein Buch zu lesen. Das Auskurieren einer\u00a0<a href=\"https:\/\/www.meditonsin.de\/at\/erkaeltung\" rel=\"noopener\">Erk\u00e4ltung<\/a>\u00a0ist die Gelegenheit daf\u00fcr. Hier sind drei Buchtipps f\u00fcr gro\u00dfe und kleine Leseratten und solche, die es werden wollen.<\/p>\n<h3>Buchtipps f\u00fcr Erwachsene:<\/h3>\n<p><em><strong>Inferno<\/strong><\/em><\/p>\n<p><strong>von Dan Brown (2013)<\/strong><\/p>\n<p>Dante Alighieris \u201eInferno\u201c geh\u00f6rt zu den geheimnisvollsten Schriften der Weltliteratur. Um dieses Mysterium wei\u00df auch Robert Langdon. Gemeinsam mit der \u00c4rztin Sienna Brooks macht er sich daran, das geheimnisvolle Schriftst\u00fcck zu entschl\u00fcsseln. Aber schon bald muss er feststellen, dass die junge Frau ebenso viele R\u00e4tsel birgt wie Dantes Meisterwerk...<\/p>\n<p>Teil vier der spannenden Serie um den Symbolologen Robert Langdon ist so spannend, dass die Stunden auf dem Sofa nur so verfliegen.<\/p>\n<p>Verlag: Bastei L\u00fcbbe<br \/>\nISBN: 978-3785724804<br \/>\n<strong><em>Der Prozess<\/em><\/strong><\/p>\n<p><strong>von Franz Kafka (1925)<\/strong><\/p>\n<p>\"Jemand musste Josef K. verleumdet haben, denn ohne dass er etwas B\u00f6ses getan h\u00e4tte, wurde er eines Morgens verhaftet.\" So beginnt die Geschichte des Josef K., dem an seinem 30. Geburtstag von einer mysteri\u00f6sen Beh\u00f6rde der Prozess gemacht werden soll. Und je mehr er seine Unschuld verteidigen will, umso tiefer sinkt er ins Gestr\u00fcpp undurchschaubarer Gesetze und menschlicher Verwirrungen.<\/p>\n<p>Kein Leser wird mit Josef K. tauschen wollen \u2013 und pl\u00f6tzlich erscheint die eigene Erk\u00e4ltung schon viel weniger schlimm...<\/p>\n<p>Verlag: Anaconda<br \/>\nISBN: 978-3866477766<br \/>\n<em><strong>Wer bin ich \u2013 und wenn ja wie viele? Eine philosophische Reise<\/strong><\/em><\/p>\n<p><strong>von Richard David Precht (2007)<\/strong><\/p>\n<p>Richard David Prechts Buch f\u00fchrt den Leser umfassend und kompetent \u2013 und unter Ber\u00fccksichtigung naturwissenschaftlicher Erkenntnisse \u2013 an die gro\u00dfen philosophischen Fragen des Lebens heran: Was ist Wahrheit? Woher wei\u00df ich, wer ich bin? Was darf die Hirnforschung? Prechts Buch schl\u00e4gt einen weiten Bogen \u00fcber die verschiedenen Disziplinen und ist eine beispiellose Orientierungshilfe in der schier un\u00fcberschaubaren F\u00fclle unseres Wissens vom Menschen.<\/p>\n<p>Eine philosophische Reise, die bei Erk\u00e4ltung in aller Ruhe angetreten werden kann.<\/p>\n<p>Verlag: Goldmann<br \/>\nISBN: 978-3442311439<\/p>\n<h3>Buchtipps f\u00fcr Kinder:<\/h3>\n<p><em><strong>Der kleine Drache Kokosnuss \u2013 Schulausflug ins Abenteuer<\/strong><\/em><\/p>\n<p><strong>von Ingo Siegner (2013)<\/strong><\/p>\n<p>Auf den Schulausflug ins Pilz-Tal hat der kleine Drache Kokosnuss gar keine Lust: Sicherlich redet Lehrer Bronco Blumenkohl wieder stundenlang nur \u00fcber ausgestorbene Pflanzen. Doch dann erw\u00e4hnt Papa Magnus unheimliche Wesen, die im Pilz-Tal leben sollen. Vielleicht wird der Ausflug doch ganz spannend?!<\/p>\n<p>Ein gutes Buch f\u00fcr Lese-Starter und Grundsch\u00fcler, das die Erk\u00e4ltung sicher bald vergessen l\u00e4sst.<\/p>\n<p>Verlag: cbj<br \/>\nISBN: 978-3570156377<br \/>\n<em><strong>Pippi Langstrumpf<\/strong><\/em><\/p>\n<p><strong>von Astrid Lindgren (1945)<\/strong><\/p>\n<p>Wer kennt sie nicht: Pippilotta Viktualia Rollgardina Pfefferminz Efraimstochter Langstrumpf, die wohl bekannteste Figur von Astrid Lindgren. Sie macht, was sie will, ist st\u00e4rker, als die Polizei erlaubt, und hat vor nichts und niemandem Angst. Seit sie im Nachbarhaus wohnt, gibt es f\u00fcr Tommy und Annika keine Langeweile mehr.<\/p>\n<p>Die starke Pippi gibt sicher jedem kleinen Leser ab acht Jahren neue Kraft und nimmt ihn mit auf Abenteuerreise.<\/p>\n<p>Verlag: Oetinger<br \/>\nISBN: 978-3789141614<br \/>\n<em><strong>Silber \u2013 Das erste Buch der Tr\u00e4ume<\/strong><\/em><\/p>\n<p><strong>von Kerstin Gier (2013)<\/strong><\/p>\n<p>Geheimnisvolle T\u00fcren mit Eidechsenkn\u00e4ufen, sprechende Steinfiguren und ein wildgewordenes Kinderm\u00e4dchen mit einem Beil\u2026 Liv Silbers Tr\u00e4ume sind in der letzten Zeit ziemlich unheimlich. Besonders einer von ihnen besch\u00e4ftigt sie sehr. In diesem Traum war sie auf einem Friedhof, bei Nacht, und hat vier Jungs bei einem d\u00fcsteren magischen Ritual beobachtet. Diesem R\u00e4tsel kann Liv nicht widerstehen...<\/p>\n<p>Das Buch ist ab 14 Jahren geeignet und so spannend, dass es einem den Atem raubt. Da wird es h\u00f6chstens f\u00fcr die n\u00e4chste Einnahme von\u00a0<a href=\"https:\/\/www.meditonsin.de\/at\/meditonsin\" rel=\"noopener\">Meditonsin<sup>\u00ae<\/sup><\/a>\u00a0beiseite gelegt.<\/p>\n<p>Verlag: Fischer FJB<br \/>\nISBN: 978-3841421050<\/p>\n<\/div>\n<\/div>\n<\/div>\n<\/div><\/div><\/div><\/div><\/div><\/div>","protected":false},"excerpt":{"rendered":"<p>Buchtipps f\u00fcr Gro\u00df und Klein Gute B\u00fccher sind Gold wert: Sie entf\u00fchren in fremde Welten, fesseln und regen zum Nachdenken an. Im Alltag fehlt oft die Zeit, um entspannt ein Buch zu lesen. Das Auskurieren einer\u00a0Erk\u00e4ltung\u00a0ist die Gelegenheit daf\u00fcr. Hier sind drei Buchtipps f\u00fcr gro\u00dfe und kleine Leseratten und solche, die es werden wollen. Buchtipps [&hellip;]<\/p>\n","protected":false},"author":1,"featured_media":0,"parent":3188,"menu_order":0,"comment_status":"closed","ping_status":"closed","template":"","meta":{"footnotes":""},"class_list":["post-3202","page","type-page","status-publish","hentry"],"yoast_head":"<!-- This site is optimized with the Yoast SEO plugin v26.3 - https:\/\/yoast.com\/wordpress\/plugins\/seo\/ -->\n<title>Leseecke | Meditonsin bei Erk\u00e4ltung<\/title>\n<meta name=\"description\" content=\"Hier sind drei Buchtipps f\u00fcr gro\u00dfe und kleine Leseratten und solche, die es werden wollen.\" \/>\n<meta name=\"robots\" content=\"index, follow, max-snippet:-1, max-image-preview:large, max-video-preview:-1\" \/>\n<link rel=\"canonical\" href=\"https:\/\/www.meditonsin.de\/at\/service\/spiel-spass\/leseecke\/\" \/>\n<meta property=\"og:locale\" content=\"de_DE\" \/>\n<meta property=\"og:type\" content=\"article\" \/>\n<meta property=\"og:title\" content=\"Leseecke | Meditonsin bei Erk\u00e4ltung\" \/>\n<meta property=\"og:description\" content=\"Hier sind drei Buchtipps f\u00fcr gro\u00dfe und kleine Leseratten und solche, die es werden wollen.\" \/>\n<meta property=\"og:url\" content=\"https:\/\/www.meditonsin.de\/at\/service\/spiel-spass\/leseecke\/\" \/>\n<meta property=\"og:site_name\" content=\"Meditonsin bei Erk\u00e4ltung\" \/>\n<meta property=\"article:modified_time\" content=\"2023-12-20T13:37:13+00:00\" \/>\n<meta name=\"twitter:card\" content=\"summary_large_image\" \/>\n<meta name=\"twitter:label1\" content=\"Gesch\u00e4tzte Lesezeit\" \/>\n\t<meta name=\"twitter:data1\" content=\"4 Minuten\" \/>\n<script type=\"application\/ld+json\" class=\"yoast-schema-graph\">{\"@context\":\"https:\/\/schema.org\",\"@graph\":[{\"@type\":\"WebPage\",\"@id\":\"https:\/\/www.meditonsin.de\/at\/service\/spiel-spass\/leseecke\/\",\"url\":\"https:\/\/www.meditonsin.de\/at\/service\/spiel-spass\/leseecke\/\",\"name\":\"Leseecke | Meditonsin bei Erk\u00e4ltung\",\"isPartOf\":{\"@id\":\"https:\/\/www.meditonsin.de\/at\/#website\"},\"datePublished\":\"2023-11-29T20:57:05+00:00\",\"dateModified\":\"2023-12-20T13:37:13+00:00\",\"description\":\"Hier sind drei Buchtipps f\u00fcr gro\u00dfe und kleine Leseratten und solche, die es werden wollen.\",\"breadcrumb\":{\"@id\":\"https:\/\/www.meditonsin.de\/at\/service\/spiel-spass\/leseecke\/#breadcrumb\"},\"inLanguage\":\"de-AT\",\"potentialAction\":[{\"@type\":\"ReadAction\",\"target\":[\"https:\/\/www.meditonsin.de\/at\/service\/spiel-spass\/leseecke\/\"]}]},{\"@type\":\"BreadcrumbList\",\"@id\":\"https:\/\/www.meditonsin.de\/at\/service\/spiel-spass\/leseecke\/#breadcrumb\",\"itemListElement\":[{\"@type\":\"ListItem\",\"position\":1,\"name\":\"Startseite\",\"item\":\"https:\/\/www.meditonsin.de\/at\/\"},{\"@type\":\"ListItem\",\"position\":2,\"name\":\"Service und Hilfe\",\"item\":\"https:\/\/www.meditonsin.de\/at\/service\/\"},{\"@type\":\"ListItem\",\"position\":3,\"name\":\"Spiel Spass\",\"item\":\"https:\/\/www.meditonsin.de\/at\/service\/spiel-spass\/\"},{\"@type\":\"ListItem\",\"position\":4,\"name\":\"Leseecke\"}]},{\"@type\":\"WebSite\",\"@id\":\"https:\/\/www.meditonsin.de\/at\/#website\",\"url\":\"https:\/\/www.meditonsin.de\/at\/\",\"name\":\"Meditonsin bei Erk\u00e4ltung\",\"description\":\"\",\"potentialAction\":[{\"@type\":\"SearchAction\",\"target\":{\"@type\":\"EntryPoint\",\"urlTemplate\":\"https:\/\/www.meditonsin.de\/at\/?s={search_term_string}\"},\"query-input\":{\"@type\":\"PropertyValueSpecification\",\"valueRequired\":true,\"valueName\":\"search_term_string\"}}],\"inLanguage\":\"de-AT\"}]}<\/script>\n<!-- \/ Yoast SEO plugin. -->","yoast_head_json":{"title":"Leseecke | Meditonsin bei Erk\u00e4ltung","description":"Hier sind drei Buchtipps f\u00fcr gro\u00dfe und kleine Leseratten und solche, die es werden wollen.","robots":{"index":"index","follow":"follow","max-snippet":"max-snippet:-1","max-image-preview":"max-image-preview:large","max-video-preview":"max-video-preview:-1"},"canonical":"https:\/\/www.meditonsin.de\/at\/service\/spiel-spass\/leseecke\/","og_locale":"de_DE","og_type":"article","og_title":"Leseecke | Meditonsin bei Erk\u00e4ltung","og_description":"Hier sind drei Buchtipps f\u00fcr gro\u00dfe und kleine Leseratten und solche, die es werden wollen.","og_url":"https:\/\/www.meditonsin.de\/at\/service\/spiel-spass\/leseecke\/","og_site_name":"Meditonsin bei Erk\u00e4ltung","article_modified_time":"2023-12-20T13:37:13+00:00","twitter_card":"summary_large_image","twitter_misc":{"Gesch\u00e4tzte Lesezeit":"4 Minuten"},"schema":{"@context":"https:\/\/schema.org","@graph":[{"@type":"WebPage","@id":"https:\/\/www.meditonsin.de\/at\/service\/spiel-spass\/leseecke\/","url":"https:\/\/www.meditonsin.de\/at\/service\/spiel-spass\/leseecke\/","name":"Leseecke | Meditonsin bei Erk\u00e4ltung","isPartOf":{"@id":"https:\/\/www.meditonsin.de\/at\/#website"},"datePublished":"2023-11-29T20:57:05+00:00","dateModified":"2023-12-20T13:37:13+00:00","description":"Hier sind drei Buchtipps f\u00fcr gro\u00dfe und kleine Leseratten und solche, die es werden wollen.","breadcrumb":{"@id":"https:\/\/www.meditonsin.de\/at\/service\/spiel-spass\/leseecke\/#breadcrumb"},"inLanguage":"de-AT","potentialAction":[{"@type":"ReadAction","target":["https:\/\/www.meditonsin.de\/at\/service\/spiel-spass\/leseecke\/"]}]},{"@type":"BreadcrumbList","@id":"https:\/\/www.meditonsin.de\/at\/service\/spiel-spass\/leseecke\/#breadcrumb","itemListElement":[{"@type":"ListItem","position":1,"name":"Startseite","item":"https:\/\/www.meditonsin.de\/at\/"},{"@type":"ListItem","position":2,"name":"Service und Hilfe","item":"https:\/\/www.meditonsin.de\/at\/service\/"},{"@type":"ListItem","position":3,"name":"Spiel Spass","item":"https:\/\/www.meditonsin.de\/at\/service\/spiel-spass\/"},{"@type":"ListItem","position":4,"name":"Leseecke"}]},{"@type":"WebSite","@id":"https:\/\/www.meditonsin.de\/at\/#website","url":"https:\/\/www.meditonsin.de\/at\/","name":"Meditonsin bei Erk\u00e4ltung","description":"","potentialAction":[{"@type":"SearchAction","target":{"@type":"EntryPoint","urlTemplate":"https:\/\/www.meditonsin.de\/at\/?s={search_term_string}"},"query-input":{"@type":"PropertyValueSpecification","valueRequired":true,"valueName":"search_term_string"}}],"inLanguage":"de-AT"}]}},"lang":"at","translations":{"at":3202},"pll_sync_post":[],"_links":{"self":[{"href":"https:\/\/www.meditonsin.de\/at\/wp-json\/wp\/v2\/pages\/3202","targetHints":{"allow":["GET"]}}],"collection":[{"href":"https:\/\/www.meditonsin.de\/at\/wp-json\/wp\/v2\/pages"}],"about":[{"href":"https:\/\/www.meditonsin.de\/at\/wp-json\/wp\/v2\/types\/page"}],"author":[{"embeddable":true,"href":"https:\/\/www.meditonsin.de\/at\/wp-json\/wp\/v2\/users\/1"}],"replies":[{"embeddable":true,"href":"https:\/\/www.meditonsin.de\/at\/wp-json\/wp\/v2\/comments?post=3202"}],"version-history":[{"count":6,"href":"https:\/\/www.meditonsin.de\/at\/wp-json\/wp\/v2\/pages\/3202\/revisions"}],"predecessor-version":[{"id":3326,"href":"https:\/\/www.meditonsin.de\/at\/wp-json\/wp\/v2\/pages\/3202\/revisions\/3326"}],"up":[{"embeddable":true,"href":"https:\/\/www.meditonsin.de\/at\/wp-json\/wp\/v2\/pages\/3188"}],"wp:attachment":[{"href":"https:\/\/www.meditonsin.de\/at\/wp-json\/wp\/v2\/media?parent=3202"}],"curies":[{"name":"wp","href":"https:\/\/api.w.org\/{rel}","templated":true}]}}