{"id":3205,"date":"2023-11-29T21:58:44","date_gmt":"2023-11-29T20:58:44","guid":{"rendered":"https:\/\/www.meditonsin.de\/?page_id=3205"},"modified":"2023-12-20T14:37:24","modified_gmt":"2023-12-20T13:37:24","slug":"spieletipps","status":"publish","type":"page","link":"https:\/\/www.meditonsin.de\/at\/service\/spiel-spass\/spieletipps\/","title":{"rendered":"Spieletipps"},"content":{"rendered":"<div id=\"pl-3205\"  class=\"panel-layout\" ><div id=\"pg-3205-0\"  class=\"panel-grid panel-has-style\" ><div class=\"siteorigin-panels-stretch panel-row-style panel-row-style-for-3205-0\" data-stretch-type=\"full-stretched\" ><div id=\"pgc-3205-0-0\"  class=\"panel-grid-cell\" ><div id=\"panel-3205-0-0-0\" class=\"so-panel widget widget_wph-header-form-fields panel-first-child panel-last-child\" data-index=\"0\" ><div\n\t\t\t\n\t\t\tclass=\"so-widget-wph-header-form-fields so-widget-wph-header-form-fields-base\"\n\t\t\t\n\t\t><section class=\" header-hero widget\">\n    <div class=\"container-fluid p-0\">\n        <div class=\"row g-0\">\n            <div class=\"col-md-12\">\n                <div class=\"header-vedio\">\n                    <img decoding=\"async\" src=\"https:\/\/www.meditonsin.de\/at\/media\/2023\/12\/meditonsin.at_service.jpg\" >\n                <\/div>\n            <\/div>\n        <\/div>\n        <div class=\"header-hero-inner\">\n            <h1 id=\"parent-fieldname-title\" class=\"documentFirstHeading\">Spiele &amp; Spa\u00df<\/h1>\n                    <\/div>\n\n    <\/div>\n<\/section><\/div><\/div><\/div><\/div><\/div><div id=\"pg-3205-1\"  class=\"panel-grid panel-has-style\" ><div class=\"siteorigin-panels-stretch panel-row-style panel-row-style-for-3205-1\" data-stretch-type=\"full\" ><div id=\"pgc-3205-1-0\"  class=\"panel-grid-cell\" ><div id=\"panel-3205-1-0-0\" class=\"so-panel widget widget_sow-editor panel-first-child panel-last-child\" data-index=\"1\" ><div\n\t\t\t\n\t\t\tclass=\"so-widget-sow-editor so-widget-sow-editor-base\"\n\t\t\t\n\t\t>\n<div class=\"siteorigin-widget-tinymce textwidget\">\n\t<h1 id=\"parent-fieldname-title\" class=\"documentFirstHeading\">Spiele &amp; Spa\u00df<\/h1>\n<h2 id=\"parent-fieldname-description\" class=\"documentDescription\">f\u00fcr Gro\u00df und Klein<\/h2>\n<div id=\"content-core\">\n<div id=\"parent-fieldname-text-e59b7e3a3ed6428e815def832d7699e4\" class=\"\">\n<p>Klar, auch fernsehgucken und lesen helfen gegen Langeweile bei Erk\u00e4ltung. Aber irgendwann bekommt man doch Lust auf ein bisschen Aktivit\u00e4t. Hier finden Sie Spiele- und Basteltipps f\u00fcr Kinder\u00a0zum Selbermachen\u00a0sowie eine Auswahl unterhaltsamer Spiele aus dem Handel f\u00fcr\u00a0eine,\u00a0zwei\u00a0oder\u00a0mehrere\u00a0Personen.<\/p>\n<p>&nbsp;<\/p>\n<h3><a id=\"selbstgebastelt\" rel=\"noopener\" name=\"selbstgebastelt\"><\/a>Selbstgemacht: Spiele- und Basteltipps f\u00fcr Kinder<\/h3>\n<p>Spiele muss man nicht unbedingt immer im Laden kaufen. Es gibt eine Vielzahl von Spiele- und Bastelideen, die Sie ganz einfach mit Dingen, die Sie zuhause haben, selber machen k\u00f6nnen. Das bringt eine Menge Spa\u00df und vertreibt Langeweile bei kleinen Erk\u00e4ltungspatienten. Je nach Alter des Kindes sind nat\u00fcrlich verschiedene Spiele geeignet und unterschiedlich viel Hilfestellung und Aufsicht Ihrerseits gefragt.<\/p>\n<p><em><strong>Schattentheater<\/strong><\/em><\/p>\n<p>F\u00fcr dieses Spiel brauchen Sie mehrere Mitspieler, also am besten Sie selber und die Geschwister des kranken Kindes. Als Leinwand spannen Sie ein wei\u00dfes Bettlaken zwischen zwei St\u00fchle. Eine helle Steh- oder Schreibtischlampe wird dahinter platziert. Die Kinder und Sie k\u00f6nnen ein kleines Theaterst\u00fcck einstudieren, das hinter der Leinwand mit den H\u00e4nden und Gegenst\u00e4nden aus dem Kinderzimmer aufgef\u00fchrt wird. So entsteht ein Schattentheater mit tollen Effekten!<\/p>\n<p><em><strong>Kartoffelstempel<\/strong><\/em><\/p>\n<p>Daf\u00fcr ben\u00f6tigen Sie einen Bleistift, Wasserfarben, Pinsel, Kartoffeln, ein K\u00fcchenmesser und Ausstechf\u00f6rmchen.<br \/>\nDie Kartoffel in der Mitte quer durchschneiden und dann das Ausstechf\u00f6rmchen in die Schnittfl\u00e4che dr\u00fccken. Dann mit dem K\u00fcchenmesser den Rand um das F\u00f6rmchen abtrennen. Vorsicht: Diesen Schritt sollten Sie bei kleineren Kindern unbedingt selber ausf\u00fchren, damit sich Ihr Kind nicht verletzt.<br \/>\nZum Drucken die unterschiedlichen Wasserfarben auf die Kartoffelstempel auftragen und den Stempel auf das Blatt dr\u00fccken.<\/p>\n<p><em><strong>Tont\u00f6pfe verzieren<\/strong><\/em><\/p>\n<p>Daf\u00fcr braucht man einen oder mehrere Tont\u00f6pfe, Wachsmalstifte ohne Papier (das Papier vorher entfernen), eine Unterlage, Schaschlikspie\u00dfe und eine Kerze.<br \/>\nUnd los geht es: Einen Wachsmalstift ohne das Papier auf einen Schaschlikspie\u00df spie\u00dfen. Danach \u00fcber die brennende Kerze halten, bis er etwas anschmilzt. Die Farbe kann nun entweder direkt auf den Tontopf getropft werden oder mit ganz leichtem Druck aufgemalt werden.<br \/>\n<em><strong>Geheimbotschaften mit Wachsmalstiften<\/strong><\/em><\/p>\n<p>Man ben\u00f6tigt daf\u00fcr zun\u00e4chst helle Wachsmalstifte (wei\u00df oder gelb; alternativ eine wei\u00dfe Kerze), Wasserfarben und einen Bogen Papier. Mit dem hellen Wachsmalstift wird eine Zeichnung oder Botschaft auf das Papier gezeichnet. Diese kann man zun\u00e4chst auf dem wei\u00dfen Papier nicht oder nur kaum sehen. Erst wenn das Kind dann mit Wasserfarbe \u00fcber das Bild malt, kommt die Zeichnung zum Vorschein, da die Stellen mit Wachs die Wasserfarbe nicht aufnehmen.<br \/>\n<em><strong>Windlichter basteln<\/strong><\/em><\/p>\n<p>Sie ben\u00f6tigen hierf\u00fcr ein Schraubglas, buntes Transparentpapier, Kleber und ein Teelicht.<br \/>\nDas Transparentpapier wird in Streifen oder Motive gerissen oder geschnitten. Diese dann bunt gemischt an das Glas kleben. Anschlie\u00dfend nur noch das Teelicht reinstellen und Sie haben ein heimeliges Windlicht gebastelt.<br \/>\n<em><strong>Salzteig-Anh\u00e4nger<\/strong><\/em><\/p>\n<p>Sie ben\u00f6tigen: 2 Tassen Mehl, 1 Tasse Salz, Wasser, Ausstechformen, 1 Zahnstocher, Wasserfarben und Faden zum Aufh\u00e4ngen.<br \/>\nDen Teig bereiten Sie aus Mehl, Salz und Wasser zu. Dann den Teig ausrollen und lustige Formen ausstechen. Vorsichtig auf ein mit Backpapier ausgelegtes Blech setzen und mit dem Zahnstocher noch ein Loch f\u00fcr den Aufh\u00e4nger machen. Bei 150 Grad etwa 45 min. im Ofen backen und anschlie\u00dfend gut ausk\u00fchlen lassen. Dann k\u00f6nnen die Anh\u00e4nger mit den Wasserfarben bemalt werden. Wenn die Farbe trocken ist, wird ein Faden zum Aufh\u00e4ngen durchgezogen und verknotet.<\/p>\n<p>&nbsp;<\/p>\n<h3><a id=\"eine_person\" rel=\"noopener\" name=\"eine_person\"><\/a>Spiele f\u00fcr eine Person<\/h3>\n<p><em><strong>P.M. Logik-Trainer<\/strong><\/em><strong>\u00a0\u2013 Die beliebten Denk- und Knobelaufgaben<\/strong><\/p>\n<p>Die beliebten P.M.-R\u00e4tsel f\u00f6rdern die Kombinationsgabe und trainieren das logische Denken mit Spa\u00df und Spannung. Die Aufgaben haben verschiedene Schwierigkeitsgrade nebst L\u00f6sungen. Da vergeht die Erk\u00e4ltungszeit wie im Fluge.<\/p>\n<p>Verlag: Goldmann Verlag<\/p>\n<p><em><strong>Greenrock Village Tatort<\/strong><\/em><strong>\u00a0\u2013 Theater von Jumbo Spiele<\/strong><\/p>\n<p>Greenrock ist eine Kleinstadt wie viele andere auch. Ein Ort, an dem Menschen ihren t\u00e4glichen Besch\u00e4ftigungen nachgehen und ihren Nachbarn freundlich zunicken.<\/p>\n<p>Also nichts Ungew\u00f6hnliches \u2013 bis zu dem Tag, an dem die schreckliche Mord-Serie im Theater der Stadt beginnt. Anhand der Hinweise auf der Karte werden die Spielsteine bei insgesamt 50 F\u00e4llen in die richtige Reihenfolge gebracht. Das Netz wird so immer enger \u2013 bis am Ende klar ist, wer der M\u00f6rder ist.<\/p>\n<p>Das Spiel eignet sich f\u00fcr Hobbydetektive ab zw\u00f6lf Jahren, die auch bei einer Erk\u00e4ltung nicht auf ihre Lieblingsbesch\u00e4ftigung verzichten wollen.<\/p>\n<p>Verlag: Jumbo Spiele GmbH<\/p>\n<h3><a id=\"zwei_personen\" rel=\"noopener\" name=\"zwei_personen\"><\/a>Spiele f\u00fcr zwei Personen<\/h3>\n<p><em><strong>Kreuzverh\u00f6r<\/strong><\/em><strong>\u00a0\u2013 Krimi-Kartenspiel f\u00fcr zwei Ermittler<\/strong><\/p>\n<p>Sie sind einer der besten Ermittler des Bundeskriminalamts. Bei einer Gro\u00dfrazzia ist Ihnen ein \"dicker Fisch\" ins Netz gegangen. Der mit internationalem Haftbefehl gesuchte Gangster wei\u00df von einem Verbrechen, das schon in K\u00fcrze stattfinden soll. Handeln Sie, bevor es zu sp\u00e4t ist! Verh\u00f6ren Sie den Mann und finden Sie schnellstm\u00f6glich heraus, welches Verbrechen geplant ist, wo es stattfinden soll, wer der T\u00e4ter ist und welches Tatwerkzeug er benutzen will!<\/p>\n<p>Das Kartenspiel bringt Spiel und Spannung f\u00fcr Zwei ab zw\u00f6lf Jahren in die Erk\u00e4ltungszeit!<\/p>\n<p>Verlag: Gmeiner Verlag<br \/>\n<em><strong>Kalaha von Philos<\/strong><\/em><\/p>\n<p>Steinchenspiel f\u00fcr zwei bis vier Personen auf einem qualitativ hochwertigen Holzsteinbrett. Auch f\u00fcr Kinder (ab ca. f\u00fcnf Jahren) geeignet.<\/p>\n<p>Mit dem Steinchenspiel werden die kleinen Patienten spielerisch leicht von ihrer Erk\u00e4ltung abgelenkt.<\/p>\n<p>Verlag: Philos<\/p>\n<h3><a id=\"drei_personen\" rel=\"noopener\" name=\"drei_personen\"><\/a>Spiele f\u00fcr mehrere Personen<\/h3>\n<p><em><strong>Der verzauberte Turm<\/strong><\/em><strong>\u00a0von Schmidt Spiele<\/strong><\/p>\n<p>Gleich hinter sechs dicken Vorhangschl\u00f6ssern wird die junge Prinzessin im dunklen Gem\u00e4uer des verzauberten Turms gefangen gehalten. Nur gut, dass der mutige Robin in der Spielerrunde schnell furchtlose Helfer findet, die sich mit ihm auf die Suche nach dem verschwundenen Schl\u00fcssel machen.<\/p>\n<p>Das Kinderspiel des Jahres 2013 ist f\u00fcr zwei bis vier Spieler und Kinder ab ca. f\u00fcnf Jahren geeignet \u2013 mit und ohne Erk\u00e4ltung.<\/p>\n<p>Verlag: Schmidt Spiele<\/p>\n<p><em><strong>Die Werw\u00f6lfe von D\u00fcsterwald<\/strong><\/em><\/p>\n<p>Seit einiger Zeit wird das Dorf D\u00fcsterwald regelm\u00e4\u00dfig von Werw\u00f6lfen heimgesucht. Jede Nacht geschieht ein Verbrechen, und ein Dorfbewohner f\u00e4llt den Werw\u00f6lfen zum Opfer. Die Dorfbewohner versuchen herauszufinden, wer unter ihnen zu den Werw\u00f6lfen z\u00e4hlt, bevor sie alle verschwinden...<\/p>\n<p>Das Spiel besteht aus 18 Rollenkarten. Welcher der Spieler ist ein Dorfbewohner und welcher ist einer der speziellen Charaktere, wie z. B. Werwolf, Hexe, Seherin oder Kind? Ziel des Spiels ist es, die Werw\u00f6lfe zu entlarven und zu t\u00f6ten.<\/p>\n<p>F\u00fcr acht bis 18 Spieler und kommunikative Denker ab zehn Jahren.<\/p>\n<p>Verlag: Lui-m\u00eame<\/p>\n<\/div>\n<\/div>\n<\/div>\n<\/div><\/div><\/div><\/div><\/div><\/div>","protected":false},"excerpt":{"rendered":"<p>Spiele &amp; Spa\u00df f\u00fcr Gro\u00df und Klein Klar, auch fernsehgucken und lesen helfen gegen Langeweile bei Erk\u00e4ltung. Aber irgendwann bekommt man doch Lust auf ein bisschen Aktivit\u00e4t. Hier finden Sie Spiele- und Basteltipps f\u00fcr Kinder\u00a0zum Selbermachen\u00a0sowie eine Auswahl unterhaltsamer Spiele aus dem Handel f\u00fcr\u00a0eine,\u00a0zwei\u00a0oder\u00a0mehrere\u00a0Personen. &nbsp; Selbstgemacht: Spiele- und Basteltipps f\u00fcr Kinder Spiele muss man nicht [&hellip;]<\/p>\n","protected":false},"author":1,"featured_media":0,"parent":3188,"menu_order":0,"comment_status":"closed","ping_status":"closed","template":"","meta":{"footnotes":""},"class_list":["post-3205","page","type-page","status-publish","hentry"],"yoast_head":"<!-- This site is optimized with the Yoast SEO plugin v26.3 - https:\/\/yoast.com\/wordpress\/plugins\/seo\/ -->\n<title>Spieletipps | Meditonsin bei Erk\u00e4ltung<\/title>\n<meta name=\"description\" content=\"Spiele &amp; Spa\u00df f\u00fcr Gro\u00df und Klein. Hier finden Sie Spiele- und Basteltipps f\u00fcr Kinder\u00a0zum Selbermachen\u00a0sowie eine Auswahl an Spiele aus dem Handel.\" \/>\n<meta name=\"robots\" content=\"index, follow, max-snippet:-1, max-image-preview:large, max-video-preview:-1\" \/>\n<link rel=\"canonical\" href=\"https:\/\/www.meditonsin.de\/at\/service\/spiel-spass\/spieletipps\/\" \/>\n<meta property=\"og:locale\" content=\"de_DE\" \/>\n<meta property=\"og:type\" content=\"article\" \/>\n<meta property=\"og:title\" content=\"Spieletipps | Meditonsin bei Erk\u00e4ltung\" \/>\n<meta property=\"og:description\" content=\"Spiele &amp; Spa\u00df f\u00fcr Gro\u00df und Klein. Hier finden Sie Spiele- und Basteltipps f\u00fcr Kinder\u00a0zum Selbermachen\u00a0sowie eine Auswahl an Spiele aus dem Handel.\" \/>\n<meta property=\"og:url\" content=\"https:\/\/www.meditonsin.de\/at\/service\/spiel-spass\/spieletipps\/\" \/>\n<meta property=\"og:site_name\" content=\"Meditonsin bei Erk\u00e4ltung\" \/>\n<meta property=\"article:modified_time\" content=\"2023-12-20T13:37:24+00:00\" \/>\n<meta name=\"twitter:card\" content=\"summary_large_image\" \/>\n<meta name=\"twitter:label1\" content=\"Gesch\u00e4tzte Lesezeit\" \/>\n\t<meta name=\"twitter:data1\" content=\"6 Minuten\" \/>\n<script type=\"application\/ld+json\" class=\"yoast-schema-graph\">{\"@context\":\"https:\/\/schema.org\",\"@graph\":[{\"@type\":\"WebPage\",\"@id\":\"https:\/\/www.meditonsin.de\/at\/service\/spiel-spass\/spieletipps\/\",\"url\":\"https:\/\/www.meditonsin.de\/at\/service\/spiel-spass\/spieletipps\/\",\"name\":\"Spieletipps | Meditonsin bei Erk\u00e4ltung\",\"isPartOf\":{\"@id\":\"https:\/\/www.meditonsin.de\/at\/#website\"},\"datePublished\":\"2023-11-29T20:58:44+00:00\",\"dateModified\":\"2023-12-20T13:37:24+00:00\",\"description\":\"Spiele & Spa\u00df f\u00fcr Gro\u00df und Klein. Hier finden Sie Spiele- und Basteltipps f\u00fcr Kinder\u00a0zum Selbermachen\u00a0sowie eine Auswahl an Spiele aus dem Handel.\",\"breadcrumb\":{\"@id\":\"https:\/\/www.meditonsin.de\/at\/service\/spiel-spass\/spieletipps\/#breadcrumb\"},\"inLanguage\":\"de-AT\",\"potentialAction\":[{\"@type\":\"ReadAction\",\"target\":[\"https:\/\/www.meditonsin.de\/at\/service\/spiel-spass\/spieletipps\/\"]}]},{\"@type\":\"BreadcrumbList\",\"@id\":\"https:\/\/www.meditonsin.de\/at\/service\/spiel-spass\/spieletipps\/#breadcrumb\",\"itemListElement\":[{\"@type\":\"ListItem\",\"position\":1,\"name\":\"Startseite\",\"item\":\"https:\/\/www.meditonsin.de\/at\/\"},{\"@type\":\"ListItem\",\"position\":2,\"name\":\"Service und Hilfe\",\"item\":\"https:\/\/www.meditonsin.de\/at\/service\/\"},{\"@type\":\"ListItem\",\"position\":3,\"name\":\"Spiel Spass\",\"item\":\"https:\/\/www.meditonsin.de\/at\/service\/spiel-spass\/\"},{\"@type\":\"ListItem\",\"position\":4,\"name\":\"Spieletipps\"}]},{\"@type\":\"WebSite\",\"@id\":\"https:\/\/www.meditonsin.de\/at\/#website\",\"url\":\"https:\/\/www.meditonsin.de\/at\/\",\"name\":\"Meditonsin bei Erk\u00e4ltung\",\"description\":\"\",\"potentialAction\":[{\"@type\":\"SearchAction\",\"target\":{\"@type\":\"EntryPoint\",\"urlTemplate\":\"https:\/\/www.meditonsin.de\/at\/?s={search_term_string}\"},\"query-input\":{\"@type\":\"PropertyValueSpecification\",\"valueRequired\":true,\"valueName\":\"search_term_string\"}}],\"inLanguage\":\"de-AT\"}]}<\/script>\n<!-- \/ Yoast SEO plugin. -->","yoast_head_json":{"title":"Spieletipps | Meditonsin bei Erk\u00e4ltung","description":"Spiele & Spa\u00df f\u00fcr Gro\u00df und Klein. Hier finden Sie Spiele- und Basteltipps f\u00fcr Kinder\u00a0zum Selbermachen\u00a0sowie eine Auswahl an Spiele aus dem Handel.","robots":{"index":"index","follow":"follow","max-snippet":"max-snippet:-1","max-image-preview":"max-image-preview:large","max-video-preview":"max-video-preview:-1"},"canonical":"https:\/\/www.meditonsin.de\/at\/service\/spiel-spass\/spieletipps\/","og_locale":"de_DE","og_type":"article","og_title":"Spieletipps | Meditonsin bei Erk\u00e4ltung","og_description":"Spiele & Spa\u00df f\u00fcr Gro\u00df und Klein. Hier finden Sie Spiele- und Basteltipps f\u00fcr Kinder\u00a0zum Selbermachen\u00a0sowie eine Auswahl an Spiele aus dem Handel.","og_url":"https:\/\/www.meditonsin.de\/at\/service\/spiel-spass\/spieletipps\/","og_site_name":"Meditonsin bei Erk\u00e4ltung","article_modified_time":"2023-12-20T13:37:24+00:00","twitter_card":"summary_large_image","twitter_misc":{"Gesch\u00e4tzte Lesezeit":"6 Minuten"},"schema":{"@context":"https:\/\/schema.org","@graph":[{"@type":"WebPage","@id":"https:\/\/www.meditonsin.de\/at\/service\/spiel-spass\/spieletipps\/","url":"https:\/\/www.meditonsin.de\/at\/service\/spiel-spass\/spieletipps\/","name":"Spieletipps | Meditonsin bei Erk\u00e4ltung","isPartOf":{"@id":"https:\/\/www.meditonsin.de\/at\/#website"},"datePublished":"2023-11-29T20:58:44+00:00","dateModified":"2023-12-20T13:37:24+00:00","description":"Spiele & Spa\u00df f\u00fcr Gro\u00df und Klein. Hier finden Sie Spiele- und Basteltipps f\u00fcr Kinder\u00a0zum Selbermachen\u00a0sowie eine Auswahl an Spiele aus dem Handel.","breadcrumb":{"@id":"https:\/\/www.meditonsin.de\/at\/service\/spiel-spass\/spieletipps\/#breadcrumb"},"inLanguage":"de-AT","potentialAction":[{"@type":"ReadAction","target":["https:\/\/www.meditonsin.de\/at\/service\/spiel-spass\/spieletipps\/"]}]},{"@type":"BreadcrumbList","@id":"https:\/\/www.meditonsin.de\/at\/service\/spiel-spass\/spieletipps\/#breadcrumb","itemListElement":[{"@type":"ListItem","position":1,"name":"Startseite","item":"https:\/\/www.meditonsin.de\/at\/"},{"@type":"ListItem","position":2,"name":"Service und Hilfe","item":"https:\/\/www.meditonsin.de\/at\/service\/"},{"@type":"ListItem","position":3,"name":"Spiel Spass","item":"https:\/\/www.meditonsin.de\/at\/service\/spiel-spass\/"},{"@type":"ListItem","position":4,"name":"Spieletipps"}]},{"@type":"WebSite","@id":"https:\/\/www.meditonsin.de\/at\/#website","url":"https:\/\/www.meditonsin.de\/at\/","name":"Meditonsin bei Erk\u00e4ltung","description":"","potentialAction":[{"@type":"SearchAction","target":{"@type":"EntryPoint","urlTemplate":"https:\/\/www.meditonsin.de\/at\/?s={search_term_string}"},"query-input":{"@type":"PropertyValueSpecification","valueRequired":true,"valueName":"search_term_string"}}],"inLanguage":"de-AT"}]}},"lang":"at","translations":{"at":3205},"pll_sync_post":[],"_links":{"self":[{"href":"https:\/\/www.meditonsin.de\/at\/wp-json\/wp\/v2\/pages\/3205","targetHints":{"allow":["GET"]}}],"collection":[{"href":"https:\/\/www.meditonsin.de\/at\/wp-json\/wp\/v2\/pages"}],"about":[{"href":"https:\/\/www.meditonsin.de\/at\/wp-json\/wp\/v2\/types\/page"}],"author":[{"embeddable":true,"href":"https:\/\/www.meditonsin.de\/at\/wp-json\/wp\/v2\/users\/1"}],"replies":[{"embeddable":true,"href":"https:\/\/www.meditonsin.de\/at\/wp-json\/wp\/v2\/comments?post=3205"}],"version-history":[{"count":4,"href":"https:\/\/www.meditonsin.de\/at\/wp-json\/wp\/v2\/pages\/3205\/revisions"}],"predecessor-version":[{"id":3328,"href":"https:\/\/www.meditonsin.de\/at\/wp-json\/wp\/v2\/pages\/3205\/revisions\/3328"}],"up":[{"embeddable":true,"href":"https:\/\/www.meditonsin.de\/at\/wp-json\/wp\/v2\/pages\/3188"}],"wp:attachment":[{"href":"https:\/\/www.meditonsin.de\/at\/wp-json\/wp\/v2\/media?parent=3205"}],"curies":[{"name":"wp","href":"https:\/\/api.w.org\/{rel}","templated":true}]}}