{"id":3213,"date":"2023-12-06T22:08:44","date_gmt":"2023-12-06T21:08:44","guid":{"rendered":"https:\/\/www.meditonsin.de\/?page_id=3213"},"modified":"2023-12-20T14:36:55","modified_gmt":"2023-12-20T13:36:55","slug":"packungsbeilage","status":"publish","type":"page","link":"https:\/\/www.meditonsin.de\/at\/service\/packungsbeilage\/","title":{"rendered":"Packungsbeilage"},"content":{"rendered":"<div id=\"pl-3213\"  class=\"panel-layout\" ><div id=\"pg-3213-0\"  class=\"panel-grid panel-has-style\" ><div class=\"siteorigin-panels-stretch panel-row-style panel-row-style-for-3213-0\" data-stretch-type=\"full-stretched\" ><div id=\"pgc-3213-0-0\"  class=\"panel-grid-cell\" ><div id=\"panel-3213-0-0-0\" class=\"so-panel widget widget_wph-header-form-fields panel-first-child panel-last-child\" data-index=\"0\" ><div\n\t\t\t\n\t\t\tclass=\"so-widget-wph-header-form-fields so-widget-wph-header-form-fields-base\"\n\t\t\t\n\t\t><section class=\" header-hero widget\">\n    <div class=\"container-fluid p-0\">\n        <div class=\"row g-0\">\n            <div class=\"col-md-12\">\n                <div class=\"header-vedio\">\n                    <img decoding=\"async\" src=\"https:\/\/www.meditonsin.de\/at\/media\/2023\/12\/meditonsin.at_service.jpg\" >\n                <\/div>\n            <\/div>\n        <\/div>\n        <div class=\"header-hero-inner\">\n            <h1 id=\"parent-fieldname-title\" class=\"documentFirstHeading\">Packungsbeilage<\/h1>\n                    <\/div>\n\n    <\/div>\n<\/section><\/div><\/div><\/div><\/div><\/div><div id=\"pg-3213-1\"  class=\"panel-grid panel-has-style\" ><div class=\"siteorigin-panels-stretch panel-row-style panel-row-style-for-3213-1\" data-stretch-type=\"full\" ><div id=\"pgc-3213-1-0\"  class=\"panel-grid-cell\" ><div id=\"panel-3213-1-0-0\" class=\"so-panel widget widget_sow-image panel-first-child panel-last-child\" data-index=\"1\" ><div\n\t\t\t\n\t\t\tclass=\"so-widget-sow-image so-widget-sow-image-default-8b5b6f678277-3213\"\n\t\t\t\n\t\t>\n<div class=\"sow-image-container\">\n\t\t<img \n\tsrc=\"https:\/\/www.meditonsin.de\/at\/media\/2023\/10\/meditonsin-at-flaschen.png\" width=\"413\" height=\"715\" srcset=\"https:\/\/www.meditonsin.de\/at\/media\/2023\/10\/meditonsin-at-flaschen.png 413w, https:\/\/www.meditonsin.de\/at\/media\/2023\/10\/meditonsin-at-flaschen-173x300.png 173w\" sizes=\"(max-width: 413px) 100vw, 413px\" alt=\"\" \t\tclass=\"so-widget-image\"\/>\n\t<\/div>\n\n<\/div><\/div><\/div><div id=\"pgc-3213-1-1\"  class=\"panel-grid-cell\" ><div id=\"panel-3213-1-1-0\" class=\"so-panel widget widget_sow-editor panel-first-child\" data-index=\"2\" ><div\n\t\t\t\n\t\t\tclass=\"so-widget-sow-editor so-widget-sow-editor-base\"\n\t\t\t\n\t\t>\n<div class=\"siteorigin-widget-tinymce textwidget\">\n\t<h1 id=\"parent-fieldname-title\" class=\"documentFirstHeading\">Service und Hilfe<\/h1>\n<h2 id=\"parent-fieldname-description\" class=\"documentDescription\">Angebote bei Erk\u00e4ltung<\/h2>\n<p class=\"p1\"><span class=\"s1\">Ob\u00a0<\/span><span class=\"s2\"><a href=\"https:\/\/www.meditonsin.de\/at\/service\/rezepte\" rel=\"noopener\">Rezepte<\/a><\/span><span class=\"s1\">, die auch bei einer Erk\u00e4ltung gut schmecken, ein\u00a0<\/span><span class=\"s2\">Check zum Status Ihres Immunsystems<\/span><span class=\"s1\">\u00a0oder die\u00a0<\/span><a href=\"https:\/\/www.meditonsin.de\/at\/service\/haeufige-fragen\/\"><span class=\"s2\">h\u00e4ufigsten Fragen rund um Meditonsin<\/span><\/a><span class=\"s1\"><sup>\u00ae<\/sup>\u00a0Tropfen und Globuli\u00a0\u2013 hier finden Sie viele wichtige Informationen, die Ihnen bei einer Erk\u00e4ltung helfen k\u00f6nnen. Dazu geh\u00f6ren auch die\u00a0<a href=\"https:\/\/www.meditonsin.de\/at\/service\/packungsbeilage\" rel=\"noopener\">Packungsbeilagen zu Meditonsin<sup>\u00ae<\/sup>\u00a0Tropfen und Globuli<\/a><\/span><span class=\"s1\">.<\/span><\/p>\n<p class=\"p1\"><span class=\"s1\">Im Bereich<\/span><span class=\"s2\">\u00a0Media<\/span><span class=\"s1\">\u00a0finden Sie den aktuellen\u00a0<span class=\"produktname\">Meditonsin<\/span><\/span><span class=\"produktname\"><span class=\"s4\"><sup>\u00ae <\/sup><\/span><\/span><span class=\"s1\">Spot. <\/span><span class=\"s1\">Und damit die Zeit auf dem Sofa im Falle einer Erk\u00e4ltung nicht langweilig wird, haben wir einige\u00a0<\/span><a href=\"https:\/\/www.meditonsin.de\/at\/service\/spiel-spass\/leseecke\" rel=\"noopener\"><span class=\"s2\">Lekt\u00fcreempfehlungen\u00a0<\/span><\/a><span class=\"s1\">\u00a0und\u00a0<\/span><a href=\"https:\/\/www.meditonsin.de\/at\/service\/spiel-spass\/spieletipps\" rel=\"noopener\"><span class=\"s2\">Spiele-Tipps<\/span><\/a><span class=\"s1\">\u00a0zusammengestellt. Viel Spa\u00df beim St\u00f6bern!<\/span><\/p>\n<div id=\"gtx-trans\" style=\"position: absolute; left: 544px; top: 223.438px;\">\n<div class=\"gtx-trans-icon\"><\/div>\n<\/div>\n<\/div>\n<\/div><\/div><div id=\"panel-3213-1-1-1\" class=\"so-panel widget widget_wph-packungsbeilage-form-fields panel-last-child\" data-index=\"3\" ><div\n\t\t\t\n\t\t\tclass=\"so-widget-wph-packungsbeilage-form-fields so-widget-wph-packungsbeilage-form-fields-base\"\n\t\t\t\n\t\t><div class=\"packungsbeilage-wrap\" id=\"packungsbeilage\">\n        <div class=\"container\">\n            <div class=\"row\">\n\t            <div class=\"h5 center\">\n\t\t            Packungsbeilage Meditonsin<sup>\u00ae<\/sup> Tropfen und Globuli\n\t            <\/div>\n                <div class=\"prod-content-wrap two auto aos-init aos-animate\">\n\t                <div class=\"languages\">\n\t\t                <div class=\"intro\">\n\t\t\t                Hier stehen Ihnen unsere Packungsbeilagen zum Download bereit:\n\t\t                <\/div>\n\t\t                <div class=\"language\">\n\t\t\t\t\t\t\t\t\t\t                \t<a class=\"packungs-link\" target=\"_blank\" href=\"https:\/\/www.meditonsin.de\/at\/packungsbeilagen\/403038390008-GI-Meditonsin-Lsg-AT.pdf\">\n\t\t\t\t\t\t\t\t\t\t\t                <img decoding=\"async\" src=\"https:\/\/www.meditonsin.de\/at\/wp-content\/themes\/wp-hero\/assets\/image\/flags\/de.png\">\n\t\t\t                \t<i>Meditonsin<sup>\u00ae<\/sup> Tropfen<\/i>\n\t\t\t                <\/a><br>\n\t\t\t\t\t\t\t\t\t\t                \t<a class=\"packungs-link\" target=\"_blank\" href=\"https:\/\/www.meditonsin.de\/at\/packungsbeilagen\/403038393002-GI-Meditonsin-Globuli-AT.pdf\">\n\t\t\t\t\t\t\t\t\t\t\t                <img decoding=\"async\" src=\"https:\/\/www.meditonsin.de\/at\/wp-content\/themes\/wp-hero\/assets\/image\/flags\/de.png\">\n\t\t\t                \t<i>Meditonsin<sup>\u00ae<\/sup> Globuli<\/i>\n\t\t\t                <\/a>\n\t\t                <\/div>\n\t                <\/div>\n                <\/div>\n            <\/div>\n\t    <\/div>\n\t<\/div><\/div><\/div><\/div><\/div><\/div><\/div>","protected":false},"excerpt":{"rendered":"<p>Service und Hilfe Angebote bei Erk\u00e4ltung Ob\u00a0Rezepte, die auch bei einer Erk\u00e4ltung gut schmecken, ein\u00a0Check zum Status Ihres Immunsystems\u00a0oder die\u00a0h\u00e4ufigsten Fragen rund um Meditonsin\u00ae\u00a0Tropfen und Globuli\u00a0\u2013 hier finden Sie viele wichtige Informationen, die Ihnen bei einer Erk\u00e4ltung helfen k\u00f6nnen. Dazu geh\u00f6ren auch die\u00a0Packungsbeilagen zu Meditonsin\u00ae\u00a0Tropfen und Globuli. Im Bereich\u00a0Media\u00a0finden Sie den aktuellen\u00a0Meditonsin\u00ae Spot. Und damit [&hellip;]<\/p>\n","protected":false},"author":1,"featured_media":0,"parent":3178,"menu_order":0,"comment_status":"closed","ping_status":"closed","template":"","meta":{"footnotes":""},"class_list":["post-3213","page","type-page","status-publish","hentry"],"yoast_head":"<!-- This site is optimized with the Yoast SEO plugin v26.3 - https:\/\/yoast.com\/wordpress\/plugins\/seo\/ -->\n<title>Packungsbeilage | Meditonsin bei Erk\u00e4ltung<\/title>\n<meta name=\"description\" content=\"Hier stehen Ihnen unsere Packungsbeilagen zu Meditonsin Tropfen und Globuli bereit.\" \/>\n<meta name=\"robots\" content=\"index, follow, max-snippet:-1, max-image-preview:large, max-video-preview:-1\" \/>\n<link rel=\"canonical\" href=\"https:\/\/www.meditonsin.de\/at\/service\/packungsbeilage\/\" \/>\n<meta property=\"og:locale\" content=\"de_DE\" \/>\n<meta property=\"og:type\" content=\"article\" \/>\n<meta property=\"og:title\" content=\"Packungsbeilage | Meditonsin bei Erk\u00e4ltung\" \/>\n<meta property=\"og:description\" content=\"Hier stehen Ihnen unsere Packungsbeilagen zu Meditonsin Tropfen und Globuli bereit.\" \/>\n<meta property=\"og:url\" content=\"https:\/\/www.meditonsin.de\/at\/service\/packungsbeilage\/\" \/>\n<meta property=\"og:site_name\" content=\"Meditonsin bei Erk\u00e4ltung\" \/>\n<meta property=\"article:modified_time\" content=\"2023-12-20T13:36:55+00:00\" \/>\n<meta name=\"twitter:card\" content=\"summary_large_image\" \/>\n<meta name=\"twitter:label1\" content=\"Gesch\u00e4tzte Lesezeit\" \/>\n\t<meta name=\"twitter:data1\" content=\"1 Minute\" \/>\n<script type=\"application\/ld+json\" class=\"yoast-schema-graph\">{\"@context\":\"https:\/\/schema.org\",\"@graph\":[{\"@type\":\"WebPage\",\"@id\":\"https:\/\/www.meditonsin.de\/at\/service\/packungsbeilage\/\",\"url\":\"https:\/\/www.meditonsin.de\/at\/service\/packungsbeilage\/\",\"name\":\"Packungsbeilage | Meditonsin bei Erk\u00e4ltung\",\"isPartOf\":{\"@id\":\"https:\/\/www.meditonsin.de\/at\/#website\"},\"datePublished\":\"2023-12-06T21:08:44+00:00\",\"dateModified\":\"2023-12-20T13:36:55+00:00\",\"description\":\"Hier stehen Ihnen unsere Packungsbeilagen zu Meditonsin Tropfen und Globuli bereit.\",\"breadcrumb\":{\"@id\":\"https:\/\/www.meditonsin.de\/at\/service\/packungsbeilage\/#breadcrumb\"},\"inLanguage\":\"de-AT\",\"potentialAction\":[{\"@type\":\"ReadAction\",\"target\":[\"https:\/\/www.meditonsin.de\/at\/service\/packungsbeilage\/\"]}]},{\"@type\":\"BreadcrumbList\",\"@id\":\"https:\/\/www.meditonsin.de\/at\/service\/packungsbeilage\/#breadcrumb\",\"itemListElement\":[{\"@type\":\"ListItem\",\"position\":1,\"name\":\"Startseite\",\"item\":\"https:\/\/www.meditonsin.de\/at\/\"},{\"@type\":\"ListItem\",\"position\":2,\"name\":\"Service und Hilfe\",\"item\":\"https:\/\/www.meditonsin.de\/at\/service\/\"},{\"@type\":\"ListItem\",\"position\":3,\"name\":\"Packungsbeilage\"}]},{\"@type\":\"WebSite\",\"@id\":\"https:\/\/www.meditonsin.de\/at\/#website\",\"url\":\"https:\/\/www.meditonsin.de\/at\/\",\"name\":\"Meditonsin bei Erk\u00e4ltung\",\"description\":\"\",\"potentialAction\":[{\"@type\":\"SearchAction\",\"target\":{\"@type\":\"EntryPoint\",\"urlTemplate\":\"https:\/\/www.meditonsin.de\/at\/?s={search_term_string}\"},\"query-input\":{\"@type\":\"PropertyValueSpecification\",\"valueRequired\":true,\"valueName\":\"search_term_string\"}}],\"inLanguage\":\"de-AT\"}]}<\/script>\n<!-- \/ Yoast SEO plugin. -->","yoast_head_json":{"title":"Packungsbeilage | Meditonsin bei Erk\u00e4ltung","description":"Hier stehen Ihnen unsere Packungsbeilagen zu Meditonsin Tropfen und Globuli bereit.","robots":{"index":"index","follow":"follow","max-snippet":"max-snippet:-1","max-image-preview":"max-image-preview:large","max-video-preview":"max-video-preview:-1"},"canonical":"https:\/\/www.meditonsin.de\/at\/service\/packungsbeilage\/","og_locale":"de_DE","og_type":"article","og_title":"Packungsbeilage | Meditonsin bei Erk\u00e4ltung","og_description":"Hier stehen Ihnen unsere Packungsbeilagen zu Meditonsin Tropfen und Globuli bereit.","og_url":"https:\/\/www.meditonsin.de\/at\/service\/packungsbeilage\/","og_site_name":"Meditonsin bei Erk\u00e4ltung","article_modified_time":"2023-12-20T13:36:55+00:00","twitter_card":"summary_large_image","twitter_misc":{"Gesch\u00e4tzte Lesezeit":"1 Minute"},"schema":{"@context":"https:\/\/schema.org","@graph":[{"@type":"WebPage","@id":"https:\/\/www.meditonsin.de\/at\/service\/packungsbeilage\/","url":"https:\/\/www.meditonsin.de\/at\/service\/packungsbeilage\/","name":"Packungsbeilage | Meditonsin bei Erk\u00e4ltung","isPartOf":{"@id":"https:\/\/www.meditonsin.de\/at\/#website"},"datePublished":"2023-12-06T21:08:44+00:00","dateModified":"2023-12-20T13:36:55+00:00","description":"Hier stehen Ihnen unsere Packungsbeilagen zu Meditonsin Tropfen und Globuli bereit.","breadcrumb":{"@id":"https:\/\/www.meditonsin.de\/at\/service\/packungsbeilage\/#breadcrumb"},"inLanguage":"de-AT","potentialAction":[{"@type":"ReadAction","target":["https:\/\/www.meditonsin.de\/at\/service\/packungsbeilage\/"]}]},{"@type":"BreadcrumbList","@id":"https:\/\/www.meditonsin.de\/at\/service\/packungsbeilage\/#breadcrumb","itemListElement":[{"@type":"ListItem","position":1,"name":"Startseite","item":"https:\/\/www.meditonsin.de\/at\/"},{"@type":"ListItem","position":2,"name":"Service und Hilfe","item":"https:\/\/www.meditonsin.de\/at\/service\/"},{"@type":"ListItem","position":3,"name":"Packungsbeilage"}]},{"@type":"WebSite","@id":"https:\/\/www.meditonsin.de\/at\/#website","url":"https:\/\/www.meditonsin.de\/at\/","name":"Meditonsin bei Erk\u00e4ltung","description":"","potentialAction":[{"@type":"SearchAction","target":{"@type":"EntryPoint","urlTemplate":"https:\/\/www.meditonsin.de\/at\/?s={search_term_string}"},"query-input":{"@type":"PropertyValueSpecification","valueRequired":true,"valueName":"search_term_string"}}],"inLanguage":"de-AT"}]}},"lang":"at","translations":{"at":3213},"pll_sync_post":[],"_links":{"self":[{"href":"https:\/\/www.meditonsin.de\/at\/wp-json\/wp\/v2\/pages\/3213","targetHints":{"allow":["GET"]}}],"collection":[{"href":"https:\/\/www.meditonsin.de\/at\/wp-json\/wp\/v2\/pages"}],"about":[{"href":"https:\/\/www.meditonsin.de\/at\/wp-json\/wp\/v2\/types\/page"}],"author":[{"embeddable":true,"href":"https:\/\/www.meditonsin.de\/at\/wp-json\/wp\/v2\/users\/1"}],"replies":[{"embeddable":true,"href":"https:\/\/www.meditonsin.de\/at\/wp-json\/wp\/v2\/comments?post=3213"}],"version-history":[{"count":8,"href":"https:\/\/www.meditonsin.de\/at\/wp-json\/wp\/v2\/pages\/3213\/revisions"}],"predecessor-version":[{"id":3322,"href":"https:\/\/www.meditonsin.de\/at\/wp-json\/wp\/v2\/pages\/3213\/revisions\/3322"}],"up":[{"embeddable":true,"href":"https:\/\/www.meditonsin.de\/at\/wp-json\/wp\/v2\/pages\/3178"}],"wp:attachment":[{"href":"https:\/\/www.meditonsin.de\/at\/wp-json\/wp\/v2\/media?parent=3213"}],"curies":[{"name":"wp","href":"https:\/\/api.w.org\/{rel}","templated":true}]}}