{"id":3236,"date":"2023-12-07T10:12:32","date_gmt":"2023-12-07T09:12:32","guid":{"rendered":"https:\/\/www.meditonsin.de\/?page_id=3236"},"modified":"2023-12-21T15:09:26","modified_gmt":"2023-12-21T14:09:26","slug":"rezepte","status":"publish","type":"page","link":"https:\/\/www.meditonsin.de\/at\/service\/rezepte\/","title":{"rendered":"Rezepte"},"content":{"rendered":"<div id=\"pl-3236\"  class=\"panel-layout\" ><div id=\"pg-3236-0\"  class=\"panel-grid panel-has-style\" ><div class=\"siteorigin-panels-stretch panel-row-style panel-row-style-for-3236-0\" data-stretch-type=\"full-stretched\" ><div id=\"pgc-3236-0-0\"  class=\"panel-grid-cell\" ><div id=\"panel-3236-0-0-0\" class=\"so-panel widget widget_wph-header-form-fields panel-first-child panel-last-child\" data-index=\"0\" ><div\n\t\t\t\n\t\t\tclass=\"so-widget-wph-header-form-fields so-widget-wph-header-form-fields-base\"\n\t\t\t\n\t\t><section class=\" header-hero widget\">\n    <div class=\"container-fluid p-0\">\n        <div class=\"row g-0\">\n            <div class=\"col-md-12\">\n                <div class=\"header-vedio\">\n                    <img decoding=\"async\" src=\"https:\/\/www.meditonsin.de\/at\/media\/2023\/12\/meditonsin.at_service.jpg\" >\n                <\/div>\n            <\/div>\n        <\/div>\n        <div class=\"header-hero-inner\">\n            <h1 id=\"parent-fieldname-description\" class=\"documentDescription\">Rezepte<\/h1>\n                    <\/div>\n\n    <\/div>\n<\/section><\/div><\/div><\/div><\/div><\/div><div id=\"pg-3236-1\"  class=\"panel-grid panel-has-style\" ><div class=\"siteorigin-panels-stretch panel-row-style panel-row-style-for-3236-1\" data-stretch-type=\"full\" ><div id=\"pgc-3236-1-0\"  class=\"panel-grid-cell\" ><div id=\"panel-3236-1-0-0\" class=\"so-panel widget widget_sow-image panel-first-child panel-last-child\" data-index=\"1\" ><div\n\t\t\t\n\t\t\tclass=\"so-widget-sow-image so-widget-sow-image-default-8b5b6f678277-3236\"\n\t\t\t\n\t\t>\n<div class=\"sow-image-container\">\n\t\t<img \n\tsrc=\"https:\/\/www.meditonsin.de\/at\/media\/2023\/10\/meditonsin-at-flaschen.png\" width=\"413\" height=\"715\" srcset=\"https:\/\/www.meditonsin.de\/at\/media\/2023\/10\/meditonsin-at-flaschen.png 413w, https:\/\/www.meditonsin.de\/at\/media\/2023\/10\/meditonsin-at-flaschen-173x300.png 173w\" sizes=\"(max-width: 413px) 100vw, 413px\" alt=\"\" \t\tclass=\"so-widget-image\"\/>\n\t<\/div>\n\n<\/div><\/div><\/div><div id=\"pgc-3236-1-1\"  class=\"panel-grid-cell\" ><div id=\"panel-3236-1-1-0\" class=\"so-panel widget widget_sow-editor panel-first-child panel-last-child\" data-index=\"2\" ><div\n\t\t\t\n\t\t\tclass=\"so-widget-sow-editor so-widget-sow-editor-base\"\n\t\t\t\n\t\t>\n<div class=\"siteorigin-widget-tinymce textwidget\">\n\t<h1 id=\"parent-fieldname-title\" class=\"documentFirstHeading\">Ern\u00e4hrungsservice:<\/h1>\n<h2 id=\"parent-fieldname-description\" class=\"documentDescription\">Rezepte<\/h2>\n<p>Nicht umsonst ist H\u00fchnersuppe seit Jahrzehnten eines der bekanntesten und beliebtesten Hausmittel bei Erk\u00e4ltungen. Ihre unterst\u00fctzende Wirkung bei Erk\u00e4ltungen ist seit Gro\u00dfmutters Zeiten bekannt. Die Eiwei\u00dfstoffe der Suppe blockieren im Organismus bestimmte wei\u00dfe Blutk\u00f6rperchen, die f\u00fcr Entz\u00fcndungsprozesse mit verantwortlich sind und auch bei Erk\u00e4ltungen freigesetzt werden. Zudem enth\u00e4lt sie den entz\u00fcndungshemmenden Eiwei\u00dfstoff Cystein sowie Zink. Cystein kann einen abschwellenden Effekt auf die Schleimh\u00e4ute haben, w\u00e4hrend Zink die Linderung von Erk\u00e4ltungsbeschwerden unterst\u00fctzen kann.<\/p>\n<p>Eine mineralstoff- und vitaminreiche Ern\u00e4hrung unterst\u00fctzt unser Immunsystem bei der Bek\u00e4mpfung von Erk\u00e4ltungsviren. Hier finden Sie ein paar besondere Rezept-Ideen, die das Gesundbleiben zu einem Gaumengenuss machen und auch im Kampf gegen die Erk\u00e4ltung einen positiven Beitrag leisten k\u00f6nnen.<\/p>\n<\/div>\n<\/div><\/div><\/div><\/div><\/div><div id=\"pg-3236-2\"  class=\"panel-grid panel-has-style\" ><div class=\"siteorigin-panels-stretch panel-row-style panel-row-style-for-3236-2\" data-stretch-type=\"full\" ><div id=\"pgc-3236-2-0\"  class=\"panel-grid-cell\" ><div id=\"panel-3236-2-0-0\" class=\"so-panel widget widget_sow-editor panel-first-child panel-last-child\" data-index=\"3\" ><div\n\t\t\t\n\t\t\tclass=\"so-widget-sow-editor so-widget-sow-editor-base\"\n\t\t\t\n\t\t>\n<div class=\"siteorigin-widget-tinymce textwidget\">\n\t<p><strong>Basco - Indonesische Suppe<\/strong><\/p>\n<\/div>\n<\/div><\/div><\/div><div id=\"pgc-3236-2-1\"  class=\"panel-grid-cell\" ><div id=\"panel-3236-2-1-0\" class=\"so-panel widget widget_sow-editor panel-first-child panel-last-child\" data-index=\"4\" ><div\n\t\t\t\n\t\t\tclass=\"so-widget-sow-editor so-widget-sow-editor-base\"\n\t\t\t\n\t\t>\n<div class=\"siteorigin-widget-tinymce textwidget\">\n\t<p><strong>Roter Zwiebeltee<\/strong><\/p>\n<\/div>\n<\/div><\/div><\/div><div id=\"pgc-3236-2-2\"  class=\"panel-grid-cell\" ><div id=\"panel-3236-2-2-0\" class=\"so-panel widget widget_sow-editor panel-first-child panel-last-child\" data-index=\"5\" ><div\n\t\t\t\n\t\t\tclass=\"so-widget-sow-editor so-widget-sow-editor-base\"\n\t\t\t\n\t\t>\n<div class=\"siteorigin-widget-tinymce textwidget\">\n\t<p id=\"parent-fieldname-title\" class=\"documentFirstHeading\"><strong>Arabische H\u00fchnersuppe<\/strong><\/p>\n<\/div>\n<\/div><\/div><\/div><div id=\"pgc-3236-2-3\"  class=\"panel-grid-cell\" ><div id=\"panel-3236-2-3-0\" class=\"so-panel widget widget_sow-editor panel-first-child panel-last-child\" data-index=\"6\" ><div\n\t\t\t\n\t\t\tclass=\"so-widget-sow-editor so-widget-sow-editor-base\"\n\t\t\t\n\t\t>\n<div class=\"siteorigin-widget-tinymce textwidget\">\n\t<p id=\"parent-fieldname-title\" class=\"documentFirstHeading\"><strong>Hei\u00dfer Chili-Kakao<\/strong><\/p>\n<\/div>\n<\/div><\/div><\/div><\/div><\/div><div id=\"pg-3236-3\"  class=\"panel-grid panel-has-style\" ><div class=\"siteorigin-panels-stretch panel-row-style panel-row-style-for-3236-3\" data-stretch-type=\"full\" ><div id=\"pgc-3236-3-0\"  class=\"panel-grid-cell\" ><div id=\"panel-3236-3-0-0\" class=\"so-panel widget widget_sow-editor panel-first-child panel-last-child\" data-index=\"7\" ><div\n\t\t\t\n\t\t\tclass=\"so-widget-sow-editor so-widget-sow-editor-base\"\n\t\t\t\n\t\t>\n<div class=\"siteorigin-widget-tinymce textwidget\">\n\t<p><strong>Goldgelbe H\u00fchnersuppe<\/strong><\/p>\n<\/div>\n<\/div><\/div><\/div><div id=\"pgc-3236-3-1\"  class=\"panel-grid-cell\" ><div id=\"panel-3236-3-1-0\" class=\"so-panel widget widget_sow-editor panel-first-child panel-last-child\" data-index=\"8\" ><div\n\t\t\t\n\t\t\tclass=\"so-widget-sow-editor so-widget-sow-editor-base\"\n\t\t\t\n\t\t>\n<div class=\"siteorigin-widget-tinymce textwidget\">\n\t<p id=\"parent-fieldname-title\" class=\"documentFirstHeading\"><strong>Beeren-Bananen-Smoothie<\/strong><\/p>\n<\/div>\n<\/div><\/div><\/div><div id=\"pgc-3236-3-2\"  class=\"panel-grid-cell\" ><div id=\"panel-3236-3-2-0\" class=\"so-panel widget widget_sow-editor panel-first-child panel-last-child\" data-index=\"9\" ><div\n\t\t\t\n\t\t\tclass=\"so-widget-sow-editor so-widget-sow-editor-base\"\n\t\t\t\n\t\t>\n<div class=\"siteorigin-widget-tinymce textwidget\">\n\t<p id=\"parent-fieldname-title\" class=\"documentFirstHeading\"><strong>Wohltuender Ingwertee<\/strong><\/p>\n<\/div>\n<\/div><\/div><\/div><div id=\"pgc-3236-3-3\"  class=\"panel-grid-cell\" ><div id=\"panel-3236-3-3-0\" class=\"so-panel widget widget_sow-editor panel-first-child panel-last-child\" data-index=\"10\" ><div\n\t\t\t\n\t\t\tclass=\"so-widget-sow-editor so-widget-sow-editor-base\"\n\t\t\t\n\t\t>\n<div class=\"siteorigin-widget-tinymce textwidget\">\n\t<p id=\"parent-fieldname-title\" class=\"documentFirstHeading\"><strong>Ananas-Salbei-Saft<\/strong><\/p>\n<\/div>\n<\/div><\/div><\/div><\/div><\/div><\/div>","protected":false},"excerpt":{"rendered":"<p>Ern\u00e4hrungsservice: Rezepte Nicht umsonst ist H\u00fchnersuppe seit Jahrzehnten eines der bekanntesten und beliebtesten Hausmittel bei Erk\u00e4ltungen. Ihre unterst\u00fctzende Wirkung bei Erk\u00e4ltungen ist seit Gro\u00dfmutters Zeiten bekannt. Die Eiwei\u00dfstoffe der Suppe blockieren im Organismus bestimmte wei\u00dfe Blutk\u00f6rperchen, die f\u00fcr Entz\u00fcndungsprozesse mit verantwortlich sind und auch bei Erk\u00e4ltungen freigesetzt werden. Zudem enth\u00e4lt sie den entz\u00fcndungshemmenden Eiwei\u00dfstoff Cystein [&hellip;]<\/p>\n","protected":false},"author":1,"featured_media":0,"parent":3178,"menu_order":0,"comment_status":"closed","ping_status":"closed","template":"","meta":{"footnotes":""},"class_list":["post-3236","page","type-page","status-publish","hentry"],"yoast_head":"<!-- This site is optimized with the Yoast SEO plugin v26.3 - https:\/\/yoast.com\/wordpress\/plugins\/seo\/ -->\n<title>Rezepte | Meditonsin bei Erk\u00e4ltung<\/title>\n<meta name=\"description\" content=\"Ern\u00e4hrungsservice: Rezepte als Hausmittel gegen einer Erk\u00e4ltung.\" \/>\n<meta name=\"robots\" content=\"index, follow, max-snippet:-1, max-image-preview:large, max-video-preview:-1\" \/>\n<link rel=\"canonical\" href=\"https:\/\/www.meditonsin.de\/at\/service\/rezepte\/\" \/>\n<meta property=\"og:locale\" content=\"de_DE\" \/>\n<meta property=\"og:type\" content=\"article\" \/>\n<meta property=\"og:title\" content=\"Rezepte | Meditonsin bei Erk\u00e4ltung\" \/>\n<meta property=\"og:description\" content=\"Ern\u00e4hrungsservice: Rezepte als Hausmittel gegen einer Erk\u00e4ltung.\" \/>\n<meta property=\"og:url\" content=\"https:\/\/www.meditonsin.de\/at\/service\/rezepte\/\" \/>\n<meta property=\"og:site_name\" content=\"Meditonsin bei Erk\u00e4ltung\" \/>\n<meta property=\"article:modified_time\" content=\"2023-12-21T14:09:26+00:00\" \/>\n<meta name=\"twitter:card\" content=\"summary_large_image\" \/>\n<meta name=\"twitter:label1\" content=\"Gesch\u00e4tzte Lesezeit\" \/>\n\t<meta name=\"twitter:data1\" content=\"1 Minute\" \/>\n<script type=\"application\/ld+json\" class=\"yoast-schema-graph\">{\"@context\":\"https:\/\/schema.org\",\"@graph\":[{\"@type\":\"WebPage\",\"@id\":\"https:\/\/www.meditonsin.de\/at\/service\/rezepte\/\",\"url\":\"https:\/\/www.meditonsin.de\/at\/service\/rezepte\/\",\"name\":\"Rezepte | Meditonsin bei Erk\u00e4ltung\",\"isPartOf\":{\"@id\":\"https:\/\/www.meditonsin.de\/at\/#website\"},\"datePublished\":\"2023-12-07T09:12:32+00:00\",\"dateModified\":\"2023-12-21T14:09:26+00:00\",\"description\":\"Ern\u00e4hrungsservice: Rezepte als Hausmittel gegen einer Erk\u00e4ltung.\",\"breadcrumb\":{\"@id\":\"https:\/\/www.meditonsin.de\/at\/service\/rezepte\/#breadcrumb\"},\"inLanguage\":\"de-AT\",\"potentialAction\":[{\"@type\":\"ReadAction\",\"target\":[\"https:\/\/www.meditonsin.de\/at\/service\/rezepte\/\"]}]},{\"@type\":\"BreadcrumbList\",\"@id\":\"https:\/\/www.meditonsin.de\/at\/service\/rezepte\/#breadcrumb\",\"itemListElement\":[{\"@type\":\"ListItem\",\"position\":1,\"name\":\"Startseite\",\"item\":\"https:\/\/www.meditonsin.de\/at\/\"},{\"@type\":\"ListItem\",\"position\":2,\"name\":\"Service und Hilfe\",\"item\":\"https:\/\/www.meditonsin.de\/at\/service\/\"},{\"@type\":\"ListItem\",\"position\":3,\"name\":\"Rezepte\"}]},{\"@type\":\"WebSite\",\"@id\":\"https:\/\/www.meditonsin.de\/at\/#website\",\"url\":\"https:\/\/www.meditonsin.de\/at\/\",\"name\":\"Meditonsin bei Erk\u00e4ltung\",\"description\":\"\",\"potentialAction\":[{\"@type\":\"SearchAction\",\"target\":{\"@type\":\"EntryPoint\",\"urlTemplate\":\"https:\/\/www.meditonsin.de\/at\/?s={search_term_string}\"},\"query-input\":{\"@type\":\"PropertyValueSpecification\",\"valueRequired\":true,\"valueName\":\"search_term_string\"}}],\"inLanguage\":\"de-AT\"}]}<\/script>\n<!-- \/ Yoast SEO plugin. -->","yoast_head_json":{"title":"Rezepte | Meditonsin bei Erk\u00e4ltung","description":"Ern\u00e4hrungsservice: Rezepte als Hausmittel gegen einer Erk\u00e4ltung.","robots":{"index":"index","follow":"follow","max-snippet":"max-snippet:-1","max-image-preview":"max-image-preview:large","max-video-preview":"max-video-preview:-1"},"canonical":"https:\/\/www.meditonsin.de\/at\/service\/rezepte\/","og_locale":"de_DE","og_type":"article","og_title":"Rezepte | Meditonsin bei Erk\u00e4ltung","og_description":"Ern\u00e4hrungsservice: Rezepte als Hausmittel gegen einer Erk\u00e4ltung.","og_url":"https:\/\/www.meditonsin.de\/at\/service\/rezepte\/","og_site_name":"Meditonsin bei Erk\u00e4ltung","article_modified_time":"2023-12-21T14:09:26+00:00","twitter_card":"summary_large_image","twitter_misc":{"Gesch\u00e4tzte Lesezeit":"1 Minute"},"schema":{"@context":"https:\/\/schema.org","@graph":[{"@type":"WebPage","@id":"https:\/\/www.meditonsin.de\/at\/service\/rezepte\/","url":"https:\/\/www.meditonsin.de\/at\/service\/rezepte\/","name":"Rezepte | Meditonsin bei Erk\u00e4ltung","isPartOf":{"@id":"https:\/\/www.meditonsin.de\/at\/#website"},"datePublished":"2023-12-07T09:12:32+00:00","dateModified":"2023-12-21T14:09:26+00:00","description":"Ern\u00e4hrungsservice: Rezepte als Hausmittel gegen einer Erk\u00e4ltung.","breadcrumb":{"@id":"https:\/\/www.meditonsin.de\/at\/service\/rezepte\/#breadcrumb"},"inLanguage":"de-AT","potentialAction":[{"@type":"ReadAction","target":["https:\/\/www.meditonsin.de\/at\/service\/rezepte\/"]}]},{"@type":"BreadcrumbList","@id":"https:\/\/www.meditonsin.de\/at\/service\/rezepte\/#breadcrumb","itemListElement":[{"@type":"ListItem","position":1,"name":"Startseite","item":"https:\/\/www.meditonsin.de\/at\/"},{"@type":"ListItem","position":2,"name":"Service und Hilfe","item":"https:\/\/www.meditonsin.de\/at\/service\/"},{"@type":"ListItem","position":3,"name":"Rezepte"}]},{"@type":"WebSite","@id":"https:\/\/www.meditonsin.de\/at\/#website","url":"https:\/\/www.meditonsin.de\/at\/","name":"Meditonsin bei Erk\u00e4ltung","description":"","potentialAction":[{"@type":"SearchAction","target":{"@type":"EntryPoint","urlTemplate":"https:\/\/www.meditonsin.de\/at\/?s={search_term_string}"},"query-input":{"@type":"PropertyValueSpecification","valueRequired":true,"valueName":"search_term_string"}}],"inLanguage":"de-AT"}]}},"lang":"at","translations":{"at":3236},"pll_sync_post":[],"_links":{"self":[{"href":"https:\/\/www.meditonsin.de\/at\/wp-json\/wp\/v2\/pages\/3236","targetHints":{"allow":["GET"]}}],"collection":[{"href":"https:\/\/www.meditonsin.de\/at\/wp-json\/wp\/v2\/pages"}],"about":[{"href":"https:\/\/www.meditonsin.de\/at\/wp-json\/wp\/v2\/types\/page"}],"author":[{"embeddable":true,"href":"https:\/\/www.meditonsin.de\/at\/wp-json\/wp\/v2\/users\/1"}],"replies":[{"embeddable":true,"href":"https:\/\/www.meditonsin.de\/at\/wp-json\/wp\/v2\/comments?post=3236"}],"version-history":[{"count":6,"href":"https:\/\/www.meditonsin.de\/at\/wp-json\/wp\/v2\/pages\/3236\/revisions"}],"predecessor-version":[{"id":3347,"href":"https:\/\/www.meditonsin.de\/at\/wp-json\/wp\/v2\/pages\/3236\/revisions\/3347"}],"up":[{"embeddable":true,"href":"https:\/\/www.meditonsin.de\/at\/wp-json\/wp\/v2\/pages\/3178"}],"wp:attachment":[{"href":"https:\/\/www.meditonsin.de\/at\/wp-json\/wp\/v2\/media?parent=3236"}],"curies":[{"name":"wp","href":"https:\/\/api.w.org\/{rel}","templated":true}]}}