{"id":3268,"date":"2023-12-07T10:50:55","date_gmt":"2023-12-07T09:50:55","guid":{"rendered":"https:\/\/www.meditonsin.de\/?page_id=3268"},"modified":"2023-12-21T12:09:33","modified_gmt":"2023-12-21T11:09:33","slug":"jetzt-kaufen","status":"publish","type":"page","link":"https:\/\/www.meditonsin.de\/at\/jetzt-kaufen\/","title":{"rendered":"Jetzt Kaufen"},"content":{"rendered":"<div id=\"pl-3268\"  class=\"panel-layout\" ><div id=\"pg-3268-0\"  class=\"panel-grid panel-has-style\" ><div class=\"siteorigin-panels-stretch panel-row-style panel-row-style-for-3268-0\" data-stretch-type=\"full-stretched\" ><div id=\"pgc-3268-0-0\"  class=\"panel-grid-cell\" ><div id=\"panel-3268-0-0-0\" class=\"so-panel widget widget_wph-header-form-fields panel-first-child panel-last-child\" data-index=\"0\" ><div\n\t\t\t\n\t\t\tclass=\"so-widget-wph-header-form-fields so-widget-wph-header-form-fields-base\"\n\t\t\t\n\t\t><section class=\" header-hero widget\">\n    <div class=\"container-fluid p-0\">\n        <div class=\"row g-0\">\n            <div class=\"col-md-12\">\n                <div class=\"header-vedio\">\n                    <img decoding=\"async\" src=\"https:\/\/www.meditonsin.de\/at\/media\/2023\/12\/meditonsin.at_service.jpg\" >\n                <\/div>\n            <\/div>\n        <\/div>\n        <div class=\"header-hero-inner\">\n            <h1>Unsere Partner<\/h1>\n                    <\/div>\n\n    <\/div>\n<\/section><\/div><\/div><\/div><\/div><\/div><div id=\"pg-3268-1\"  class=\"panel-grid panel-has-style\" ><div class=\"siteorigin-panels-stretch panel-row-style panel-row-style-for-3268-1\" data-stretch-type=\"full-stretched\" ><div id=\"pgc-3268-1-0\"  class=\"panel-grid-cell\" ><div id=\"panel-3268-1-0-0\" class=\"so-panel widget widget_wph-jetzt-kaufen-form-fields panel-first-child panel-last-child\" data-index=\"1\" ><div\n\t\t\t\n\t\t\tclass=\"so-widget-wph-jetzt-kaufen-form-fields so-widget-wph-jetzt-kaufen-form-fields-base\"\n\t\t\t\n\t\t><section class=\"mb-5 \">\n\t<div class=\"container\">\n\t\t<div class=\"row justify-content-center\">\n\t\t\t<div class=\"col-lg-6 col-md-9 p-2\" style=\"border: 2px solid #EBEBEB; padding-bottom: 2px !important;\">\n\t\t\t\t<div class=\"row justify-content-center\">\n\t\t\t\t\t<div class=\"col-md-6 col-6\">\n\t\t\t\t\t\t<div class=\"pointer active-tab text-center  p-1\" id=\"acc\" onclick=\"show()\">\n\t\t\t\t\t\t\t<h5 class=\"pt-2 heading-font \">Vor Ort bei Ihrer Apotheke<\/h5>\n\t\t\t\t\t\t<\/div>\n\t\t\t\t\t<\/div>\n\t\t\t\t\t<div class=\"col-md-6 col-6\">\n\t\t\t\t\t\t<div class=\"p-1 pointer text-center\" id=\"sol\" onclick=\"show1()\">\n\t\t\t\t\t\t\t<h5 class=\"pt-2 heading-font\">Online Bestellen<\/h5>\n\t\t\t\t\t\t\t\n\t\t\t\t\t\t<\/div>\n\t\t\t\t\t<\/div>\n\t\t\t\t<\/div>\n\t\t\t<\/div>\n\t\t<\/div>\n\t\t\n\t\t<div id=\"one\">\n\t\t\t<div class=\"row mt-md-5 mt-0\">\n\t\t\t\t\t\t\t\t\t\n\t\t\t\t\t\t<div class=\"col-md-12 col-4 mt-md-0 mt-5\" style=\"text-align: center;\">\n\t\t\t\t\t\t\t<p class=\"lead\">Erhalten Sie Meditonsin<sup>\u00ae<\/sup> direkt bei einer Apotheke in Ihrer N\u00e4he. <br>\n\t\t\t\t\t\tBei Fragen zum Produkt k\u00f6nnen Sie auf die Beratungskompetenz des Apothekenteams vertrauen.\n\t\t\t\t\t\t\t<\/p>\n\t\t\t\t\t\t<\/div>\n\t\t\t\t\t\t<div class=\"col-md-12 col-4 mt-md-0 mt-5\" style=\"text-align: center;\">\n\t\t\t\t\t\t\t<img decoding=\"async\" src=\"https:\/\/www.remifemin.de\/wp-content\/uploads\/apotheken-at.jpg\">\n\t\t\t\t\t\t<\/div>\n\t\t\t\t\t\n\t\t\t\t\t\t\t\t\n\t\t\t<\/div>\n\t\t<\/div>\n\n\t\t<div id=\"two\" style=\"display: none;\">\n\t\t\t<div class=\"row mt-md-5 mt-0 jetzt-kaufen\">\n\t\t\t\t\t\t\t\t\t<div class=\"col-md-2 col-4 mt-md-0 mt-5 one-apo\">\n\t\t\t\t\t\t<a target=\"_blank\" href=\"https:\/\/www.shop-apotheke.at\/search.htm?i=1&amp;q=Meditonsin\">\n\t\t\t\t\t\t\t<img decoding=\"async\" src=\"https:\/\/www.meditonsin.de\/at\/media\/2023\/12\/csm_shop-apotheke_b615e260e6-1.png\" class=\"img-fluid\">\n\t\t\t\t\t\t<\/a>\n\t\t\t\t\t<\/div>\n\t\t\t\t\t\t\t\t\t<div class=\"col-md-2 col-4 mt-md-0 mt-5 one-apo\">\n\t\t\t\t\t\t<a target=\"_blank\" href=\"https:\/\/www.zurrose.at\/catalogsearch\/result\/?q=Meditonsin\">\n\t\t\t\t\t\t\t<img decoding=\"async\" src=\"https:\/\/www.meditonsin.de\/at\/media\/2023\/12\/csm_zurrose_at_f11a0cc7ef.png\" class=\"img-fluid\">\n\t\t\t\t\t\t<\/a>\n\t\t\t\t\t<\/div>\n\t\t\t\t\t\t\t\t\t<div class=\"col-md-2 col-4 mt-md-0 mt-5 one-apo\">\n\t\t\t\t\t\t<a target=\"_blank\" href=\"https:\/\/www.servusapotheke.at\/catalogsearch\/result\/?q=Meditonsin\">\n\t\t\t\t\t\t\t<img decoding=\"async\" src=\"https:\/\/www.meditonsin.de\/at\/media\/2023\/12\/csm_servus-apotheke_075cef728a.png\" class=\"img-fluid\">\n\t\t\t\t\t\t<\/a>\n\t\t\t\t\t<\/div>\n\t\t\t\t\t\t\t\t\t<div class=\"col-md-2 col-4 mt-md-0 mt-5 one-apo\">\n\t\t\t\t\t\t<a target=\"_blank\" href=\"https:\/\/www.vamida.at\/catalogsearch\/result\/?q=Meditonsin\">\n\t\t\t\t\t\t\t<img decoding=\"async\" src=\"https:\/\/www.meditonsin.de\/at\/media\/2023\/12\/csm_vamida_c7c13c7fc1.png\" class=\"img-fluid\">\n\t\t\t\t\t\t<\/a>\n\t\t\t\t\t<\/div>\n\t\t\t\t\t\t\t\t\t<div class=\"col-md-2 col-4 mt-md-0 mt-5 one-apo\">\n\t\t\t\t\t\t<a target=\"_blank\" href=\"https:\/\/www.medistore.at\/index.php?suche&amp;searchstart=1&amp;searchwords=Meditonsin\">\n\t\t\t\t\t\t\t<img decoding=\"async\" src=\"https:\/\/www.meditonsin.de\/at\/media\/2023\/12\/csm_medistore_at_cabf9eefe2.png\" class=\"img-fluid\">\n\t\t\t\t\t\t<\/a>\n\t\t\t\t\t<\/div>\n\t\t\t\t\t\t\t\t\t<div class=\"col-md-2 col-4 mt-md-0 mt-5 one-apo\">\n\t\t\t\t\t\t<a target=\"_blank\" href=\"https:\/\/www.apothekenbote.at\/arzneimittel\/komplementaermedizin\/homoeopathie\/diverse-homoeopathika\/3205\/meditonsin-tropfen\">\n\t\t\t\t\t\t\t<img decoding=\"async\" src=\"https:\/\/www.meditonsin.de\/at\/media\/2023\/12\/csm_apotheken_bote_6566f8387e.png\" class=\"img-fluid\">\n\t\t\t\t\t\t<\/a>\n\t\t\t\t\t<\/div>\n\t\t\t\t\t\t\t\t\t<div class=\"col-md-2 col-4 mt-md-0 mt-5 one-apo\">\n\t\t\t\t\t\t<a target=\"_blank\" href=\"https:\/\/www.onlineapo.at\/search?search=Meditonsin\">\n\t\t\t\t\t\t\t<img decoding=\"async\" src=\"https:\/\/www.meditonsin.de\/at\/media\/2023\/12\/Logo_onlineapo_small.png\" class=\"img-fluid\">\n\t\t\t\t\t\t<\/a>\n\t\t\t\t\t<\/div>\n\t\t\t\t\t\t\t<\/div>\n\t\t<\/div>\n\t<\/div>\n<\/section>\n<script>\n\tjQuery('#acc').click(function() {\n\t\tjQuery('#acc').addClass('active-tab')\n\t\tjQuery('#sol').removeClass('active-tab')\n\t})\n\tjQuery('#sol').click(function() {\n\t\tjQuery('#acc').removeClass('active-tab')\n\t\tjQuery('#sol').addClass('active-tab')\n\t})\n<\/script>\n<script>\n\tfunction show() {\n\t\tdocument.getElementById('one').style.display = 'block';\n\t\tdocument.getElementById('two').style.display = 'none';\n\t}\n\n\tfunction show1() {\n\t\tdocument.getElementById('one').style.display = 'none';\n\t\tdocument.getElementById('two').style.display = 'block';\n\t}\n<\/script>\n<style>\n\t\/\/jetzt kaufen\n\t\n\t.pointer {\n\t\tcursor: pointer;\n\t}\n\t.heading-font {\n\t   font-family: 'Helvetica';\n\t   cursor: pointer;\n\t}\n\t\t\n\t.jetzt-kaufen .one-apo {\n\t\talign-items: stretch;\n\t\tdisplay: flex;\n\t\tjustify-content: center;\n\t\tmargin-bottom: 20px;\n\t\twidth: 25%;\n\t}\n\t.jetzt-kaufen .one-apo img {\n\t\tmax-height: 100px;\n\t}\n\t.jetzt-kaufen .one-apo a {\n\t\talign-items: center;\n\t\tdisplay: flex;\n\t\tborder: 1.68345px solid #EBEBEB;\t\n\t\tpadding: 10px;\n\t\twidth: 100%;\n\t\tjustify-content: center;\n\t}\n\t\n\t.jetzt-kaufen .one-apo:hover a {\n\t\tborder: 1.68345px solid #f18700;\n\t\tbox-shadow: 0px 3px 5px rgba(96, 14, 2, 0.2);\n\t}\n\t\n\t.para-font {\n\t\tfont-family: 'Helvetica Neue';\n\t\tfont-style: normal;\n\t\tcolor: #f18700;\n\t\tfont-weight: 400;\n\t}\n\t\n\t.active-tab h5 {\n\t\t\n\t\tbackground-color: #f18700;\n\t\tcursor: pointer;\n\t\tcolor: #fff;\n\t\tborder-bottom: 5px solid #fff;\n\t}\n\t\n\t.heading-font:hover {\n\t   border-bottom: 5px solid #f18700;\n\t}\n\t.active-tab:hover h5 {\n\t   border-bottom: 5px solid #fff;\n\t}\n\t.large-apo {\n\t   border: 2px solid #EBEBEB;\n\t   padding: 20px 30px;\n\t   height: 100%;\n\t}\n\t.large-apo > img {\n\t   margin-bottom: 10px;\n\t}\n\t.large-apo .stars {\n\t   line-height: 1;\n\t\tmargin: 10px 0;\n\t}\n\t.large-apo .h5 {\n\t   margin-bottom: 5px;\n\t}\n\t.large-apo p {\n\t   color: #666;\n\t   line-height: 1.8rem;\n\t   margin-bottom: 10px;\n\t}\n\t.large-apo .btn {\n\t\tfont-style: normal;\n\t\tfont-weight: 500;\n\t\tfont-size: 18px;\n\t\tline-height: 20px;\n\t\tcolor: #fff !important;\n\t\tbackground: #f18700;\n\t\tpadding: 19px 37px;\n\t\tborder-radius: 0;\n\t}\n\t.pt-2 {\n\t\t padding: 10px 0 5px !important ;\n\t }\n\t \n\t @media (max-width: 767px) {\n\t\t .so-widget-wph-jetzt-kaufen-form-fields .col-4 {\n\t\t\t width: 100%;\n\t\t }\n\t }\n\t .logo-wrapper {\n\t\t   display: flex;\n\t\t   justify-content: space-between;\n\t\t   align-items: center;\n\t   }\n\t   @media (max-width: 575px) {\n\t\t\t.logo-wrapper img{\n\t\t\t\twidth: 50%;\n\t\t\t}\n\t\t\t.logo-wrapper img + img{\n\t\t\t\t  width: 30%;\n\t\t\t}\n\t\t}\n<\/style><\/div><\/div><\/div><\/div><\/div><\/div>","protected":false},"excerpt":{"rendered":"<p>Unsere Partner Vor Ort bei Ihrer Apotheke Online Bestellen Erhalten Sie Meditonsin\u00ae direkt bei einer Apotheke in Ihrer N\u00e4he. Bei Fragen zum Produkt k\u00f6nnen Sie auf die Beratungskompetenz des Apothekenteams vertrauen.<\/p>\n","protected":false},"author":1,"featured_media":0,"parent":0,"menu_order":0,"comment_status":"closed","ping_status":"closed","template":"","meta":{"footnotes":""},"class_list":["post-3268","page","type-page","status-publish","hentry"],"yoast_head":"<!-- This site is optimized with the Yoast SEO plugin v26.3 - https:\/\/yoast.com\/wordpress\/plugins\/seo\/ -->\n<title>Jetzt Kaufen | Meditonsin bei Erk\u00e4ltung<\/title>\n<meta name=\"description\" content=\"Mit wenigen Klicks k\u00f6nnen Sie ganz einfach die gew\u00fcnschten Produkte bei Ihrer Apotheke vorbestellen, abholen oder bequem nach Hause liefern lassen.\" \/>\n<meta name=\"robots\" content=\"index, follow, max-snippet:-1, max-image-preview:large, max-video-preview:-1\" \/>\n<link rel=\"canonical\" href=\"https:\/\/www.meditonsin.de\/at\/jetzt-kaufen\/\" \/>\n<meta property=\"og:locale\" content=\"de_DE\" \/>\n<meta property=\"og:type\" content=\"article\" \/>\n<meta property=\"og:title\" content=\"Jetzt Kaufen | Meditonsin bei Erk\u00e4ltung\" \/>\n<meta property=\"og:description\" content=\"Mit wenigen Klicks k\u00f6nnen Sie ganz einfach die gew\u00fcnschten Produkte bei Ihrer Apotheke vorbestellen, abholen oder bequem nach Hause liefern lassen.\" \/>\n<meta property=\"og:url\" content=\"https:\/\/www.meditonsin.de\/at\/jetzt-kaufen\/\" \/>\n<meta property=\"og:site_name\" content=\"Meditonsin bei Erk\u00e4ltung\" \/>\n<meta property=\"article:modified_time\" content=\"2023-12-21T11:09:33+00:00\" \/>\n<meta name=\"twitter:card\" content=\"summary_large_image\" \/>\n<meta name=\"twitter:label1\" content=\"Gesch\u00e4tzte Lesezeit\" \/>\n\t<meta name=\"twitter:data1\" content=\"1 Minute\" \/>\n<script type=\"application\/ld+json\" class=\"yoast-schema-graph\">{\"@context\":\"https:\/\/schema.org\",\"@graph\":[{\"@type\":\"WebPage\",\"@id\":\"https:\/\/www.meditonsin.de\/at\/jetzt-kaufen\/\",\"url\":\"https:\/\/www.meditonsin.de\/at\/jetzt-kaufen\/\",\"name\":\"Jetzt Kaufen | Meditonsin bei Erk\u00e4ltung\",\"isPartOf\":{\"@id\":\"https:\/\/www.meditonsin.de\/at\/#website\"},\"datePublished\":\"2023-12-07T09:50:55+00:00\",\"dateModified\":\"2023-12-21T11:09:33+00:00\",\"description\":\"Mit wenigen Klicks k\u00f6nnen Sie ganz einfach die gew\u00fcnschten Produkte bei Ihrer Apotheke vorbestellen, abholen oder bequem nach Hause liefern lassen.\",\"breadcrumb\":{\"@id\":\"https:\/\/www.meditonsin.de\/at\/jetzt-kaufen\/#breadcrumb\"},\"inLanguage\":\"de-AT\",\"potentialAction\":[{\"@type\":\"ReadAction\",\"target\":[\"https:\/\/www.meditonsin.de\/at\/jetzt-kaufen\/\"]}]},{\"@type\":\"BreadcrumbList\",\"@id\":\"https:\/\/www.meditonsin.de\/at\/jetzt-kaufen\/#breadcrumb\",\"itemListElement\":[{\"@type\":\"ListItem\",\"position\":1,\"name\":\"Startseite\",\"item\":\"https:\/\/www.meditonsin.de\/at\/\"},{\"@type\":\"ListItem\",\"position\":2,\"name\":\"Jetzt Kaufen\"}]},{\"@type\":\"WebSite\",\"@id\":\"https:\/\/www.meditonsin.de\/at\/#website\",\"url\":\"https:\/\/www.meditonsin.de\/at\/\",\"name\":\"Meditonsin bei Erk\u00e4ltung\",\"description\":\"\",\"potentialAction\":[{\"@type\":\"SearchAction\",\"target\":{\"@type\":\"EntryPoint\",\"urlTemplate\":\"https:\/\/www.meditonsin.de\/at\/?s={search_term_string}\"},\"query-input\":{\"@type\":\"PropertyValueSpecification\",\"valueRequired\":true,\"valueName\":\"search_term_string\"}}],\"inLanguage\":\"de-AT\"}]}<\/script>\n<!-- \/ Yoast SEO plugin. -->","yoast_head_json":{"title":"Jetzt Kaufen | Meditonsin bei Erk\u00e4ltung","description":"Mit wenigen Klicks k\u00f6nnen Sie ganz einfach die gew\u00fcnschten Produkte bei Ihrer Apotheke vorbestellen, abholen oder bequem nach Hause liefern lassen.","robots":{"index":"index","follow":"follow","max-snippet":"max-snippet:-1","max-image-preview":"max-image-preview:large","max-video-preview":"max-video-preview:-1"},"canonical":"https:\/\/www.meditonsin.de\/at\/jetzt-kaufen\/","og_locale":"de_DE","og_type":"article","og_title":"Jetzt Kaufen | Meditonsin bei Erk\u00e4ltung","og_description":"Mit wenigen Klicks k\u00f6nnen Sie ganz einfach die gew\u00fcnschten Produkte bei Ihrer Apotheke vorbestellen, abholen oder bequem nach Hause liefern lassen.","og_url":"https:\/\/www.meditonsin.de\/at\/jetzt-kaufen\/","og_site_name":"Meditonsin bei Erk\u00e4ltung","article_modified_time":"2023-12-21T11:09:33+00:00","twitter_card":"summary_large_image","twitter_misc":{"Gesch\u00e4tzte Lesezeit":"1 Minute"},"schema":{"@context":"https:\/\/schema.org","@graph":[{"@type":"WebPage","@id":"https:\/\/www.meditonsin.de\/at\/jetzt-kaufen\/","url":"https:\/\/www.meditonsin.de\/at\/jetzt-kaufen\/","name":"Jetzt Kaufen | Meditonsin bei Erk\u00e4ltung","isPartOf":{"@id":"https:\/\/www.meditonsin.de\/at\/#website"},"datePublished":"2023-12-07T09:50:55+00:00","dateModified":"2023-12-21T11:09:33+00:00","description":"Mit wenigen Klicks k\u00f6nnen Sie ganz einfach die gew\u00fcnschten Produkte bei Ihrer Apotheke vorbestellen, abholen oder bequem nach Hause liefern lassen.","breadcrumb":{"@id":"https:\/\/www.meditonsin.de\/at\/jetzt-kaufen\/#breadcrumb"},"inLanguage":"de-AT","potentialAction":[{"@type":"ReadAction","target":["https:\/\/www.meditonsin.de\/at\/jetzt-kaufen\/"]}]},{"@type":"BreadcrumbList","@id":"https:\/\/www.meditonsin.de\/at\/jetzt-kaufen\/#breadcrumb","itemListElement":[{"@type":"ListItem","position":1,"name":"Startseite","item":"https:\/\/www.meditonsin.de\/at\/"},{"@type":"ListItem","position":2,"name":"Jetzt Kaufen"}]},{"@type":"WebSite","@id":"https:\/\/www.meditonsin.de\/at\/#website","url":"https:\/\/www.meditonsin.de\/at\/","name":"Meditonsin bei Erk\u00e4ltung","description":"","potentialAction":[{"@type":"SearchAction","target":{"@type":"EntryPoint","urlTemplate":"https:\/\/www.meditonsin.de\/at\/?s={search_term_string}"},"query-input":{"@type":"PropertyValueSpecification","valueRequired":true,"valueName":"search_term_string"}}],"inLanguage":"de-AT"}]}},"lang":"at","translations":{"at":3268},"pll_sync_post":[],"_links":{"self":[{"href":"https:\/\/www.meditonsin.de\/at\/wp-json\/wp\/v2\/pages\/3268","targetHints":{"allow":["GET"]}}],"collection":[{"href":"https:\/\/www.meditonsin.de\/at\/wp-json\/wp\/v2\/pages"}],"about":[{"href":"https:\/\/www.meditonsin.de\/at\/wp-json\/wp\/v2\/types\/page"}],"author":[{"embeddable":true,"href":"https:\/\/www.meditonsin.de\/at\/wp-json\/wp\/v2\/users\/1"}],"replies":[{"embeddable":true,"href":"https:\/\/www.meditonsin.de\/at\/wp-json\/wp\/v2\/comments?post=3268"}],"version-history":[{"count":6,"href":"https:\/\/www.meditonsin.de\/at\/wp-json\/wp\/v2\/pages\/3268\/revisions"}],"predecessor-version":[{"id":3336,"href":"https:\/\/www.meditonsin.de\/at\/wp-json\/wp\/v2\/pages\/3268\/revisions\/3336"}],"wp:attachment":[{"href":"https:\/\/www.meditonsin.de\/at\/wp-json\/wp\/v2\/media?parent=3268"}],"curies":[{"name":"wp","href":"https:\/\/api.w.org\/{rel}","templated":true}]}}